{"id":14598,"date":"2025-07-06T12:01:45","date_gmt":"2025-07-06T05:01:45","guid":{"rendered":"https:\/\/novoscuba.com\/accessibility-statement\/"},"modified":"2025-07-06T12:08:24","modified_gmt":"2025-07-06T05:08:24","slug":"accessibility-statement","status":"publish","type":"page","link":"https:\/\/novoscuba.com\/pl\/accessibility-statement\/","title":{"rendered":"O\u015bwiadczenie o dost\u0119pno\u015bci"},"content":{"rendered":"<h2 class=\"wp-block-heading has-text-align-center\">O\u015bwiadczenie o dost\u0119pno\u015bci dla https:\/\/www.novoscuba.com<\/h2>\n\n\n\n<p><strong>NovoScuba<\/strong> zobowi\u0105zuje si\u0119 do zapewnienia dost\u0119pno\u015bci cyfrowej osobom z niepe\u0142nosprawno\u015bciami. Stale ulepszamy do\u015bwiadczenia u\u017cytkownik\u00f3w i stosujemy odpowiednie standardy dost\u0119pno\u015bci.<\/p>\n\n\n\n<h3 class=\"wp-block-heading\">Status zgodno\u015bci<\/h3>\n\n\n\n<p>Wytyczne dotycz\u0105ce dost\u0119pno\u015bci tre\u015bci internetowych (WCAG) okre\u015blaj\u0105 wymagania dla projektant\u00f3w i programist\u00f3w w zakresie poprawy dost\u0119pno\u015bci dla os\u00f3b z niepe\u0142nosprawno\u015bciami. Definiuj\u0105 trzy poziomy zgodno\u015bci: poziom A, poziom AA i poziom AAA.<\/p>\n\n\n\n<p><strong>NovoScuba<\/strong> podejmuje ci\u0105g\u0142e wysi\u0142ki w celu poprawy dost\u0119pno\u015bci swojej witryny i us\u0142ug, wierz\u0105c, \u017ce naszym zbiorowym obowi\u0105zkiem moralnym jest umo\u017cliwienie osobom niepe\u0142nosprawnym bezproblemowego, dost\u0119pnego i nieograniczonego korzystania z nich.<\/p>\n\n\n\n<p>Naszym celem jest, aby wszystkie strony i tre\u015bci by\u0142y <strong>https:\/\/www.novoscuba.com<\/strong> Dost\u0119pne, ale niekt\u00f3re tre\u015bci mog\u0105 jeszcze nie w pe\u0142ni spe\u0142nia\u0107 najwy\u017csze standardy dost\u0119pno\u015bci. Mo\u017ce to wynika\u0107 z trudno\u015bci w znalezieniu najodpowiedniejszego rozwi\u0105zania technologicznego.<\/p>\n\n\n\n<p>Mo\u017cemy okresowo dokonywa\u0107 przegl\u0105du niniejszego O\u015bwiadczenia w celu odzwierciedlenia ulepsze\u0144 lub zmian w naszych praktykach dotycz\u0105cych dost\u0119pno\u015bci.<\/p>\n\n\n\n<h3 class=\"wp-block-heading\">Informacja zwrotna<\/h3>\n\n\n\n<p>Zapraszamy do przesy\u0142ania opinii na temat dost\u0119pno\u015bci <strong>NovoScuba<\/strong> Strona internetowa. Prosimy o poinformowanie nas, je\u015bli na naszej stronie internetowej napotkasz bariery dost\u0119pno\u015bci:<\/p>\n\n\n\n<p>E-mail: <strong>info@novoscuba.com<\/strong><\/p>\n\n\n\n<p>Staramy si\u0119 odpowiada\u0107 na opinie w ci\u0105gu 3\u20135 dni roboczych.<\/p>\n\n\n\n<p>O\u015bwiadczenie to stworzono dnia 07.06.2025 r. <\/p>\n\n\n\n<p><\/p>","protected":false},"excerpt":{"rendered":"<p>O\u015bwiadczenie o dost\u0119pno\u015bci dla witryny https:\/\/www.novoscuba.com Firma NovoScuba dok\u0142ada wszelkich stara\u0144, aby zapewni\u0107 dost\u0119pno\u015b\u0107 cyfrow\u0105 osobom z niepe\u0142nosprawno\u015bciami. Stale ulepszamy komfort u\u017cytkowania dla wszystkich u\u017cytkownik\u00f3w i\u2026<\/p>","protected":false},"author":2,"featured_media":0,"parent":0,"menu_order":0,"comment_status":"closed","ping_status":"closed","template":"","meta":{"_lat":0,"_lng":0,"_country":"","_entry":"","_max_depth_m":0,"_difficulty":"","pmpro_default_level":"","footnotes":""},"class_list":["post-14598","page","type-page","status-publish","hentry","pmpro-has-access"],"yoast_head":"<!-- This site is optimized with the Yoast SEO plugin v27.4 - https:\/\/yoast.com\/product\/yoast-seo-wordpress\/ -->\n<title>Accessibility statement - NovoScuba<\/title>\n<meta name=\"robots\" content=\"index, follow, max-snippet:-1, max-image-preview:large, max-video-preview:-1\" \/>\n<link rel=\"canonical\" href=\"https:\/\/novoscuba.com\/pl\/accessibility-statement\/\" \/>\n<meta property=\"og:locale\" content=\"pl_PL\" \/>\n<meta property=\"og:type\" content=\"article\" \/>\n<meta property=\"og:title\" content=\"Accessibility statement - NovoScuba\" \/>\n<meta property=\"og:description\" content=\"Accessibility Statement for https:\/\/www.novoscuba.com NovoScuba is committed to ensuring digital accessibility for people with disabilities. We are continually improving the user experience for everyone and&hellip;\" \/>\n<meta property=\"og:url\" content=\"https:\/\/novoscuba.com\/pl\/accessibility-statement\/\" \/>\n<meta property=\"og:site_name\" content=\"NovoScuba\" \/>\n<meta property=\"article:publisher\" content=\"https:\/\/www.facebook.com\/novoscuba\" \/>\n<meta property=\"article:modified_time\" content=\"2025-07-06T05:08:24+00:00\" \/>\n<meta name=\"twitter:card\" content=\"summary_large_image\" \/>\n<meta name=\"twitter:label1\" content=\"Szacowany czas czytania\" \/>\n\t<meta name=\"twitter:data1\" content=\"1 minuta\" \/>\n<script type=\"application\/ld+json\" class=\"yoast-schema-graph\">{\"@context\":\"https:\\\/\\\/schema.org\",\"@graph\":[{\"@type\":\"WebPage\",\"@id\":\"https:\\\/\\\/novoscuba.com\\\/accessibility-statement\\\/\",\"url\":\"https:\\\/\\\/novoscuba.com\\\/accessibility-statement\\\/\",\"name\":\"Accessibility statement - NovoScuba\",\"isPartOf\":{\"@id\":\"https:\\\/\\\/novoscuba.com\\\/en_gb\\\/#website\"},\"datePublished\":\"2025-07-06T05:01:45+00:00\",\"dateModified\":\"2025-07-06T05:08:24+00:00\",\"breadcrumb\":{\"@id\":\"https:\\\/\\\/novoscuba.com\\\/accessibility-statement\\\/#breadcrumb\"},\"inLanguage\":\"pl-PL\",\"potentialAction\":[{\"@type\":\"ReadAction\",\"target\":[\"https:\\\/\\\/novoscuba.com\\\/accessibility-statement\\\/\"]}]},{\"@type\":\"BreadcrumbList\",\"@id\":\"https:\\\/\\\/novoscuba.com\\\/accessibility-statement\\\/#breadcrumb\",\"itemListElement\":[{\"@type\":\"ListItem\",\"position\":1,\"name\":\"Home\",\"item\":\"https:\\\/\\\/novoscuba.com\\\/\"},{\"@type\":\"ListItem\",\"position\":2,\"name\":\"Accessibility statement\"}]},{\"@type\":\"WebSite\",\"@id\":\"https:\\\/\\\/novoscuba.com\\\/en_gb\\\/#website\",\"url\":\"https:\\\/\\\/novoscuba.com\\\/en_gb\\\/\",\"name\":\"NovoScuba\",\"description\":\"Scuba Diving Redefined\",\"publisher\":{\"@id\":\"https:\\\/\\\/novoscuba.com\\\/en_gb\\\/#organization\"},\"potentialAction\":[{\"@type\":\"SearchAction\",\"target\":{\"@type\":\"EntryPoint\",\"urlTemplate\":\"https:\\\/\\\/novoscuba.com\\\/en_gb\\\/?s={search_term_string}\"},\"query-input\":{\"@type\":\"PropertyValueSpecification\",\"valueRequired\":true,\"valueName\":\"search_term_string\"}}],\"inLanguage\":\"pl-PL\"},{\"@type\":\"Organization\",\"@id\":\"https:\\\/\\\/novoscuba.com\\\/en_gb\\\/#organization\",\"name\":\"NovoScuba\",\"url\":\"https:\\\/\\\/novoscuba.com\\\/en_gb\\\/\",\"logo\":{\"@type\":\"ImageObject\",\"inLanguage\":\"pl-PL\",\"@id\":\"https:\\\/\\\/novoscuba.com\\\/en_gb\\\/#\\\/schema\\\/logo\\\/image\\\/\",\"url\":\"https:\\\/\\\/novoscuba.com\\\/wp-content\\\/uploads\\\/2025\\\/05\\\/NovoScuba-Logo_Dark-scaled.jpg\",\"contentUrl\":\"https:\\\/\\\/novoscuba.com\\\/wp-content\\\/uploads\\\/2025\\\/05\\\/NovoScuba-Logo_Dark-scaled.jpg\",\"width\":2560,\"height\":877,\"caption\":\"NovoScuba\"},\"image\":{\"@id\":\"https:\\\/\\\/novoscuba.com\\\/en_gb\\\/#\\\/schema\\\/logo\\\/image\\\/\"},\"sameAs\":[\"https:\\\/\\\/www.facebook.com\\\/novoscuba\"]}]}<\/script>\n<!-- \/ Yoast SEO plugin. -->","yoast_head_json":{"title":"O\u015bwiadczenie o dost\u0119pno\u015bci \u2013 NovoScuba","robots":{"index":"index","follow":"follow","max-snippet":"max-snippet:-1","max-image-preview":"max-image-preview:large","max-video-preview":"max-video-preview:-1"},"canonical":"https:\/\/novoscuba.com\/pl\/accessibility-statement\/","og_locale":"pl_PL","og_type":"article","og_title":"Accessibility statement - NovoScuba","og_description":"Accessibility Statement for https:\/\/www.novoscuba.com NovoScuba is committed to ensuring digital accessibility for people with disabilities. We are continually improving the user experience for everyone and&hellip;","og_url":"https:\/\/novoscuba.com\/pl\/accessibility-statement\/","og_site_name":"NovoScuba","article_publisher":"https:\/\/www.facebook.com\/novoscuba","article_modified_time":"2025-07-06T05:08:24+00:00","twitter_card":"summary_large_image","twitter_misc":{"Szacowany czas czytania":"1 minuta"},"schema":{"@context":"https:\/\/schema.org","@graph":[{"@type":"WebPage","@id":"https:\/\/novoscuba.com\/accessibility-statement\/","url":"https:\/\/novoscuba.com\/accessibility-statement\/","name":"O\u015bwiadczenie o dost\u0119pno\u015bci \u2013 NovoScuba","isPartOf":{"@id":"https:\/\/novoscuba.com\/en_gb\/#website"},"datePublished":"2025-07-06T05:01:45+00:00","dateModified":"2025-07-06T05:08:24+00:00","breadcrumb":{"@id":"https:\/\/novoscuba.com\/accessibility-statement\/#breadcrumb"},"inLanguage":"pl-PL","potentialAction":[{"@type":"ReadAction","target":["https:\/\/novoscuba.com\/accessibility-statement\/"]}]},{"@type":"BreadcrumbList","@id":"https:\/\/novoscuba.com\/accessibility-statement\/#breadcrumb","itemListElement":[{"@type":"ListItem","position":1,"name":"Home","item":"https:\/\/novoscuba.com\/"},{"@type":"ListItem","position":2,"name":"Accessibility statement"}]},{"@type":"WebSite","@id":"https:\/\/novoscuba.com\/en_gb\/#website","url":"https:\/\/novoscuba.com\/en_gb\/","name":"NovoScuba","description":"Nurkowanie zdefiniowane na nowo","publisher":{"@id":"https:\/\/novoscuba.com\/en_gb\/#organization"},"potentialAction":[{"@type":"SearchAction","target":{"@type":"EntryPoint","urlTemplate":"https:\/\/novoscuba.com\/en_gb\/?s={search_term_string}"},"query-input":{"@type":"PropertyValueSpecification","valueRequired":true,"valueName":"search_term_string"}}],"inLanguage":"pl-PL"},{"@type":"Organization","@id":"https:\/\/novoscuba.com\/en_gb\/#organization","name":"NovoScuba","url":"https:\/\/novoscuba.com\/en_gb\/","logo":{"@type":"ImageObject","inLanguage":"pl-PL","@id":"https:\/\/novoscuba.com\/en_gb\/#\/schema\/logo\/image\/","url":"https:\/\/novoscuba.com\/wp-content\/uploads\/2025\/05\/NovoScuba-Logo_Dark-scaled.jpg","contentUrl":"https:\/\/novoscuba.com\/wp-content\/uploads\/2025\/05\/NovoScuba-Logo_Dark-scaled.jpg","width":2560,"height":877,"caption":"NovoScuba"},"image":{"@id":"https:\/\/novoscuba.com\/en_gb\/#\/schema\/logo\/image\/"},"sameAs":["https:\/\/www.facebook.com\/novoscuba"]}]}},"_links":{"self":[{"href":"https:\/\/novoscuba.com\/pl\/wp-json\/wp\/v2\/pages\/14598","targetHints":{"allow":["GET"]}}],"collection":[{"href":"https:\/\/novoscuba.com\/pl\/wp-json\/wp\/v2\/pages"}],"about":[{"href":"https:\/\/novoscuba.com\/pl\/wp-json\/wp\/v2\/types\/page"}],"author":[{"embeddable":true,"href":"https:\/\/novoscuba.com\/pl\/wp-json\/wp\/v2\/users\/2"}],"replies":[{"embeddable":true,"href":"https:\/\/novoscuba.com\/pl\/wp-json\/wp\/v2\/comments?post=14598"}],"version-history":[{"count":2,"href":"https:\/\/novoscuba.com\/pl\/wp-json\/wp\/v2\/pages\/14598\/revisions"}],"predecessor-version":[{"id":14604,"href":"https:\/\/novoscuba.com\/pl\/wp-json\/wp\/v2\/pages\/14598\/revisions\/14604"}],"wp:attachment":[{"href":"https:\/\/novoscuba.com\/pl\/wp-json\/wp\/v2\/media?parent=14598"}],"curies":[{"name":"wp","href":"https:\/\/api.w.org\/{rel}","templated":true}]}}