{"id":6685,"date":"2023-08-15T02:14:32","date_gmt":"2023-08-15T02:14:32","guid":{"rendered":"https:\/\/novoscuba.com\/community-guidelines-5-2\/"},"modified":"2025-06-21T22:30:46","modified_gmt":"2025-06-21T15:30:46","slug":"community-guidelines","status":"publish","type":"page","link":"https:\/\/novoscuba.com\/nb\/community-guidelines\/","title":{"rendered":"Fellesskapets retningslinjer"},"content":{"rendered":"<div data-elementor-type=\"wp-page\" data-elementor-id=\"6685\" class=\"elementor elementor-6685\" data-elementor-post-type=\"page\">\n\t\t\t\t<div class=\"elementor-element elementor-element-705349c3 e-flex e-con-boxed e-con e-parent\" data-id=\"705349c3\" data-element_type=\"container\" data-e-type=\"container\">\n\t\t\t\t\t<div class=\"e-con-inner\">\n\t\t\t\t<div class=\"elementor-element elementor-element-52a35198 elementor-widget elementor-widget-text-editor\" data-id=\"52a35198\" data-element_type=\"widget\" data-e-type=\"widget\" data-widget_type=\"text-editor.default\">\n\t\t\t\t<div class=\"elementor-widget-container\">\n\t\t\t\t\t\t\t\t\t<h3>Hallo der!<\/h3><p>Velkommen til det utrolige NovoScuba-fellesskapet! Vi er glade for \u00e5 ha deg med i en gruppe lidenskapelige dykkere som deler din umettelige nysgjerrighet og \u00f8nske om \u00e5 utforske den fantastiske undervannsverdenen.<\/p><h3>NovoScuba-fellesskapet<\/h3><p>Ditt medlemskap markerer starten p\u00e5 en styrkende reise full av muligheter til \u00e5 utvide dine ferdigheter og erfaring. Her hos NovoScuba streber vi etter \u00e5 dyrke et fellesskap som verdsetter innovasjon, besluttsomhet og samarbeids\u00e5nd. Med ditt eksepsjonelle talent, innovative ideer og grensel\u00f8se energi har vi ingen grenser for hva vi kan oppn\u00e5 sammen. La oss gripe enhver mulighet til \u00e5 ta fatt p\u00e5 nye utfordringer, dykke ned i det ukjente og gj\u00f8re ambisjoner til virkelighet. Vi er sikre p\u00e5 at ditt engasjement og bidrag til fellesskapet v\u00e5rt vil sette standarden for storhet. Gj\u00f8r deg klar til \u00e5 skape b\u00f8lger og bringe hjem uforglemmelige minner. Velkommen om bord!<\/p><h3>V\u00e6r nysgjerrig<\/h3><p>Dette er et sted hvor du kan hjelpe andre og finne andre som inspirerer deg til \u00e5 vokse. \u00c5 v\u00e6re nysgjerrig betyr \u00e5 stille sp\u00f8rsm\u00e5l, v\u00e6re ressurssterk og pr\u00f8ve \u00e5 finne svar p\u00e5 egenh\u00e5nd, gi tilbakemeldinger gjennom de riktige kanalene og kontinuerlig l\u00e6re.<\/p><h3>V\u00e6r snill<\/h3><p>La oss sammen bygge et milj\u00f8 der alle f\u00f8ler seg trygge og velkomne ved \u00e5 holde tonen positiv og kommentarene konstruktive. Forst\u00e5 at dette er et globalt fellesskap som best\u00e5r av mennesker fra forskjellige land med forskjellige perspektiver, bakgrunner, kulturer og erfaringsniv\u00e5er.<\/p><h3>V\u00e6r hjelpsom<\/h3><p>Vit at dette er et sted hvor alle l\u00e6rer i sitt eget tempo, og husk hvordan du \u00f8nsker \u00e5 bidra f\u00f8r du legger ut innlegg. Del gjerne utfordringene dine, svar p\u00e5 sp\u00f8rsm\u00e5l, st\u00f8tt andre, gi nyttige ressurser, start diskusjoner og bygg forbindelser.<\/p><h2>Fellesskapsregler<\/h2><p>Selv om vi oppfordrer til \u00e5 dele dine tanker og meninger, m\u00e5 du gj\u00f8re det med respekt og vurdere hvordan ordene dine kan p\u00e5virke andre.<\/p><p>V\u00e6r snill og respektfull<\/p><p>La oss sammen bygge et positivt og im\u00f8tekommende milj\u00f8 der alle f\u00f8ler seg trygge p\u00e5 \u00e5 dele ideer, tanker og tilbakemeldinger. La oss v\u00e6re st\u00f8ttende, respektere individuelle meninger og rapportere upassende innlegg om n\u00f8dvendig.<\/p><p>Gi mer enn du tar \u2013 ingen foresp\u00f8rsler<\/p><p>Dette inkluderer egenpromotering, uoppfordrede direktemeldinger, spamming, utgivelse av instrukt\u00f8rer eller administratorer, og alt salg forkledd som innhold eller hjelpeinnlegg med det form\u00e5l \u00e5 generere potensielle kunder. Denne typen innlegg vil bli fjernet for \u00e5 sikre at vi holder fokus p\u00e5 meningsfulle diskusjoner.<\/p><p>Nulltoleranse for trakassering<\/p><p>Du b\u00f8r respektfullt utfordre ideer, men aldri angripe en person direkte. Alle innlegg, kommentarer eller direktemeldinger til medlemmer eller administratorer som er upassende, frekke eller aggressive, vil bli fjernet umiddelbart. Dette inkluderer innlegg som sprer feilinformasjon og er forstyrrende for gruppen.<\/p><p>V\u00e6r relevant \u2013 vi er her for \u00e5 l\u00e6re<\/p><p>M\u00e5let med dette fellesskapet er \u00e5 hjelpe deg med l\u00e6ringen din med kurs p\u00e5 dette nettstedet. Markedsf\u00f8ring av andre kurs eller produkter som ikke er relevante for dette l\u00e6ringsm\u00e5let vil bli slettet.<\/p><h3>Brudd p\u00e5 v\u00e5re retningslinjer for fellesskapet<\/h3><p>Hvis du opplever eller er vitne til oppf\u00f8rsel som strider mot v\u00e5re retningslinjer for fellesskapet, kan du kontakte oss via e-post <a href=\"mailto:community@novoscuba.com\">community@novoscuba.com<\/a>Vi respekterer personvernet ditt, og alle e-postrapporter behandles konfidensielt.<\/p><p>I de fleste tilfeller vil det bli gitt en advarsel, og avhengig av alvorlighetsgraden av oppf\u00f8rselen kan medlemmet bli fjernet fra gruppen.<\/p><p>Vi verdsetter konstruktive samtaler og har ikke til hensikt \u00e5 slette innlegg eller kommentarer med mindre vi finner ut at de er i direkte motstrid med disse retningslinjene. Dette er etter administratorene v\u00e5re, og vi er alltid tilgjengelige for \u00e5 diskutere videre med deg hvis du har sp\u00f8rsm\u00e5l eller f\u00f8ler deg usikker p\u00e5 dine egne innlegg eller andres.<\/p><p>Vi gleder oss s\u00e5 mye til \u00e5 ha deg her og til \u00e5 v\u00e6re en del av dykkerreisen din!<\/p>\t\t\t\t\t\t\t\t<\/div>\n\t\t\t\t<\/div>\n\t\t\t\t\t<\/div>\n\t\t\t\t<\/div>\n\t\t\t\t<\/div>","protected":false},"excerpt":{"rendered":"<p>Hallo der! Velkommen til det utrolige NovoScuba-fellesskapet! Vi er glade for \u00e5 ha deg med i en gruppe lidenskapelige dykkere som deler dine umettelige\u2026<\/p>","protected":false},"author":2,"featured_media":6686,"parent":0,"menu_order":0,"comment_status":"open","ping_status":"closed","template":"","meta":{"_lat":0,"_lng":0,"_country":"","_entry":"","_max_depth_m":0,"_difficulty":"","pmpro_default_level":"","footnotes":""},"class_list":["post-6685","page","type-page","status-publish","has-post-thumbnail","hentry","pmpro-has-access"],"yoast_head":"<!-- This site is optimized with the Yoast SEO plugin v27.4 - https:\/\/yoast.com\/product\/yoast-seo-wordpress\/ -->\n<title>Community Guidelines - NovoScuba<\/title>\n<meta name=\"robots\" content=\"index, follow, max-snippet:-1, max-image-preview:large, max-video-preview:-1\" \/>\n<link rel=\"canonical\" href=\"https:\/\/novoscuba.com\/nb\/community-guidelines\/\" \/>\n<meta property=\"og:locale\" content=\"nb_NO\" \/>\n<meta property=\"og:type\" content=\"article\" \/>\n<meta property=\"og:title\" content=\"Community Guidelines - NovoScuba\" \/>\n<meta property=\"og:description\" content=\"Hello there! Welcome to the incredible NovoScuba Community! We are thrilled to have you join a group of passionate scuba divers who share your insatiable&hellip;\" \/>\n<meta property=\"og:url\" content=\"https:\/\/novoscuba.com\/nb\/community-guidelines\/\" \/>\n<meta property=\"og:site_name\" content=\"NovoScuba\" \/>\n<meta property=\"article:publisher\" content=\"https:\/\/www.facebook.com\/novoscuba\" \/>\n<meta property=\"article:modified_time\" content=\"2025-06-21T15:30:46+00:00\" \/>\n<meta property=\"og:image\" content=\"http:\/\/cdn.novoscuba.com\/media\/2025\/05\/AdobeStock_457310377-scaled-1.webp\" \/>\n\t<meta property=\"og:image:width\" content=\"1920\" \/>\n\t<meta property=\"og:image:height\" content=\"1277\" \/>\n\t<meta property=\"og:image:type\" content=\"image\/webp\" \/>\n<meta name=\"twitter:card\" content=\"summary_large_image\" \/>\n<meta name=\"twitter:label1\" content=\"Ansl. lesetid\" \/>\n\t<meta name=\"twitter:data1\" content=\"3 minutter\" \/>\n<script type=\"application\/ld+json\" class=\"yoast-schema-graph\">{\"@context\":\"https:\\\/\\\/schema.org\",\"@graph\":[{\"@type\":\"WebPage\",\"@id\":\"https:\\\/\\\/novoscuba.com\\\/community-guidelines\\\/\",\"url\":\"https:\\\/\\\/novoscuba.com\\\/community-guidelines\\\/\",\"name\":\"Community Guidelines - NovoScuba\",\"isPartOf\":{\"@id\":\"https:\\\/\\\/novoscuba.com\\\/en_gb\\\/#website\"},\"primaryImageOfPage\":{\"@id\":\"https:\\\/\\\/novoscuba.com\\\/community-guidelines\\\/#primaryimage\"},\"image\":{\"@id\":\"https:\\\/\\\/novoscuba.com\\\/community-guidelines\\\/#primaryimage\"},\"thumbnailUrl\":\"https:\\\/\\\/novoscuba.com\\\/wp-content\\\/uploads\\\/2025\\\/05\\\/AdobeStock_457310377-scaled-1.webp\",\"datePublished\":\"2023-08-15T02:14:32+00:00\",\"dateModified\":\"2025-06-21T15:30:46+00:00\",\"breadcrumb\":{\"@id\":\"https:\\\/\\\/novoscuba.com\\\/community-guidelines\\\/#breadcrumb\"},\"inLanguage\":\"nb-NO\",\"potentialAction\":[{\"@type\":\"ReadAction\",\"target\":[\"https:\\\/\\\/novoscuba.com\\\/community-guidelines\\\/\"]}]},{\"@type\":\"ImageObject\",\"inLanguage\":\"nb-NO\",\"@id\":\"https:\\\/\\\/novoscuba.com\\\/community-guidelines\\\/#primaryimage\",\"url\":\"https:\\\/\\\/novoscuba.com\\\/wp-content\\\/uploads\\\/2025\\\/05\\\/AdobeStock_457310377-scaled-1.webp\",\"contentUrl\":\"https:\\\/\\\/novoscuba.com\\\/wp-content\\\/uploads\\\/2025\\\/05\\\/AdobeStock_457310377-scaled-1.webp\",\"width\":1920,\"height\":1277},{\"@type\":\"BreadcrumbList\",\"@id\":\"https:\\\/\\\/novoscuba.com\\\/community-guidelines\\\/#breadcrumb\",\"itemListElement\":[{\"@type\":\"ListItem\",\"position\":1,\"name\":\"Home\",\"item\":\"https:\\\/\\\/novoscuba.com\\\/\"},{\"@type\":\"ListItem\",\"position\":2,\"name\":\"Community Guidelines\"}]},{\"@type\":\"WebSite\",\"@id\":\"https:\\\/\\\/novoscuba.com\\\/en_gb\\\/#website\",\"url\":\"https:\\\/\\\/novoscuba.com\\\/en_gb\\\/\",\"name\":\"NovoScuba\",\"description\":\"Scuba Diving Redefined\",\"publisher\":{\"@id\":\"https:\\\/\\\/novoscuba.com\\\/en_gb\\\/#organization\"},\"potentialAction\":[{\"@type\":\"SearchAction\",\"target\":{\"@type\":\"EntryPoint\",\"urlTemplate\":\"https:\\\/\\\/novoscuba.com\\\/en_gb\\\/?s={search_term_string}\"},\"query-input\":{\"@type\":\"PropertyValueSpecification\",\"valueRequired\":true,\"valueName\":\"search_term_string\"}}],\"inLanguage\":\"nb-NO\"},{\"@type\":\"Organization\",\"@id\":\"https:\\\/\\\/novoscuba.com\\\/en_gb\\\/#organization\",\"name\":\"NovoScuba\",\"url\":\"https:\\\/\\\/novoscuba.com\\\/en_gb\\\/\",\"logo\":{\"@type\":\"ImageObject\",\"inLanguage\":\"nb-NO\",\"@id\":\"https:\\\/\\\/novoscuba.com\\\/en_gb\\\/#\\\/schema\\\/logo\\\/image\\\/\",\"url\":\"https:\\\/\\\/novoscuba.com\\\/wp-content\\\/uploads\\\/2025\\\/05\\\/NovoScuba-Logo_Dark-scaled.jpg\",\"contentUrl\":\"https:\\\/\\\/novoscuba.com\\\/wp-content\\\/uploads\\\/2025\\\/05\\\/NovoScuba-Logo_Dark-scaled.jpg\",\"width\":2560,\"height\":877,\"caption\":\"NovoScuba\"},\"image\":{\"@id\":\"https:\\\/\\\/novoscuba.com\\\/en_gb\\\/#\\\/schema\\\/logo\\\/image\\\/\"},\"sameAs\":[\"https:\\\/\\\/www.facebook.com\\\/novoscuba\"]}]}<\/script>\n<!-- \/ Yoast SEO plugin. -->","yoast_head_json":{"title":"Retningslinjer for fellesskapet \u2013 NovoScuba","robots":{"index":"index","follow":"follow","max-snippet":"max-snippet:-1","max-image-preview":"max-image-preview:large","max-video-preview":"max-video-preview:-1"},"canonical":"https:\/\/novoscuba.com\/nb\/community-guidelines\/","og_locale":"nb_NO","og_type":"article","og_title":"Community Guidelines - NovoScuba","og_description":"Hello there! Welcome to the incredible NovoScuba Community! We are thrilled to have you join a group of passionate scuba divers who share your insatiable&hellip;","og_url":"https:\/\/novoscuba.com\/nb\/community-guidelines\/","og_site_name":"NovoScuba","article_publisher":"https:\/\/www.facebook.com\/novoscuba","article_modified_time":"2025-06-21T15:30:46+00:00","og_image":[{"width":1920,"height":1277,"url":"cdn.novoscuba.com\/media\/2025\/05\/AdobeStock_457310377-scaled-1.webp","type":"image\/webp"}],"twitter_card":"summary_large_image","twitter_misc":{"Ansl. lesetid":"3 minutter"},"schema":{"@context":"https:\/\/schema.org","@graph":[{"@type":"WebPage","@id":"https:\/\/novoscuba.com\/community-guidelines\/","url":"https:\/\/novoscuba.com\/community-guidelines\/","name":"Retningslinjer for fellesskapet \u2013 NovoScuba","isPartOf":{"@id":"https:\/\/novoscuba.com\/en_gb\/#website"},"primaryImageOfPage":{"@id":"https:\/\/novoscuba.com\/community-guidelines\/#primaryimage"},"image":{"@id":"https:\/\/novoscuba.com\/community-guidelines\/#primaryimage"},"thumbnailUrl":"https:\/\/novoscuba.com\/wp-content\/uploads\/2025\/05\/AdobeStock_457310377-scaled-1.webp","datePublished":"2023-08-15T02:14:32+00:00","dateModified":"2025-06-21T15:30:46+00:00","breadcrumb":{"@id":"https:\/\/novoscuba.com\/community-guidelines\/#breadcrumb"},"inLanguage":"nb-NO","potentialAction":[{"@type":"ReadAction","target":["https:\/\/novoscuba.com\/community-guidelines\/"]}]},{"@type":"ImageObject","inLanguage":"nb-NO","@id":"https:\/\/novoscuba.com\/community-guidelines\/#primaryimage","url":"https:\/\/novoscuba.com\/wp-content\/uploads\/2025\/05\/AdobeStock_457310377-scaled-1.webp","contentUrl":"https:\/\/novoscuba.com\/wp-content\/uploads\/2025\/05\/AdobeStock_457310377-scaled-1.webp","width":1920,"height":1277},{"@type":"BreadcrumbList","@id":"https:\/\/novoscuba.com\/community-guidelines\/#breadcrumb","itemListElement":[{"@type":"ListItem","position":1,"name":"Home","item":"https:\/\/novoscuba.com\/"},{"@type":"ListItem","position":2,"name":"Community Guidelines"}]},{"@type":"WebSite","@id":"https:\/\/novoscuba.com\/en_gb\/#website","url":"https:\/\/novoscuba.com\/en_gb\/","name":"NovoScuba","description":"Dykking omdefinert","publisher":{"@id":"https:\/\/novoscuba.com\/en_gb\/#organization"},"potentialAction":[{"@type":"SearchAction","target":{"@type":"EntryPoint","urlTemplate":"https:\/\/novoscuba.com\/en_gb\/?s={search_term_string}"},"query-input":{"@type":"PropertyValueSpecification","valueRequired":true,"valueName":"search_term_string"}}],"inLanguage":"nb-NO"},{"@type":"Organization","@id":"https:\/\/novoscuba.com\/en_gb\/#organization","name":"NovoScuba","url":"https:\/\/novoscuba.com\/en_gb\/","logo":{"@type":"ImageObject","inLanguage":"nb-NO","@id":"https:\/\/novoscuba.com\/en_gb\/#\/schema\/logo\/image\/","url":"https:\/\/novoscuba.com\/wp-content\/uploads\/2025\/05\/NovoScuba-Logo_Dark-scaled.jpg","contentUrl":"https:\/\/novoscuba.com\/wp-content\/uploads\/2025\/05\/NovoScuba-Logo_Dark-scaled.jpg","width":2560,"height":877,"caption":"NovoScuba"},"image":{"@id":"https:\/\/novoscuba.com\/en_gb\/#\/schema\/logo\/image\/"},"sameAs":["https:\/\/www.facebook.com\/novoscuba"]}]}},"_links":{"self":[{"href":"https:\/\/novoscuba.com\/nb\/wp-json\/wp\/v2\/pages\/6685","targetHints":{"allow":["GET"]}}],"collection":[{"href":"https:\/\/novoscuba.com\/nb\/wp-json\/wp\/v2\/pages"}],"about":[{"href":"https:\/\/novoscuba.com\/nb\/wp-json\/wp\/v2\/types\/page"}],"author":[{"embeddable":true,"href":"https:\/\/novoscuba.com\/nb\/wp-json\/wp\/v2\/users\/2"}],"replies":[{"embeddable":true,"href":"https:\/\/novoscuba.com\/nb\/wp-json\/wp\/v2\/comments?post=6685"}],"version-history":[{"count":10,"href":"https:\/\/novoscuba.com\/nb\/wp-json\/wp\/v2\/pages\/6685\/revisions"}],"predecessor-version":[{"id":13292,"href":"https:\/\/novoscuba.com\/nb\/wp-json\/wp\/v2\/pages\/6685\/revisions\/13292"}],"wp:featuredmedia":[{"embeddable":true,"href":"https:\/\/novoscuba.com\/nb\/wp-json\/wp\/v2\/media\/6686"}],"wp:attachment":[{"href":"https:\/\/novoscuba.com\/nb\/wp-json\/wp\/v2\/media?parent=6685"}],"curies":[{"name":"wp","href":"https:\/\/api.w.org\/{rel}","templated":true}]}}