{"id":10595,"date":"2024-05-01T13:57:47","date_gmt":"2024-05-01T13:57:47","guid":{"rendered":"https:\/\/novoscuba.com\/novoscuba-membership\/"},"modified":"2025-05-24T06:14:35","modified_gmt":"2025-05-24T06:14:35","slug":"novoscuba-membership","status":"publish","type":"page","link":"https:\/\/novoscuba.com\/nb\/novoscuba-membership\/","title":{"rendered":"NovoScuba-medlemskap"},"content":{"rendered":"<h1>Dykker<br \/>Oppl\u00e6ring <br \/>Omdefinert<\/h1>\n<p>\t\t\t<a href=\"https:\/\/novoscuba.com\/nb\/register\/free\/\"><br \/>\n\t\t\t\t\t\t\t\t\tKom i gang<br \/>\n\t\t\t\t\t<\/a><\/p>\n<p>Er du allerede abonnent?<\/p>\n<p>2.15.1.0<br \/>\n\t\t\t<a href=\"\/wp-login.php\"><br \/>\n\t\t\t\t\t\t\t\t\tLogg inn<br \/>\n\t\t\t\t\t<\/a><br \/>\n\t\t\t\t\t\t\t\t\t\t\t\t\t<img loading=\"lazy\" decoding=\"async\" width=\"1200\" height=\"971\" src=\"https:\/\/novoscuba.com\/wp-content\/uploads\/2025\/05\/Course-Grid.webp\" alt=\"\" srcset=\"https:\/\/novoscuba.com\/wp-content\/uploads\/2025\/05\/Course-Grid.webp 1200w, https:\/\/novoscuba.com\/wp-content\/uploads\/2025\/05\/Course-Grid-300x243.webp 300w, https:\/\/novoscuba.com\/wp-content\/uploads\/2025\/05\/Course-Grid-1024x829.webp 1024w, https:\/\/novoscuba.com\/wp-content\/uploads\/2025\/05\/Course-Grid-768x621.webp 768w, https:\/\/novoscuba.com\/wp-content\/uploads\/2025\/05\/Course-Grid-360x291.webp 360w, https:\/\/novoscuba.com\/wp-content\/uploads\/2025\/05\/Course-Grid-624x505.webp 624w, https:\/\/novoscuba.com\/wp-content\/uploads\/2025\/05\/Course-Grid.webp 40w, https:\/\/novoscuba.com\/wp-content\/uploads\/2025\/05\/Course-Grid.webp 50w, https:\/\/novoscuba.com\/wp-content\/uploads\/2025\/05\/Course-Grid.webp 100w, https:\/\/novoscuba.com\/wp-content\/uploads\/2025\/05\/Course-Grid.webp 600w\" sizes=\"auto, (max-width: 1200px) 100vw, 1200px\" \/>\t\t\t\t\t\t\t\t\t\t\t\t\t<\/p>\n<p>Kurs<\/p>\n<h2>F\u00e5 tilgang til alle v\u00e5re fritidsdykkerkurs<\/h2>\n<p>Hvorfor betale dyre priser per kurs? Med NovoScuba f\u00e5r du tilgang til alle v\u00e5re e-l\u00e6ringskurs for bare \u00e9n lav m\u00e5nedlig abonnementsavgift*. S\u00e5 enten du er helt ny innen dykking eller \u00f8nsker \u00e5 forbedre ferdighetene dine, har vi det du trenger.<\/p>\n<p>*ekskluderer profesjonelle kurs<\/p>\n<h2>Dive Pro?<\/h2>\n<p>Sjekk ut fordelene med NovoScuba-medlemskap for dykkeproffer og butikker<\/p>\n<p>\t\t\t<a href=\"https:\/\/novoscuba.com\/nb\/novoscuba-for-dive-pros-and-stores\/\"><br \/>\n\t\t\t\t\t\t\t\t\tFinn ut mer om dette<br \/>\n\t\t\t\t\t<\/a><\/p>\n<p>DiveConnect<\/p>\n<h2>Fellesskapet<\/h2>\n<p>Dykk ned i det livlige DiveConnect-fellesskapet, ditt knutepunkt for \u00e5 komme i kontakt med andre entusiaster og eksperter! Enten du er ute etter \u00e5 utveksle historier, s\u00f8ke r\u00e5d eller dele dine siste undervannseventyr, er forumene v\u00e5re fulle av aktivitet.<\/p>\n<p>\u00a0<\/p>\n<p>\t\t\t\t\t\t\t\t\t\t\t\t\t<img loading=\"lazy\" decoding=\"async\" width=\"1200\" height=\"800\" src=\"https:\/\/novoscuba.com\/wp-content\/uploads\/2025\/05\/Friends.webp\" alt=\"\" srcset=\"https:\/\/novoscuba.com\/wp-content\/uploads\/2025\/05\/Friends.webp 1200w, https:\/\/novoscuba.com\/wp-content\/uploads\/2025\/05\/Friends-300x200.webp 300w, https:\/\/novoscuba.com\/wp-content\/uploads\/2025\/05\/Friends-1024x683.webp 1024w, https:\/\/novoscuba.com\/wp-content\/uploads\/2025\/05\/Friends-768x512.webp 768w, https:\/\/novoscuba.com\/wp-content\/uploads\/2025\/05\/Friends-360x240.webp 360w, https:\/\/novoscuba.com\/wp-content\/uploads\/2025\/05\/Friends-624x416.webp 624w, https:\/\/novoscuba.com\/wp-content\/uploads\/2025\/05\/Friends.webp 40w, https:\/\/novoscuba.com\/wp-content\/uploads\/2025\/05\/Friends.webp 50w, https:\/\/novoscuba.com\/wp-content\/uploads\/2025\/05\/Friends.webp 100w, https:\/\/novoscuba.com\/wp-content\/uploads\/2025\/05\/Friends.webp 600w\" sizes=\"auto, (max-width: 1200px) 100vw, 1200px\" \/><br \/>\n\t\t\t\t\t\t\t\t\t\t\t\t\t<img loading=\"lazy\" decoding=\"async\" width=\"924\" height=\"580\" src=\"https:\/\/novoscuba.com\/wp-content\/uploads\/2025\/05\/NovoScuba-Laptop.webp\" alt=\"\" srcset=\"https:\/\/novoscuba.com\/wp-content\/uploads\/2025\/05\/NovoScuba-Laptop.webp 924w, https:\/\/novoscuba.com\/wp-content\/uploads\/2025\/05\/NovoScuba-Laptop-300x188.webp 300w, https:\/\/novoscuba.com\/wp-content\/uploads\/2025\/05\/NovoScuba-Laptop-768x482.webp 768w, https:\/\/novoscuba.com\/wp-content\/uploads\/2025\/05\/NovoScuba-Laptop-360x226.webp 360w, https:\/\/novoscuba.com\/wp-content\/uploads\/2025\/05\/NovoScuba-Laptop-624x392.webp 624w, https:\/\/novoscuba.com\/wp-content\/uploads\/2025\/05\/NovoScuba-Laptop.webp 40w, https:\/\/novoscuba.com\/wp-content\/uploads\/2025\/05\/NovoScuba-Laptop.webp 50w, https:\/\/novoscuba.com\/wp-content\/uploads\/2025\/05\/NovoScuba-Laptop.webp 100w, https:\/\/novoscuba.com\/wp-content\/uploads\/2025\/05\/NovoScuba-Laptop.webp 600w\" sizes=\"auto, (max-width: 924px) 100vw, 924px\" \/>\t\t\t\t\t\t\t\t\t\t\t\t\t<\/p>\n<p>DiveConnect<\/p>\n<h2>Webinarer<\/h2>\n<p>Men det er ikke alt - du kan forbedre ferdighetene og kunnskapen din ved \u00e5 delta p\u00e5 v\u00e5re informative webinarer<\/p>\n<p>Med DiveConnect utforsker du ikke bare dypet, du knytter ogs\u00e5 dypere forbindelser. Bli med i dag og begynn \u00e5 lage b\u00f8lger p\u00e5 dykkerreisen din!<\/p>\n<h2>Registrer deg i dag!<\/h2>\n<p>M\u00e5nedlig<\/p>\n<p>\u00c5rlig<\/p>\n<p>2.15.1.0\t\t<\/p>\n<h2>NovoScuba-standarden<\/h2>\n<h2>GRATIS<\/h2>\n<ul>\n<li>\n\t\t\t\t\t\t\t\t\t\tDykkekamerater\n\t\t\t\t\t\t\t\t\t<\/li>\n<li>\n\t\t\t\t\t\t\t\t\t\tIntro to Scuba\n\t\t\t\t\t\t\t\t\t<\/li>\n<li>\n\t\t\t\t\t\t\t\t\t\tForum\n\t\t\t\t\t\t\t\t\t<\/li>\n<\/ul>\n<p>\t\t\t<a href=\"#\"><br \/>\n\t\t\t\t\t\t\t\t\tPr\u00f8v gratis<br \/>\n\t\t\t\t\t<\/a><\/p>\n<h2>NovoScuba Premium<\/h2>\n<h2>$14.99\/<em style=\"font-size: 19px\">m\u00e5ned<\/em><br \/>\n<\/h2>\n<ul>\n<li>\n\t\t\t\t\t\t\t\t\t\tHvert kurs\n\t\t\t\t\t\t\t\t\t<\/li>\n<li>\n\t\t\t\t\t\t\t\t\t\tWebinarer\n\t\t\t\t\t\t\t\t\t<\/li>\n<li>\n\t\t\t\t\t\t\t\t\t\tDiveConnect\n\t\t\t\t\t\t\t\t\t<\/li>\n<li>\n\t\t\t\t\t\t\t\t\t\tFoto- og videobibliotek\n\t\t\t\t\t\t\t\t\t<\/li>\n<li>\n\t\t\t\t\t\t\t\t\t\tDykkekamerater\n\t\t\t\t\t\t\t\t\t<\/li>\n<\/ul>\n<p>\t\t\t<a href=\"#\"><br \/>\n\t\t\t\t\t\t\t\t\tVelg plan<br \/>\n\t\t\t\t\t<\/a><\/p>\n<p>Kun 49 \u00f8re per dag. Faktureres \u00e5rlig.<\/p>\n<h2>NovoScuba Plus<\/h2>\n<h2>$3.25\/<em style=\"font-size: 19px\">m\u00e5ned<\/em><br \/>\n<\/h2>\n<ul>\n<li>\n\t\t\t\t\t\t\t\t\t\tM\u00e5nedlig gratis kurs\n\t\t\t\t\t\t\t\t\t<\/li>\n<li>\n\t\t\t\t\t\t\t\t\t\tDykkekamerater\n\t\t\t\t\t\t\t\t\t<\/li>\n<li>\n\t\t\t\t\t\t\t\t\t\tInn i dykking\n\t\t\t\t\t\t\t\t\t<\/li>\n<li>\n\t\t\t\t\t\t\t\t\t\tWebinarer\n\t\t\t\t\t\t\t\t\t<\/li>\n<\/ul>\n<p>\t\t\t<a href=\"#\"><br \/>\n\t\t\t\t\t\t\t\t\tVelg plan<br \/>\n\t\t\t\t\t<\/a><\/p>\n<p>mindre enn 11 cent per dag. Faktureres \u00e5rlig<\/p>\n<p>2.15.1.0\t\t<\/p>\n<h2>NovoScuba-standarden<\/h2>\n<h2>GRATIS<\/h2>\n<ul>\n<li>\n\t\t\t\t\t\t\t\t\t\tDykkekamerater\n\t\t\t\t\t\t\t\t\t<\/li>\n<li>\n\t\t\t\t\t\t\t\t\t\tIntro to Scuba\n\t\t\t\t\t\t\t\t\t<\/li>\n<li>\n\t\t\t\t\t\t\t\t\t\tForum\n\t\t\t\t\t\t\t\t\t<\/li>\n<\/ul>\n<p>\t\t\t<a href=\"#\"><br \/>\n\t\t\t\t\t\t\t\t\tPr\u00f8v gratis<br \/>\n\t\t\t\t\t<\/a><\/p>\n<h2>NovoScuba Premium<\/h2>\n<h2>$14.99\/<em style=\"font-size: 19px\">m\u00e5ned<\/em><br \/>\n<\/h2>\n<ul>\n<li>\n\t\t\t\t\t\t\t\t\t\tHvert kurs\n\t\t\t\t\t\t\t\t\t<\/li>\n<li>\n\t\t\t\t\t\t\t\t\t\tWebinarer\n\t\t\t\t\t\t\t\t\t<\/li>\n<li>\n\t\t\t\t\t\t\t\t\t\tDiveConnect\n\t\t\t\t\t\t\t\t\t<\/li>\n<li>\n\t\t\t\t\t\t\t\t\t\tFoto- og videobibliotek\n\t\t\t\t\t\t\t\t\t<\/li>\n<li>\n\t\t\t\t\t\t\t\t\t\tDykkekamerater\n\t\t\t\t\t\t\t\t\t<\/li>\n<\/ul>\n<p>\t\t\t<a href=\"#\"><br \/>\n\t\t\t\t\t\t\t\t\tVelg plan<br \/>\n\t\t\t\t\t<\/a><\/p>\n<p>Kun 49 \u00f8re per dag. Faktureres \u00e5rlig.<\/p>\n<h2>NovoScuba Plus<\/h2>\n<h2>$3.25\/<em style=\"font-size: 19px\">m\u00e5ned<\/em><br \/>\n<\/h2>\n<ul>\n<li>\n\t\t\t\t\t\t\t\t\t\tM\u00e5nedlig gratis kurs\n\t\t\t\t\t\t\t\t\t<\/li>\n<li>\n\t\t\t\t\t\t\t\t\t\tDykkekamerater\n\t\t\t\t\t\t\t\t\t<\/li>\n<li>\n\t\t\t\t\t\t\t\t\t\tInn i dykking\n\t\t\t\t\t\t\t\t\t<\/li>\n<li>\n\t\t\t\t\t\t\t\t\t\tWebinarer\n\t\t\t\t\t\t\t\t\t<\/li>\n<\/ul>\n<p>\t\t\t<a href=\"#\"><br \/>\n\t\t\t\t\t\t\t\t\tVelg plan<br \/>\n\t\t\t\t\t<\/a><\/p>\n<p>mindre enn 11 cent per dag. Faktureres \u00e5rlig<\/p>\n<p>2.15.1.0\t\t<\/p>\n<h2>NovoScuba-standarden<\/h2>\n<h2>GRATIS<\/h2>\n<ul>\n<li>\n\t\t\t\t\t\t\t\t\t\tDykkekamerater\n\t\t\t\t\t\t\t\t\t<\/li>\n<li>\n\t\t\t\t\t\t\t\t\t\tIntro to Scuba\n\t\t\t\t\t\t\t\t\t<\/li>\n<li>\n\t\t\t\t\t\t\t\t\t\tForum\n\t\t\t\t\t\t\t\t\t<\/li>\n<\/ul>\n<p>\t\t\t<a href=\"#\"><br \/>\n\t\t\t\t\t\t\t\t\tPr\u00f8v gratis<br \/>\n\t\t\t\t\t<\/a><\/p>\n<h2>NovoScuba Premium<\/h2>\n<h2>$179.99\/<em style=\"font-size: 19px\">\u00e5r<\/em><br \/>\n<\/h2>\n<ul>\n<li>\n\t\t\t\t\t\t\t\t\t\tHvert kurs\n\t\t\t\t\t\t\t\t\t<\/li>\n<li>\n\t\t\t\t\t\t\t\t\t\tWebinarer\n\t\t\t\t\t\t\t\t\t<\/li>\n<li>\n\t\t\t\t\t\t\t\t\t\tDiveConnect\n\t\t\t\t\t\t\t\t\t<\/li>\n<li>\n\t\t\t\t\t\t\t\t\t\tFoto- og videobibliotek\n\t\t\t\t\t\t\t\t\t<\/li>\n<li>\n\t\t\t\t\t\t\t\t\t\tDykkekamerater\n\t\t\t\t\t\t\t\t\t<\/li>\n<\/ul>\n<p>\t\t\t<a href=\"#\"><br \/>\n\t\t\t\t\t\t\t\t\tVelg plan<br \/>\n\t\t\t\t\t<\/a><\/p>\n<p>Kun $14,99 per m\u00e5ned. Faktureres \u00e5rlig.<\/p>\n<h2>NovoScuba Plus<\/h2>\n<h2>$3.25\/<em style=\"font-size: 19px\">\u00e5r<\/em><br \/>\n<\/h2>\n<ul>\n<li>\n\t\t\t\t\t\t\t\t\t\tM\u00e5nedlig gratis kurs\n\t\t\t\t\t\t\t\t\t<\/li>\n<li>\n\t\t\t\t\t\t\t\t\t\tDykkekamerater\n\t\t\t\t\t\t\t\t\t<\/li>\n<li>\n\t\t\t\t\t\t\t\t\t\tInn i dykking\n\t\t\t\t\t\t\t\t\t<\/li>\n<li>\n\t\t\t\t\t\t\t\t\t\tWebinarer\n\t\t\t\t\t\t\t\t\t<\/li>\n<\/ul>\n<p>\t\t\t<a href=\"#\"><br \/>\n\t\t\t\t\t\t\t\t\tVelg plan<br \/>\n\t\t\t\t\t<\/a><\/p>\n<p>mindre enn $4 per m\u00e5ned Faktureres \u00e5rlig<\/p>\n<p>2.15.1.0\t\t<\/p>\n<style>\n.pricing-tables-2{\n    display: none;\n}\n<\/style>\n<h3>Utvikle dykkingen din med oss<\/h3>\n<p>\t\t\t\t\t\t\tEkspertkursforfattere\t\t\t\t\t\t<\/p>\n<p>\n\t\t\t\t\t\tKursene v\u00e5re er utviklet av NovoScuba-teamet, som har flere ti\u00e5rs erfaring med dykkeroppl\u00e6ring.\t\t\t\t\t<\/p>\n<p>\t\t\t\t\t\t\tISO-sertifiserte kurs\t\t\t\t\t\t<\/p>\n<p>\n\t\t\t\t\t\tKursene v\u00e5re er sertifisert i henhold til ISO-standarder for dykking. \t\t\t\t\t<\/p>\n<p>\t\t\t\t\t\t\tL\u00e6r i ditt eget tempo\t\t\t\t\t\t<\/p>\n<p>\n\t\t\t\t\t\tNovoScuba-kursene er utformet for \u00e5 v\u00e6re fleksible og im\u00f8tekomme behovene til den enkelte deltaker.\t\t\t\t\t<\/p>\n<p>\t\t\t\t\t\t\tSertifikater\t\t\t\t\t\t<\/p>\n<p>\n\t\t\t\t\t\tEtter endt oppl\u00e6ring vil du motta ditt sertifiseringskort via Apple og Google Wallet. I tillegg kan du laste ned et gratis sertifikat\t\t\t\t\t<\/p>\n<h2>Fordelsliste<\/h2>\n<h3>Loggbok<\/h3>\n<p>F\u00e5 tilgang til v\u00e5r nettbaserte loggbok. Med Premium-medlemskap f\u00e5r du ogs\u00e5 v\u00e5r treningsloggbok for \u00e5 registrere ferdighetene du mestrer<\/p>\n<p>\t\t\t<a href=\"#\"><br \/>\n\t\t\t\t\t\t\t\t\tLes mer om dette<br \/>\n\t\t\t\t\t<\/a><\/p>\n<h3>Foto- og videobibliotek<\/h3>\n<p>Del bilder og videoer direkte fra ditt eget personlige mediebibliotek<\/p>\n<p>\t\t\t<a href=\"#\"><br \/>\n\t\t\t\t\t\t\t\t\tLes mer om dette<br \/>\n\t\t\t\t\t<\/a><\/p>\n<h3>DiveConnect-fellesskapet<\/h3>\n<p>Finn og f\u00e5 kontakt med Dive Buddies, f\u00e5 tilgang til forumene og webinarene v\u00e5re<\/p>\n<p>\t\t\t<a href=\"#\"><br \/>\n\t\t\t\t\t\t\t\t\tLes mer om dette<br \/>\n\t\t\t\t\t<\/a><br \/>\n\t\t\t\t\t\t\t\t\t\t\t\t\t<img loading=\"lazy\" decoding=\"async\" width=\"636\" height=\"636\" src=\"https:\/\/novoscuba.com\/wp-content\/uploads\/2025\/05\/Woman-SCUBA-Diving-Smiling-in-Ocean2-2.webp\" alt=\"\" srcset=\"https:\/\/novoscuba.com\/wp-content\/uploads\/2025\/05\/Woman-SCUBA-Diving-Smiling-in-Ocean2-2.webp 636w, https:\/\/novoscuba.com\/wp-content\/uploads\/2025\/05\/Woman-SCUBA-Diving-Smiling-in-Ocean2-2-300x300.webp 300w, https:\/\/novoscuba.com\/wp-content\/uploads\/2025\/05\/Woman-SCUBA-Diving-Smiling-in-Ocean2-2-150x150.webp 150w, https:\/\/novoscuba.com\/wp-content\/uploads\/2025\/05\/Woman-SCUBA-Diving-Smiling-in-Ocean2-2-360x360.webp 360w, https:\/\/novoscuba.com\/wp-content\/uploads\/2025\/05\/Woman-SCUBA-Diving-Smiling-in-Ocean2-2-624x624.webp 624w, https:\/\/novoscuba.com\/wp-content\/uploads\/2025\/05\/Woman-SCUBA-Diving-Smiling-in-Ocean2-2.webp 40w, https:\/\/novoscuba.com\/wp-content\/uploads\/2025\/05\/Woman-SCUBA-Diving-Smiling-in-Ocean2-2.webp 50w, https:\/\/novoscuba.com\/wp-content\/uploads\/2025\/05\/Woman-SCUBA-Diving-Smiling-in-Ocean2-2.webp 100w, https:\/\/novoscuba.com\/wp-content\/uploads\/2025\/05\/Woman-SCUBA-Diving-Smiling-in-Ocean2-2.webp 600w\" sizes=\"auto, (max-width: 636px) 100vw, 636px\" \/>\t\t\t\t\t\t\t\t\t\t\t\t\t<\/p>\n<p>\n\t\t\t\t\t\t\u00c5 ha tilgang til alle NovoScubas kurs er fantastisk! Det gj\u00f8r at jeg kan l\u00e6re s\u00e5 mye mer om dykking. Som ny dykker er deres DiveCommunity uvurderlig. \t\t\t\t\t<\/p>\n<h5>Olivia Alice<\/h5>\n<p>\t\tUndervisningsspesialist<br \/>\n\t\t\t\t\t\t\t\t\t\t\t\t\t<img decoding=\"async\" src=\"https:\/\/novoscuba.com\/wp-content\/uploads\/2025\/05\/bb-guarantee-02-2.svg\" title=\"\" alt=\"\" loading=\"lazy\" \/>\t\t\t\t\t\t\t\t\t\t\t\t\t<\/p>\n<h3>100% Risikofri pengene-tilbake-garanti<\/h3>\n<p>Hvis du ikke er forn\u00f8yd med NovoScuba, gi oss beskjed innen 14 dager, s\u00e5 refunderer vi pengene dine. Ingen sp\u00f8rsm\u00e5l.<\/p>","protected":false},"excerpt":{"rendered":"<p>DiverTraining Redefinert Kom i gang Allerede abonnent? 2.15.1.0 Logg inn Kurs F\u00e5 tilgang til alle v\u00e5re fritidsdykkerkurs Hvorfor betale dyre priser per kurs? Med\u2026<\/p>","protected":false},"author":2,"featured_media":6691,"parent":0,"menu_order":0,"comment_status":"open","ping_status":"open","template":"","meta":{"_lat":0,"_lng":0,"_country":"","_entry":"","_max_depth_m":0,"_difficulty":"","pmpro_default_level":"","footnotes":""},"class_list":["post-10595","page","type-page","status-publish","has-post-thumbnail","hentry","pmpro-has-access"],"yoast_head":"<!-- This site is optimized with the Yoast SEO plugin v27.3 - https:\/\/yoast.com\/product\/yoast-seo-wordpress\/ -->\n<title>NovoScuba Membership - NovoScuba<\/title>\n<meta name=\"robots\" content=\"index, follow, max-snippet:-1, max-image-preview:large, max-video-preview:-1\" \/>\n<link rel=\"canonical\" href=\"https:\/\/novoscuba.com\/nb\/novoscuba-membership\/\" \/>\n<meta property=\"og:locale\" content=\"nb_NO\" \/>\n<meta property=\"og:type\" content=\"article\" \/>\n<meta property=\"og:title\" content=\"NovoScuba Membership - NovoScuba\" \/>\n<meta property=\"og:description\" content=\"DiverTraining Redefined Get Started Already a subscriber? 2.15.1.0 Login Courses Get access to all our recreational diving courses Why pay expensive rates per course? With&hellip;\" \/>\n<meta property=\"og:url\" content=\"https:\/\/novoscuba.com\/nb\/novoscuba-membership\/\" \/>\n<meta property=\"og:site_name\" content=\"NovoScuba\" \/>\n<meta property=\"article:publisher\" content=\"https:\/\/www.facebook.com\/novoscuba\" \/>\n<meta property=\"article:modified_time\" content=\"2025-05-24T06:14:35+00:00\" \/>\n<meta property=\"og:image\" content=\"http:\/\/cdn.novoscuba.com\/media\/2025\/05\/Home-Page-Top-1-scaled-1.webp\" \/>\n\t<meta property=\"og:image:width\" content=\"2560\" \/>\n\t<meta property=\"og:image:height\" content=\"1706\" \/>\n\t<meta property=\"og:image:type\" content=\"image\/webp\" \/>\n<meta name=\"twitter:card\" content=\"summary_large_image\" \/>\n<meta name=\"twitter:label1\" content=\"Ansl. lesetid\" \/>\n\t<meta name=\"twitter:data1\" content=\"4 minutter\" \/>\n<script type=\"application\/ld+json\" class=\"yoast-schema-graph\">{\"@context\":\"https:\\\/\\\/schema.org\",\"@graph\":[{\"@type\":\"WebPage\",\"@id\":\"https:\\\/\\\/novoscuba.com\\\/novoscuba-membership\\\/\",\"url\":\"https:\\\/\\\/novoscuba.com\\\/novoscuba-membership\\\/\",\"name\":\"NovoScuba Membership - NovoScuba\",\"isPartOf\":{\"@id\":\"https:\\\/\\\/novoscuba.com\\\/en_gb\\\/#website\"},\"primaryImageOfPage\":{\"@id\":\"https:\\\/\\\/novoscuba.com\\\/novoscuba-membership\\\/#primaryimage\"},\"image\":{\"@id\":\"https:\\\/\\\/novoscuba.com\\\/novoscuba-membership\\\/#primaryimage\"},\"thumbnailUrl\":\"https:\\\/\\\/novoscuba.com\\\/wp-content\\\/uploads\\\/2025\\\/05\\\/Home-Page-Top-1-scaled-1.webp\",\"datePublished\":\"2024-05-01T13:57:47+00:00\",\"dateModified\":\"2025-05-24T06:14:35+00:00\",\"breadcrumb\":{\"@id\":\"https:\\\/\\\/novoscuba.com\\\/novoscuba-membership\\\/#breadcrumb\"},\"inLanguage\":\"nb-NO\",\"potentialAction\":[{\"@type\":\"ReadAction\",\"target\":[\"https:\\\/\\\/novoscuba.com\\\/novoscuba-membership\\\/\"]}]},{\"@type\":\"ImageObject\",\"inLanguage\":\"nb-NO\",\"@id\":\"https:\\\/\\\/novoscuba.com\\\/novoscuba-membership\\\/#primaryimage\",\"url\":\"https:\\\/\\\/novoscuba.com\\\/wp-content\\\/uploads\\\/2025\\\/05\\\/Home-Page-Top-1-scaled-1.webp\",\"contentUrl\":\"https:\\\/\\\/novoscuba.com\\\/wp-content\\\/uploads\\\/2025\\\/05\\\/Home-Page-Top-1-scaled-1.webp\",\"width\":2560,\"height\":1706},{\"@type\":\"BreadcrumbList\",\"@id\":\"https:\\\/\\\/novoscuba.com\\\/novoscuba-membership\\\/#breadcrumb\",\"itemListElement\":[{\"@type\":\"ListItem\",\"position\":1,\"name\":\"Home\",\"item\":\"https:\\\/\\\/novoscuba.com\\\/\"},{\"@type\":\"ListItem\",\"position\":2,\"name\":\"NovoScuba Membership\"}]},{\"@type\":\"WebSite\",\"@id\":\"https:\\\/\\\/novoscuba.com\\\/en_gb\\\/#website\",\"url\":\"https:\\\/\\\/novoscuba.com\\\/en_gb\\\/\",\"name\":\"NovoScuba\",\"description\":\"Scuba Diving Redefined\",\"publisher\":{\"@id\":\"https:\\\/\\\/novoscuba.com\\\/en_gb\\\/#organization\"},\"potentialAction\":[{\"@type\":\"SearchAction\",\"target\":{\"@type\":\"EntryPoint\",\"urlTemplate\":\"https:\\\/\\\/novoscuba.com\\\/en_gb\\\/?s={search_term_string}\"},\"query-input\":{\"@type\":\"PropertyValueSpecification\",\"valueRequired\":true,\"valueName\":\"search_term_string\"}}],\"inLanguage\":\"nb-NO\"},{\"@type\":\"Organization\",\"@id\":\"https:\\\/\\\/novoscuba.com\\\/en_gb\\\/#organization\",\"name\":\"NovoScuba\",\"url\":\"https:\\\/\\\/novoscuba.com\\\/en_gb\\\/\",\"logo\":{\"@type\":\"ImageObject\",\"inLanguage\":\"nb-NO\",\"@id\":\"https:\\\/\\\/novoscuba.com\\\/en_gb\\\/#\\\/schema\\\/logo\\\/image\\\/\",\"url\":\"https:\\\/\\\/novoscuba.com\\\/wp-content\\\/uploads\\\/2025\\\/05\\\/NovoScuba-Logo_Dark-scaled.jpg\",\"contentUrl\":\"https:\\\/\\\/novoscuba.com\\\/wp-content\\\/uploads\\\/2025\\\/05\\\/NovoScuba-Logo_Dark-scaled.jpg\",\"width\":2560,\"height\":877,\"caption\":\"NovoScuba\"},\"image\":{\"@id\":\"https:\\\/\\\/novoscuba.com\\\/en_gb\\\/#\\\/schema\\\/logo\\\/image\\\/\"},\"sameAs\":[\"https:\\\/\\\/www.facebook.com\\\/novoscuba\"]}]}<\/script>\n<!-- \/ Yoast SEO plugin. -->","yoast_head_json":{"title":"NovoScuba-medlemskap \u2013 NovoScuba","robots":{"index":"index","follow":"follow","max-snippet":"max-snippet:-1","max-image-preview":"max-image-preview:large","max-video-preview":"max-video-preview:-1"},"canonical":"https:\/\/novoscuba.com\/nb\/novoscuba-membership\/","og_locale":"nb_NO","og_type":"article","og_title":"NovoScuba Membership - NovoScuba","og_description":"DiverTraining Redefined Get Started Already a subscriber? 2.15.1.0 Login Courses Get access to all our recreational diving courses Why pay expensive rates per course? With&hellip;","og_url":"https:\/\/novoscuba.com\/nb\/novoscuba-membership\/","og_site_name":"NovoScuba","article_publisher":"https:\/\/www.facebook.com\/novoscuba","article_modified_time":"2025-05-24T06:14:35+00:00","og_image":[{"width":2560,"height":1706,"url":"cdn.novoscuba.com\/media\/2025\/05\/Home-Page-Top-1-scaled-1.webp","type":"image\/webp"}],"twitter_card":"summary_large_image","twitter_misc":{"Ansl. lesetid":"4 minutter"},"schema":{"@context":"https:\/\/schema.org","@graph":[{"@type":"WebPage","@id":"https:\/\/novoscuba.com\/novoscuba-membership\/","url":"https:\/\/novoscuba.com\/novoscuba-membership\/","name":"NovoScuba-medlemskap \u2013 NovoScuba","isPartOf":{"@id":"https:\/\/novoscuba.com\/en_gb\/#website"},"primaryImageOfPage":{"@id":"https:\/\/novoscuba.com\/novoscuba-membership\/#primaryimage"},"image":{"@id":"https:\/\/novoscuba.com\/novoscuba-membership\/#primaryimage"},"thumbnailUrl":"https:\/\/novoscuba.com\/wp-content\/uploads\/2025\/05\/Home-Page-Top-1-scaled-1.webp","datePublished":"2024-05-01T13:57:47+00:00","dateModified":"2025-05-24T06:14:35+00:00","breadcrumb":{"@id":"https:\/\/novoscuba.com\/novoscuba-membership\/#breadcrumb"},"inLanguage":"nb-NO","potentialAction":[{"@type":"ReadAction","target":["https:\/\/novoscuba.com\/novoscuba-membership\/"]}]},{"@type":"ImageObject","inLanguage":"nb-NO","@id":"https:\/\/novoscuba.com\/novoscuba-membership\/#primaryimage","url":"https:\/\/novoscuba.com\/wp-content\/uploads\/2025\/05\/Home-Page-Top-1-scaled-1.webp","contentUrl":"https:\/\/novoscuba.com\/wp-content\/uploads\/2025\/05\/Home-Page-Top-1-scaled-1.webp","width":2560,"height":1706},{"@type":"BreadcrumbList","@id":"https:\/\/novoscuba.com\/novoscuba-membership\/#breadcrumb","itemListElement":[{"@type":"ListItem","position":1,"name":"Home","item":"https:\/\/novoscuba.com\/"},{"@type":"ListItem","position":2,"name":"NovoScuba Membership"}]},{"@type":"WebSite","@id":"https:\/\/novoscuba.com\/en_gb\/#website","url":"https:\/\/novoscuba.com\/en_gb\/","name":"NovoScuba","description":"Dykking omdefinert","publisher":{"@id":"https:\/\/novoscuba.com\/en_gb\/#organization"},"potentialAction":[{"@type":"SearchAction","target":{"@type":"EntryPoint","urlTemplate":"https:\/\/novoscuba.com\/en_gb\/?s={search_term_string}"},"query-input":{"@type":"PropertyValueSpecification","valueRequired":true,"valueName":"search_term_string"}}],"inLanguage":"nb-NO"},{"@type":"Organization","@id":"https:\/\/novoscuba.com\/en_gb\/#organization","name":"NovoScuba","url":"https:\/\/novoscuba.com\/en_gb\/","logo":{"@type":"ImageObject","inLanguage":"nb-NO","@id":"https:\/\/novoscuba.com\/en_gb\/#\/schema\/logo\/image\/","url":"https:\/\/novoscuba.com\/wp-content\/uploads\/2025\/05\/NovoScuba-Logo_Dark-scaled.jpg","contentUrl":"https:\/\/novoscuba.com\/wp-content\/uploads\/2025\/05\/NovoScuba-Logo_Dark-scaled.jpg","width":2560,"height":877,"caption":"NovoScuba"},"image":{"@id":"https:\/\/novoscuba.com\/en_gb\/#\/schema\/logo\/image\/"},"sameAs":["https:\/\/www.facebook.com\/novoscuba"]}]}},"_links":{"self":[{"href":"https:\/\/novoscuba.com\/nb\/wp-json\/wp\/v2\/pages\/10595","targetHints":{"allow":["GET"]}}],"collection":[{"href":"https:\/\/novoscuba.com\/nb\/wp-json\/wp\/v2\/pages"}],"about":[{"href":"https:\/\/novoscuba.com\/nb\/wp-json\/wp\/v2\/types\/page"}],"author":[{"embeddable":true,"href":"https:\/\/novoscuba.com\/nb\/wp-json\/wp\/v2\/users\/2"}],"replies":[{"embeddable":true,"href":"https:\/\/novoscuba.com\/nb\/wp-json\/wp\/v2\/comments?post=10595"}],"version-history":[{"count":1,"href":"https:\/\/novoscuba.com\/nb\/wp-json\/wp\/v2\/pages\/10595\/revisions"}],"predecessor-version":[{"id":10597,"href":"https:\/\/novoscuba.com\/nb\/wp-json\/wp\/v2\/pages\/10595\/revisions\/10597"}],"wp:featuredmedia":[{"embeddable":true,"href":"https:\/\/novoscuba.com\/nb\/wp-json\/wp\/v2\/media\/6691"}],"wp:attachment":[{"href":"https:\/\/novoscuba.com\/nb\/wp-json\/wp\/v2\/media?parent=10595"}],"curies":[{"name":"wp","href":"https:\/\/api.w.org\/{rel}","templated":true}]}}