{"id":6685,"date":"2023-08-15T02:14:32","date_gmt":"2023-08-15T02:14:32","guid":{"rendered":"https:\/\/novoscuba.com\/community-guidelines-5-2\/"},"modified":"2025-06-21T22:30:46","modified_gmt":"2025-06-21T15:30:46","slug":"community-guidelines","status":"publish","type":"page","link":"https:\/\/novoscuba.com\/it\/community-guidelines\/","title":{"rendered":"Linee guida della comunit\u00e0"},"content":{"rendered":"<div data-elementor-type=\"wp-page\" data-elementor-id=\"6685\" class=\"elementor elementor-6685\" data-elementor-post-type=\"page\">\n\t\t\t\t<div class=\"elementor-element elementor-element-705349c3 e-flex e-con-boxed e-con e-parent\" data-id=\"705349c3\" data-element_type=\"container\" data-e-type=\"container\">\n\t\t\t\t\t<div class=\"e-con-inner\">\n\t\t\t\t<div class=\"elementor-element elementor-element-52a35198 elementor-widget elementor-widget-text-editor\" data-id=\"52a35198\" data-element_type=\"widget\" data-e-type=\"widget\" data-widget_type=\"text-editor.default\">\n\t\t\t\t<div class=\"elementor-widget-container\">\n\t\t\t\t\t\t\t\t\t<h3>Ciao!<\/h3><p>Benvenuti nell&#039;incredibile comunit\u00e0 di NovoScuba! Siamo entusiasti di avervi come nostri appassionati subacquei che condividono la vostra insaziabile curiosit\u00e0 e il desiderio di esplorare lo straordinario mondo sottomarino.<\/p><h3>La comunit\u00e0 NovoScuba<\/h3><p>La tua iscrizione segna l&#039;inizio di un percorso stimolante e ricco di possibilit\u00e0 per ampliare le tue competenze e la tua esperienza. Qui a NovoScuba, ci impegniamo a coltivare una comunit\u00e0 che valorizzi l&#039;innovazione, la determinazione e lo spirito collaborativo. Con il tuo talento eccezionale, le tue idee innovative e la tua energia inesauribile, non abbiamo limiti a ci\u00f2 che possiamo realizzare insieme. Cogliamo ogni opportunit\u00e0 per affrontare nuove sfide, tuffarci nell&#039;ignoto e trasformare le aspirazioni in realt\u00e0. Siamo certi che il tuo impegno e il tuo contributo alla nostra comunit\u00e0 stabiliranno gli standard per raggiungere grandi traguardi. Preparati a fare onde e a portare a casa ricordi indimenticabili. Benvenuto a bordo!<\/p><h3>Sii curioso<\/h3><p>Questo \u00e8 un luogo dove aiutare gli altri e trovare persone che possano ispirarti a crescere. Essere curiosi significa porsi domande, essere intraprendenti e cercare di trovare risposte da soli, fornire feedback attraverso i canali appropriati e imparare continuamente.<\/p><h3>Sii gentile<\/h3><p>Insieme, creiamo un ambiente in cui tutti si sentano al sicuro e benvenuti, mantenendo un tono positivo e commenti costruttivi. \u00c8 importante comprendere che questa \u00e8 una comunit\u00e0 globale composta da persone provenienti da diversi paesi, con prospettive, background, culture e livelli di esperienza diversi.<\/p><h3>Sii utile<\/h3><p>Tieni presente che questo \u00e8 un luogo in cui ognuno impara al proprio ritmo, quindi tieni a mente come vuoi contribuire prima di pubblicare. Sentiti libero di condividere le tue sfide, rispondere alle domande, supportare gli altri, fornire risorse utili, avviare discussioni e creare connessioni.<\/p><h2>Regole della comunit\u00e0<\/h2><p>Anche se incoraggiamo vivamente a condividere i vostri pensieri e le vostre opinioni, assicuratevi di farlo con rispetto e di considerare come le vostre parole potrebbero influenzare gli altri.<\/p><p>Sii gentile e rispettoso<\/p><p>Insieme, costruiamo un ambiente positivo e accogliente in cui tutti si sentano liberi di condividere idee, pensieri e feedback. Sosteniamoci, rispettiamo le opinioni individuali e segnaliamo i post inappropriati, se necessario.<\/p><p>Dai pi\u00f9 di quanto prendi, senza sollecitazioni<\/p><p>Ci\u00f2 include autopromozione, messaggi diretti indesiderati, spamming, spacciarsi per istruttori o amministratori e qualsiasi vendita mascherata da contenuti o post di supporto con lo scopo di generare lead. Questi tipi di post verranno rimossi per garantire che ci concentriamo su discussioni significative.<\/p><p>Tolleranza zero per le molestie<\/p><p>Dovresti contestare le idee con rispetto, ma non attaccare mai direttamente una persona. Qualsiasi post, commento o messaggio diretto a membri o amministratori che sia inappropriato, maleducato o aggressivo verr\u00e0 immediatamente rimosso. Questo include i post che diffondono disinformazione e che sono dannosi per il gruppo.<\/p><p>Sii rilevante: siamo qui per imparare<\/p><p>L&#039;obiettivo di questa community \u00e8 aiutarti nel tuo apprendimento con i corsi presenti su questo sito web. La promozione di altri corsi o prodotti non pertinenti a questo obiettivo di apprendimento verr\u00e0 eliminata.<\/p><h3>Violazioni delle nostre Linee guida della community<\/h3><p>Se riscontri o assisti a qualsiasi comportamento che viola le nostre Linee guida della community, contattaci tramite e-mail <a href=\"mailto:community@novoscuba.com\">community@novoscuba.com<\/a>Rispettiamo la tua privacy e tutti i rapporti inviati via e-mail saranno mantenuti riservati.<\/p><p>Nella maggior parte dei casi verr\u00e0 emesso un avviso e, a seconda della gravit\u00e0 del comportamento, il membro potrebbe essere rimosso dal gruppo.<\/p><p>Apprezziamo le conversazioni costruttive e non intendiamo eliminare post o commenti a meno che non determiniamo che siano in diretta contraddizione con queste linee guida. Questo \u00e8 a discrezione degli amministratori della nostra community e siamo sempre disponibili a discutere ulteriormente con voi se avete domande o dubbi sui vostri post o su quelli degli altri.<\/p><p>Siamo davvero entusiasti di averti qui e di far parte del tuo viaggio subacqueo!<\/p>\t\t\t\t\t\t\t\t<\/div>\n\t\t\t\t<\/div>\n\t\t\t\t\t<\/div>\n\t\t\t\t<\/div>\n\t\t\t\t<\/div>","protected":false},"excerpt":{"rendered":"<p>Ciao! Benvenuto nell&#039;incredibile comunit\u00e0 di NovoScuba! Siamo entusiasti di averti con noi, un gruppo di subacquei appassionati che condividono la loro insaziabile passione...<\/p>","protected":false},"author":2,"featured_media":6686,"parent":0,"menu_order":0,"comment_status":"open","ping_status":"closed","template":"","meta":{"_lat":0,"_lng":0,"_country":"","_entry":"","_max_depth_m":0,"_difficulty":"","pmpro_default_level":"","footnotes":""},"class_list":["post-6685","page","type-page","status-publish","has-post-thumbnail","hentry","pmpro-has-access"],"yoast_head":"<!-- This site is optimized with the Yoast SEO plugin v27.4 - https:\/\/yoast.com\/product\/yoast-seo-wordpress\/ -->\n<title>Community Guidelines - NovoScuba<\/title>\n<meta name=\"robots\" content=\"index, follow, max-snippet:-1, max-image-preview:large, max-video-preview:-1\" \/>\n<link rel=\"canonical\" href=\"https:\/\/novoscuba.com\/it\/community-guidelines\/\" \/>\n<meta property=\"og:locale\" content=\"it_IT\" \/>\n<meta property=\"og:type\" content=\"article\" \/>\n<meta property=\"og:title\" content=\"Community Guidelines - NovoScuba\" \/>\n<meta property=\"og:description\" content=\"Hello there! Welcome to the incredible NovoScuba Community! We are thrilled to have you join a group of passionate scuba divers who share your insatiable&hellip;\" \/>\n<meta property=\"og:url\" content=\"https:\/\/novoscuba.com\/it\/community-guidelines\/\" \/>\n<meta property=\"og:site_name\" content=\"NovoScuba\" \/>\n<meta property=\"article:publisher\" content=\"https:\/\/www.facebook.com\/novoscuba\" \/>\n<meta property=\"article:modified_time\" content=\"2025-06-21T15:30:46+00:00\" \/>\n<meta property=\"og:image\" content=\"http:\/\/cdn.novoscuba.com\/media\/2025\/05\/AdobeStock_457310377-scaled-1.webp\" \/>\n\t<meta property=\"og:image:width\" content=\"1920\" \/>\n\t<meta property=\"og:image:height\" content=\"1277\" \/>\n\t<meta property=\"og:image:type\" content=\"image\/webp\" \/>\n<meta name=\"twitter:card\" content=\"summary_large_image\" \/>\n<meta name=\"twitter:label1\" content=\"Tempo di lettura stimato\" \/>\n\t<meta name=\"twitter:data1\" content=\"3 minuti\" \/>\n<script type=\"application\/ld+json\" class=\"yoast-schema-graph\">{\"@context\":\"https:\\\/\\\/schema.org\",\"@graph\":[{\"@type\":\"WebPage\",\"@id\":\"https:\\\/\\\/novoscuba.com\\\/community-guidelines\\\/\",\"url\":\"https:\\\/\\\/novoscuba.com\\\/community-guidelines\\\/\",\"name\":\"Community Guidelines - NovoScuba\",\"isPartOf\":{\"@id\":\"https:\\\/\\\/novoscuba.com\\\/en_gb\\\/#website\"},\"primaryImageOfPage\":{\"@id\":\"https:\\\/\\\/novoscuba.com\\\/community-guidelines\\\/#primaryimage\"},\"image\":{\"@id\":\"https:\\\/\\\/novoscuba.com\\\/community-guidelines\\\/#primaryimage\"},\"thumbnailUrl\":\"https:\\\/\\\/novoscuba.com\\\/wp-content\\\/uploads\\\/2025\\\/05\\\/AdobeStock_457310377-scaled-1.webp\",\"datePublished\":\"2023-08-15T02:14:32+00:00\",\"dateModified\":\"2025-06-21T15:30:46+00:00\",\"breadcrumb\":{\"@id\":\"https:\\\/\\\/novoscuba.com\\\/community-guidelines\\\/#breadcrumb\"},\"inLanguage\":\"it-IT\",\"potentialAction\":[{\"@type\":\"ReadAction\",\"target\":[\"https:\\\/\\\/novoscuba.com\\\/community-guidelines\\\/\"]}]},{\"@type\":\"ImageObject\",\"inLanguage\":\"it-IT\",\"@id\":\"https:\\\/\\\/novoscuba.com\\\/community-guidelines\\\/#primaryimage\",\"url\":\"https:\\\/\\\/novoscuba.com\\\/wp-content\\\/uploads\\\/2025\\\/05\\\/AdobeStock_457310377-scaled-1.webp\",\"contentUrl\":\"https:\\\/\\\/novoscuba.com\\\/wp-content\\\/uploads\\\/2025\\\/05\\\/AdobeStock_457310377-scaled-1.webp\",\"width\":1920,\"height\":1277},{\"@type\":\"BreadcrumbList\",\"@id\":\"https:\\\/\\\/novoscuba.com\\\/community-guidelines\\\/#breadcrumb\",\"itemListElement\":[{\"@type\":\"ListItem\",\"position\":1,\"name\":\"Home\",\"item\":\"https:\\\/\\\/novoscuba.com\\\/\"},{\"@type\":\"ListItem\",\"position\":2,\"name\":\"Community Guidelines\"}]},{\"@type\":\"WebSite\",\"@id\":\"https:\\\/\\\/novoscuba.com\\\/en_gb\\\/#website\",\"url\":\"https:\\\/\\\/novoscuba.com\\\/en_gb\\\/\",\"name\":\"NovoScuba\",\"description\":\"Scuba Diving Redefined\",\"publisher\":{\"@id\":\"https:\\\/\\\/novoscuba.com\\\/en_gb\\\/#organization\"},\"potentialAction\":[{\"@type\":\"SearchAction\",\"target\":{\"@type\":\"EntryPoint\",\"urlTemplate\":\"https:\\\/\\\/novoscuba.com\\\/en_gb\\\/?s={search_term_string}\"},\"query-input\":{\"@type\":\"PropertyValueSpecification\",\"valueRequired\":true,\"valueName\":\"search_term_string\"}}],\"inLanguage\":\"it-IT\"},{\"@type\":\"Organization\",\"@id\":\"https:\\\/\\\/novoscuba.com\\\/en_gb\\\/#organization\",\"name\":\"NovoScuba\",\"url\":\"https:\\\/\\\/novoscuba.com\\\/en_gb\\\/\",\"logo\":{\"@type\":\"ImageObject\",\"inLanguage\":\"it-IT\",\"@id\":\"https:\\\/\\\/novoscuba.com\\\/en_gb\\\/#\\\/schema\\\/logo\\\/image\\\/\",\"url\":\"https:\\\/\\\/novoscuba.com\\\/wp-content\\\/uploads\\\/2025\\\/05\\\/NovoScuba-Logo_Dark-scaled.jpg\",\"contentUrl\":\"https:\\\/\\\/novoscuba.com\\\/wp-content\\\/uploads\\\/2025\\\/05\\\/NovoScuba-Logo_Dark-scaled.jpg\",\"width\":2560,\"height\":877,\"caption\":\"NovoScuba\"},\"image\":{\"@id\":\"https:\\\/\\\/novoscuba.com\\\/en_gb\\\/#\\\/schema\\\/logo\\\/image\\\/\"},\"sameAs\":[\"https:\\\/\\\/www.facebook.com\\\/novoscuba\"]}]}<\/script>\n<!-- \/ Yoast SEO plugin. -->","yoast_head_json":{"title":"Linee guida della community - NovoScuba","robots":{"index":"index","follow":"follow","max-snippet":"max-snippet:-1","max-image-preview":"max-image-preview:large","max-video-preview":"max-video-preview:-1"},"canonical":"https:\/\/novoscuba.com\/it\/community-guidelines\/","og_locale":"it_IT","og_type":"article","og_title":"Community Guidelines - NovoScuba","og_description":"Hello there! Welcome to the incredible NovoScuba Community! We are thrilled to have you join a group of passionate scuba divers who share your insatiable&hellip;","og_url":"https:\/\/novoscuba.com\/it\/community-guidelines\/","og_site_name":"NovoScuba","article_publisher":"https:\/\/www.facebook.com\/novoscuba","article_modified_time":"2025-06-21T15:30:46+00:00","og_image":[{"width":1920,"height":1277,"url":"cdn.novoscuba.com\/media\/2025\/05\/AdobeStock_457310377-scaled-1.webp","type":"image\/webp"}],"twitter_card":"summary_large_image","twitter_misc":{"Tempo di lettura stimato":"3 minuti"},"schema":{"@context":"https:\/\/schema.org","@graph":[{"@type":"WebPage","@id":"https:\/\/novoscuba.com\/community-guidelines\/","url":"https:\/\/novoscuba.com\/community-guidelines\/","name":"Linee guida della community - NovoScuba","isPartOf":{"@id":"https:\/\/novoscuba.com\/en_gb\/#website"},"primaryImageOfPage":{"@id":"https:\/\/novoscuba.com\/community-guidelines\/#primaryimage"},"image":{"@id":"https:\/\/novoscuba.com\/community-guidelines\/#primaryimage"},"thumbnailUrl":"https:\/\/novoscuba.com\/wp-content\/uploads\/2025\/05\/AdobeStock_457310377-scaled-1.webp","datePublished":"2023-08-15T02:14:32+00:00","dateModified":"2025-06-21T15:30:46+00:00","breadcrumb":{"@id":"https:\/\/novoscuba.com\/community-guidelines\/#breadcrumb"},"inLanguage":"it-IT","potentialAction":[{"@type":"ReadAction","target":["https:\/\/novoscuba.com\/community-guidelines\/"]}]},{"@type":"ImageObject","inLanguage":"it-IT","@id":"https:\/\/novoscuba.com\/community-guidelines\/#primaryimage","url":"https:\/\/novoscuba.com\/wp-content\/uploads\/2025\/05\/AdobeStock_457310377-scaled-1.webp","contentUrl":"https:\/\/novoscuba.com\/wp-content\/uploads\/2025\/05\/AdobeStock_457310377-scaled-1.webp","width":1920,"height":1277},{"@type":"BreadcrumbList","@id":"https:\/\/novoscuba.com\/community-guidelines\/#breadcrumb","itemListElement":[{"@type":"ListItem","position":1,"name":"Home","item":"https:\/\/novoscuba.com\/"},{"@type":"ListItem","position":2,"name":"Community Guidelines"}]},{"@type":"WebSite","@id":"https:\/\/novoscuba.com\/en_gb\/#website","url":"https:\/\/novoscuba.com\/en_gb\/","name":"NovoScuba","description":"Immersioni subacquee ridefinite","publisher":{"@id":"https:\/\/novoscuba.com\/en_gb\/#organization"},"potentialAction":[{"@type":"SearchAction","target":{"@type":"EntryPoint","urlTemplate":"https:\/\/novoscuba.com\/en_gb\/?s={search_term_string}"},"query-input":{"@type":"PropertyValueSpecification","valueRequired":true,"valueName":"search_term_string"}}],"inLanguage":"it-IT"},{"@type":"Organization","@id":"https:\/\/novoscuba.com\/en_gb\/#organization","name":"NovoScuba","url":"https:\/\/novoscuba.com\/en_gb\/","logo":{"@type":"ImageObject","inLanguage":"it-IT","@id":"https:\/\/novoscuba.com\/en_gb\/#\/schema\/logo\/image\/","url":"https:\/\/novoscuba.com\/wp-content\/uploads\/2025\/05\/NovoScuba-Logo_Dark-scaled.jpg","contentUrl":"https:\/\/novoscuba.com\/wp-content\/uploads\/2025\/05\/NovoScuba-Logo_Dark-scaled.jpg","width":2560,"height":877,"caption":"NovoScuba"},"image":{"@id":"https:\/\/novoscuba.com\/en_gb\/#\/schema\/logo\/image\/"},"sameAs":["https:\/\/www.facebook.com\/novoscuba"]}]}},"_links":{"self":[{"href":"https:\/\/novoscuba.com\/it\/wp-json\/wp\/v2\/pages\/6685","targetHints":{"allow":["GET"]}}],"collection":[{"href":"https:\/\/novoscuba.com\/it\/wp-json\/wp\/v2\/pages"}],"about":[{"href":"https:\/\/novoscuba.com\/it\/wp-json\/wp\/v2\/types\/page"}],"author":[{"embeddable":true,"href":"https:\/\/novoscuba.com\/it\/wp-json\/wp\/v2\/users\/2"}],"replies":[{"embeddable":true,"href":"https:\/\/novoscuba.com\/it\/wp-json\/wp\/v2\/comments?post=6685"}],"version-history":[{"count":10,"href":"https:\/\/novoscuba.com\/it\/wp-json\/wp\/v2\/pages\/6685\/revisions"}],"predecessor-version":[{"id":13292,"href":"https:\/\/novoscuba.com\/it\/wp-json\/wp\/v2\/pages\/6685\/revisions\/13292"}],"wp:featuredmedia":[{"embeddable":true,"href":"https:\/\/novoscuba.com\/it\/wp-json\/wp\/v2\/media\/6686"}],"wp:attachment":[{"href":"https:\/\/novoscuba.com\/it\/wp-json\/wp\/v2\/media?parent=6685"}],"curies":[{"name":"parola chiave","href":"https:\/\/api.w.org\/{rel}","templated":true}]}}