{"id":10595,"date":"2024-05-01T13:57:47","date_gmt":"2024-05-01T13:57:47","guid":{"rendered":"https:\/\/novoscuba.com\/novoscuba-membership\/"},"modified":"2025-05-24T06:14:35","modified_gmt":"2025-05-24T06:14:35","slug":"novoscuba-membership","status":"publish","type":"page","link":"https:\/\/novoscuba.com\/it\/novoscuba-membership\/","title":{"rendered":"Iscrizione a NovoScuba"},"content":{"rendered":"<h1>Formazione<br \/>pagina di addestramento <br \/>Ridefinita<\/h1>\n<p>\t\t\t<a href=\"https:\/\/novoscuba.com\/it\/registro\/free\/\"><br \/>\n\t\t\t\t\t\t\t\t\tInizia<br \/>\n\t\t\t\t\t<\/a><\/p>\n<p>Siete gi\u00e0 abbonati?<\/p>\n<p>2.15.1.0<br \/>\n\t\t\t<a href=\"\/wp-login.php\"><br \/>\n\t\t\t\t\t\t\t\t\tLogin<br \/>\n\t\t\t\t\t<\/a><br \/>\n\t\t\t\t\t\t\t\t\t\t\t\t\t<img loading=\"lazy\" decoding=\"async\" width=\"1200\" height=\"971\" src=\"https:\/\/novoscuba.com\/wp-content\/uploads\/2025\/05\/Course-Grid.webp\" alt=\"\" srcset=\"https:\/\/novoscuba.com\/wp-content\/uploads\/2025\/05\/Course-Grid.webp 1200w, https:\/\/novoscuba.com\/wp-content\/uploads\/2025\/05\/Course-Grid-300x243.webp 300w, https:\/\/novoscuba.com\/wp-content\/uploads\/2025\/05\/Course-Grid-1024x829.webp 1024w, https:\/\/novoscuba.com\/wp-content\/uploads\/2025\/05\/Course-Grid-768x621.webp 768w, https:\/\/novoscuba.com\/wp-content\/uploads\/2025\/05\/Course-Grid-360x291.webp 360w, https:\/\/novoscuba.com\/wp-content\/uploads\/2025\/05\/Course-Grid-624x505.webp 624w, https:\/\/novoscuba.com\/wp-content\/uploads\/2025\/05\/Course-Grid.webp 40w, https:\/\/novoscuba.com\/wp-content\/uploads\/2025\/05\/Course-Grid.webp 50w, https:\/\/novoscuba.com\/wp-content\/uploads\/2025\/05\/Course-Grid.webp 100w, https:\/\/novoscuba.com\/wp-content\/uploads\/2025\/05\/Course-Grid.webp 600w\" sizes=\"auto, (max-width: 1200px) 100vw, 1200px\" \/>\t\t\t\t\t\t\t\t\t\t\t\t\t<\/p>\n<p>Corsi<\/p>\n<h2>Accesso a tutti i nostri corsi di immersione ricreativa<\/h2>\n<p>Perch\u00e9 pagare tariffe elevate per ogni corso? Con NovoScuba puoi accedere a tutti i nostri corsi eLearning con un unico, conveniente abbonamento mensile*. Che tu sia alle prime armi con le immersioni o voglia migliorare le tue competenze, abbiamo la soluzione che fa per te.<\/p>\n<p>*Esclusi i corsi professionali<\/p>\n<h2>Dive Pro?<\/h2>\n<p>Scopri i vantaggi dell' iscrizione a NovoScuba per i Dive Pro e i Centri d' Immersione<\/p>\n<p>\t\t\t<a href=\"https:\/\/novoscuba.com\/it\/novoscuba-for-dive-pros-and-stores\/\"><br \/>\n\t\t\t\t\t\t\t\t\tPer saperne di pi\u00f9<br \/>\n\t\t\t\t\t<\/a><\/p>\n<p>DiveConnect<\/p>\n<h2>Comunit\u00e0<\/h2>\n<p>Immergetevi nella vivace comunit\u00e0 di DiveConnect, il vostro punto di riferimento per entrare in contatto con altri appassionati ed esperti! Se state cercando di scambiare storie, chiedere consigli o condividere le vostre ultime avventure subacquee, i nostri forum sono pieni di attivit\u00e0.<\/p>\n<p>\u00a0<\/p>\n<p>\t\t\t\t\t\t\t\t\t\t\t\t\t<img loading=\"lazy\" decoding=\"async\" width=\"1200\" height=\"800\" src=\"https:\/\/novoscuba.com\/wp-content\/uploads\/2025\/05\/Friends.webp\" alt=\"\" srcset=\"https:\/\/novoscuba.com\/wp-content\/uploads\/2025\/05\/Friends.webp 1200w, https:\/\/novoscuba.com\/wp-content\/uploads\/2025\/05\/Friends-300x200.webp 300w, https:\/\/novoscuba.com\/wp-content\/uploads\/2025\/05\/Friends-1024x683.webp 1024w, https:\/\/novoscuba.com\/wp-content\/uploads\/2025\/05\/Friends-768x512.webp 768w, https:\/\/novoscuba.com\/wp-content\/uploads\/2025\/05\/Friends-360x240.webp 360w, https:\/\/novoscuba.com\/wp-content\/uploads\/2025\/05\/Friends-624x416.webp 624w, https:\/\/novoscuba.com\/wp-content\/uploads\/2025\/05\/Friends.webp 40w, https:\/\/novoscuba.com\/wp-content\/uploads\/2025\/05\/Friends.webp 50w, https:\/\/novoscuba.com\/wp-content\/uploads\/2025\/05\/Friends.webp 100w, https:\/\/novoscuba.com\/wp-content\/uploads\/2025\/05\/Friends.webp 600w\" sizes=\"auto, (max-width: 1200px) 100vw, 1200px\" \/><br \/>\n\t\t\t\t\t\t\t\t\t\t\t\t\t<img loading=\"lazy\" decoding=\"async\" width=\"924\" height=\"580\" src=\"https:\/\/novoscuba.com\/wp-content\/uploads\/2025\/05\/NovoScuba-Laptop.webp\" alt=\"\" srcset=\"https:\/\/novoscuba.com\/wp-content\/uploads\/2025\/05\/NovoScuba-Laptop.webp 924w, https:\/\/novoscuba.com\/wp-content\/uploads\/2025\/05\/NovoScuba-Laptop-300x188.webp 300w, https:\/\/novoscuba.com\/wp-content\/uploads\/2025\/05\/NovoScuba-Laptop-768x482.webp 768w, https:\/\/novoscuba.com\/wp-content\/uploads\/2025\/05\/NovoScuba-Laptop-360x226.webp 360w, https:\/\/novoscuba.com\/wp-content\/uploads\/2025\/05\/NovoScuba-Laptop-624x392.webp 624w, https:\/\/novoscuba.com\/wp-content\/uploads\/2025\/05\/NovoScuba-Laptop.webp 40w, https:\/\/novoscuba.com\/wp-content\/uploads\/2025\/05\/NovoScuba-Laptop.webp 50w, https:\/\/novoscuba.com\/wp-content\/uploads\/2025\/05\/NovoScuba-Laptop.webp 100w, https:\/\/novoscuba.com\/wp-content\/uploads\/2025\/05\/NovoScuba-Laptop.webp 600w\" sizes=\"auto, (max-width: 924px) 100vw, 924px\" \/>\t\t\t\t\t\t\t\t\t\t\t\t\t<\/p>\n<p>DiveConnect<\/p>\n<h2>Webinar<\/h2>\n<p>Ma non \u00e8 tutto: migliorate le vostre competenze e conoscenze sintonizzandovi sui nostri webinar informativi.<\/p>\n<p>Con DiveConnect non vi limitate a esplorare le profondit\u00e0, ma approfondite le connessioni. Iscrivetevi oggi stesso e iniziate a fare onde nel vostro viaggio subacqueo!<\/p>\n<h2>Iscriviti oggi!<\/h2>\n<p>Mensile<\/p>\n<p>Annuale<\/p>\n<p>2.15.1.0\t\t<\/p>\n<h2>Standard NovoScuba<\/h2>\n<h2>GRATUITO<\/h2>\n<ul>\n<li>\n\t\t\t\t\t\t\t\t\t\tCompagni di immersione\n\t\t\t\t\t\t\t\t\t<\/li>\n<li>\n\t\t\t\t\t\t\t\t\t\tIntro to Scuba\n\t\t\t\t\t\t\t\t\t<\/li>\n<li>\n\t\t\t\t\t\t\t\t\t\tForum\n\t\t\t\t\t\t\t\t\t<\/li>\n<\/ul>\n<p>\t\t\t<a href=\"#\"><br \/>\n\t\t\t\t\t\t\t\t\tProva gratuitamente<br \/>\n\t\t\t\t\t<\/a><\/p>\n<h2>NovoScuba Premium<\/h2>\n<h2>$14.99\/<em style=\"font-size: 19px\">mese<\/em><br \/>\n<\/h2>\n<ul>\n<li>\n\t\t\t\t\t\t\t\t\t\tOgni corso\n\t\t\t\t\t\t\t\t\t<\/li>\n<li>\n\t\t\t\t\t\t\t\t\t\tWebinar\n\t\t\t\t\t\t\t\t\t<\/li>\n<li>\n\t\t\t\t\t\t\t\t\t\tDiveConnect\n\t\t\t\t\t\t\t\t\t<\/li>\n<li>\n\t\t\t\t\t\t\t\t\t\tLibreria di foto e video\n\t\t\t\t\t\t\t\t\t<\/li>\n<li>\n\t\t\t\t\t\t\t\t\t\tCompagni di immersione\n\t\t\t\t\t\t\t\t\t<\/li>\n<\/ul>\n<p>\t\t\t<a href=\"#\"><br \/>\n\t\t\t\t\t\t\t\t\tSeleziona il piano<br \/>\n\t\t\t\t\t<\/a><\/p>\n<p>Solo 49 centesimi al giorno. Fatturazione annuale.<\/p>\n<h2>NovoScuba Plus<\/h2>\n<h2>$3.25\/<em style=\"font-size: 19px\">mese<\/em><br \/>\n<\/h2>\n<ul>\n<li>\n\t\t\t\t\t\t\t\t\t\tCorso mensile gratuito\n\t\t\t\t\t\t\t\t\t<\/li>\n<li>\n\t\t\t\t\t\t\t\t\t\tCompagni di immersione\n\t\t\t\t\t\t\t\t\t<\/li>\n<li>\n\t\t\t\t\t\t\t\t\t\tInto to Scuba\n\t\t\t\t\t\t\t\t\t<\/li>\n<li>\n\t\t\t\t\t\t\t\t\t\tWebinar\n\t\t\t\t\t\t\t\t\t<\/li>\n<\/ul>\n<p>\t\t\t<a href=\"#\"><br \/>\n\t\t\t\t\t\t\t\t\tSeleziona il piano<br \/>\n\t\t\t\t\t<\/a><\/p>\n<p>meno di 11 centesimi al giorno. Fatturato annualmente<\/p>\n<p>2.15.1.0\t\t<\/p>\n<h2>Standard NovoScuba<\/h2>\n<h2>GRATUITO<\/h2>\n<ul>\n<li>\n\t\t\t\t\t\t\t\t\t\tCompagni di immersione\n\t\t\t\t\t\t\t\t\t<\/li>\n<li>\n\t\t\t\t\t\t\t\t\t\tIntro to Scuba\n\t\t\t\t\t\t\t\t\t<\/li>\n<li>\n\t\t\t\t\t\t\t\t\t\tForum\n\t\t\t\t\t\t\t\t\t<\/li>\n<\/ul>\n<p>\t\t\t<a href=\"#\"><br \/>\n\t\t\t\t\t\t\t\t\tProva gratuitamente<br \/>\n\t\t\t\t\t<\/a><\/p>\n<h2>NovoScuba Premium<\/h2>\n<h2>$14.99\/<em style=\"font-size: 19px\">mese<\/em><br \/>\n<\/h2>\n<ul>\n<li>\n\t\t\t\t\t\t\t\t\t\tOgni corso\n\t\t\t\t\t\t\t\t\t<\/li>\n<li>\n\t\t\t\t\t\t\t\t\t\tWebinar\n\t\t\t\t\t\t\t\t\t<\/li>\n<li>\n\t\t\t\t\t\t\t\t\t\tDiveConnect\n\t\t\t\t\t\t\t\t\t<\/li>\n<li>\n\t\t\t\t\t\t\t\t\t\tLibreria di foto e video\n\t\t\t\t\t\t\t\t\t<\/li>\n<li>\n\t\t\t\t\t\t\t\t\t\tCompagni di immersione\n\t\t\t\t\t\t\t\t\t<\/li>\n<\/ul>\n<p>\t\t\t<a href=\"#\"><br \/>\n\t\t\t\t\t\t\t\t\tSeleziona il piano<br \/>\n\t\t\t\t\t<\/a><\/p>\n<p>Solo 49 centesimi al giorno. Fatturazione annuale.<\/p>\n<h2>NovoScuba Plus<\/h2>\n<h2>$3.25\/<em style=\"font-size: 19px\">mese<\/em><br \/>\n<\/h2>\n<ul>\n<li>\n\t\t\t\t\t\t\t\t\t\tCorso mensile gratuito\n\t\t\t\t\t\t\t\t\t<\/li>\n<li>\n\t\t\t\t\t\t\t\t\t\tCompagni di immersione\n\t\t\t\t\t\t\t\t\t<\/li>\n<li>\n\t\t\t\t\t\t\t\t\t\tInto to Scuba\n\t\t\t\t\t\t\t\t\t<\/li>\n<li>\n\t\t\t\t\t\t\t\t\t\tWebinar\n\t\t\t\t\t\t\t\t\t<\/li>\n<\/ul>\n<p>\t\t\t<a href=\"#\"><br \/>\n\t\t\t\t\t\t\t\t\tSeleziona il piano<br \/>\n\t\t\t\t\t<\/a><\/p>\n<p>meno di 11 centesimi al giorno. Fatturato annualmente<\/p>\n<p>2.15.1.0\t\t<\/p>\n<h2>Standard NovoScuba<\/h2>\n<h2>GRATUITO<\/h2>\n<ul>\n<li>\n\t\t\t\t\t\t\t\t\t\tCompagni di immersione\n\t\t\t\t\t\t\t\t\t<\/li>\n<li>\n\t\t\t\t\t\t\t\t\t\tIntro to Scuba\n\t\t\t\t\t\t\t\t\t<\/li>\n<li>\n\t\t\t\t\t\t\t\t\t\tForum\n\t\t\t\t\t\t\t\t\t<\/li>\n<\/ul>\n<p>\t\t\t<a href=\"#\"><br \/>\n\t\t\t\t\t\t\t\t\tProva gratuitamente<br \/>\n\t\t\t\t\t<\/a><\/p>\n<h2>NovoScuba Premium<\/h2>\n<h2>$179.99\/<em style=\"font-size: 19px\">anno<\/em><br \/>\n<\/h2>\n<ul>\n<li>\n\t\t\t\t\t\t\t\t\t\tOgni corso\n\t\t\t\t\t\t\t\t\t<\/li>\n<li>\n\t\t\t\t\t\t\t\t\t\tWebinar\n\t\t\t\t\t\t\t\t\t<\/li>\n<li>\n\t\t\t\t\t\t\t\t\t\tDiveConnect\n\t\t\t\t\t\t\t\t\t<\/li>\n<li>\n\t\t\t\t\t\t\t\t\t\tLibreria di foto e video\n\t\t\t\t\t\t\t\t\t<\/li>\n<li>\n\t\t\t\t\t\t\t\t\t\tCompagni di immersione\n\t\t\t\t\t\t\t\t\t<\/li>\n<\/ul>\n<p>\t\t\t<a href=\"#\"><br \/>\n\t\t\t\t\t\t\t\t\tSeleziona il piano<br \/>\n\t\t\t\t\t<\/a><\/p>\n<p>Solo $14,99 al mese. Fatturazione annuale<\/p>\n<h2>NovoScuba Plus<\/h2>\n<h2>$3.25\/<em style=\"font-size: 19px\">anno<\/em><br \/>\n<\/h2>\n<ul>\n<li>\n\t\t\t\t\t\t\t\t\t\tCorso mensile gratuito\n\t\t\t\t\t\t\t\t\t<\/li>\n<li>\n\t\t\t\t\t\t\t\t\t\tCompagni di immersione\n\t\t\t\t\t\t\t\t\t<\/li>\n<li>\n\t\t\t\t\t\t\t\t\t\tInto to Scuba\n\t\t\t\t\t\t\t\t\t<\/li>\n<li>\n\t\t\t\t\t\t\t\t\t\tWebinar\n\t\t\t\t\t\t\t\t\t<\/li>\n<\/ul>\n<p>\t\t\t<a href=\"#\"><br \/>\n\t\t\t\t\t\t\t\t\tSeleziona il piano<br \/>\n\t\t\t\t\t<\/a><\/p>\n<p>meno di $4 al mese Fatturato annualmente<\/p>\n<p>2.15.1.0\t\t<\/p>\n<style>\n.pricing-tables-2{\n    display: none;\n}\n<\/style>\n<h3>Sviluppa le tue immersioni con noi<\/h3>\n<p>\t\t\t\t\t\t\tAutori di corsi esperti\t\t\t\t\t\t<\/p>\n<p>\n\t\t\t\t\t\tI nostri corsi sono stati progettati dal team NovoScuba, utilizzando decenni di esperienza nella formazione subacquea.\t\t\t\t\t<\/p>\n<p>\t\t\t\t\t\t\tCorsi certificati ISO\t\t\t\t\t\t<\/p>\n<p>\n\t\t\t\t\t\tI nostri corsi sono certificati dalle norme ISO per le immersioni subacquee. \t\t\t\t\t<\/p>\n<p>\t\t\t\t\t\t\tImparate al vostro ritmo\t\t\t\t\t\t<\/p>\n<p>\n\t\t\t\t\t\tI corsi NovoScuba sono progettati per essere flessibili e soddisfare le esigenze dei singoli allievi.\t\t\t\t\t<\/p>\n<p>\t\t\t\t\t\t\tCertificati\t\t\t\t\t\t<\/p>\n<p>\n\t\t\t\t\t\tAl termine della formazione, riceverete la vostra cert card tramite Apple e Google Wallet. Inoltre, \u00e8 possibile scaricare un certificato gratuito\t\t\t\t\t<\/p>\n<h2>Elenco dei vantaggi<\/h2>\n<h3>Logbook<\/h3>\n<p>Ottenete l'accesso al nostro logbook online. Con l'iscrizione Premium riceverete anche il nostro logbook di formazione per registrare le competenze acquisite.<\/p>\n<p>\t\t\t<a href=\"#\"><br \/>\n\t\t\t\t\t\t\t\t\tPer saperne di pi\u00f9<br \/>\n\t\t\t\t\t<\/a><\/p>\n<h3>Libreria di foto e video<\/h3>\n<p>Condividete le vostre foto e i vostri video direttamente dalla vostra libreria multimediale personale<\/p>\n<p>\t\t\t<a href=\"#\"><br \/>\n\t\t\t\t\t\t\t\t\tPer saperne di pi\u00f9<br \/>\n\t\t\t\t\t<\/a><\/p>\n<h3>Comunit\u00e0 DiveConnect<\/h3>\n<p>Trovare e connettersi con i compagni di immersione, accedere ai nostri forum e webinar<\/p>\n<p>\t\t\t<a href=\"#\"><br \/>\n\t\t\t\t\t\t\t\t\tPer saperne di pi\u00f9<br \/>\n\t\t\t\t\t<\/a><br \/>\n\t\t\t\t\t\t\t\t\t\t\t\t\t<img loading=\"lazy\" decoding=\"async\" width=\"636\" height=\"636\" src=\"https:\/\/novoscuba.com\/wp-content\/uploads\/2025\/05\/Woman-SCUBA-Diving-Smiling-in-Ocean2-2.webp\" alt=\"\" srcset=\"https:\/\/novoscuba.com\/wp-content\/uploads\/2025\/05\/Woman-SCUBA-Diving-Smiling-in-Ocean2-2.webp 636w, https:\/\/novoscuba.com\/wp-content\/uploads\/2025\/05\/Woman-SCUBA-Diving-Smiling-in-Ocean2-2-300x300.webp 300w, https:\/\/novoscuba.com\/wp-content\/uploads\/2025\/05\/Woman-SCUBA-Diving-Smiling-in-Ocean2-2-150x150.webp 150w, https:\/\/novoscuba.com\/wp-content\/uploads\/2025\/05\/Woman-SCUBA-Diving-Smiling-in-Ocean2-2-360x360.webp 360w, https:\/\/novoscuba.com\/wp-content\/uploads\/2025\/05\/Woman-SCUBA-Diving-Smiling-in-Ocean2-2-624x624.webp 624w, https:\/\/novoscuba.com\/wp-content\/uploads\/2025\/05\/Woman-SCUBA-Diving-Smiling-in-Ocean2-2.webp 40w, https:\/\/novoscuba.com\/wp-content\/uploads\/2025\/05\/Woman-SCUBA-Diving-Smiling-in-Ocean2-2.webp 50w, https:\/\/novoscuba.com\/wp-content\/uploads\/2025\/05\/Woman-SCUBA-Diving-Smiling-in-Ocean2-2.webp 100w, https:\/\/novoscuba.com\/wp-content\/uploads\/2025\/05\/Woman-SCUBA-Diving-Smiling-in-Ocean2-2.webp 600w\" sizes=\"auto, (max-width: 636px) 100vw, 636px\" \/>\t\t\t\t\t\t\t\t\t\t\t\t\t<\/p>\n<p>\n\t\t\t\t\t\tAvere accesso a tutti i corsi NovoScuba \u00e8 fantastico! Mi permette di imparare molto di pi\u00f9 sulle immersioni subacquee. Essendo nuovo alle immersioni, la loro DiveCommunity \u00e8 preziosa. \t\t\t\t\t<\/p>\n<h5>Olivia Alice<\/h5>\n<p>\t\tSpecialista dell'insegnamento<br \/>\n\t\t\t\t\t\t\t\t\t\t\t\t\t<img decoding=\"async\" src=\"https:\/\/novoscuba.com\/wp-content\/uploads\/2025\/05\/bb-guarantee-02-2.svg\" title=\"\" alt=\"\" loading=\"lazy\" \/>\t\t\t\t\t\t\t\t\t\t\t\t\t<\/p>\n<h3>100% Garanzia di rimborso senza rischi<\/h3>\n<p>Se non sei soddisfatto di NovoScuba, faccelo sapere entro 14 giorni e ti rimborseremo. Senza fare domande.<\/p>","protected":false},"excerpt":{"rendered":"<p>DiverTraining Redefined Get Started Already a subscriber? 2.15.1.0 Login Courses Get access to all our recreational diving courses Why pay expensive rates per course? With&hellip;<\/p>","protected":false},"author":2,"featured_media":6691,"parent":0,"menu_order":0,"comment_status":"open","ping_status":"open","template":"","meta":{"_lat":0,"_lng":0,"_country":"","_entry":"","_max_depth_m":0,"_difficulty":"","pmpro_default_level":"","footnotes":""},"class_list":["post-10595","page","type-page","status-publish","has-post-thumbnail","hentry","pmpro-has-access"],"yoast_head":"<!-- This site is optimized with the Yoast SEO plugin v27.3 - https:\/\/yoast.com\/product\/yoast-seo-wordpress\/ -->\n<title>NovoScuba Membership - NovoScuba<\/title>\n<meta name=\"robots\" content=\"index, follow, max-snippet:-1, max-image-preview:large, max-video-preview:-1\" \/>\n<link rel=\"canonical\" href=\"https:\/\/novoscuba.com\/it\/novoscuba-membership\/\" \/>\n<meta property=\"og:locale\" content=\"it_IT\" \/>\n<meta property=\"og:type\" content=\"article\" \/>\n<meta property=\"og:title\" content=\"NovoScuba Membership - NovoScuba\" \/>\n<meta property=\"og:description\" content=\"DiverTraining Redefined Get Started Already a subscriber? 2.15.1.0 Login Courses Get access to all our recreational diving courses Why pay expensive rates per course? With&hellip;\" \/>\n<meta property=\"og:url\" content=\"https:\/\/novoscuba.com\/it\/novoscuba-membership\/\" \/>\n<meta property=\"og:site_name\" content=\"NovoScuba\" \/>\n<meta property=\"article:publisher\" content=\"https:\/\/www.facebook.com\/novoscuba\" \/>\n<meta property=\"article:modified_time\" content=\"2025-05-24T06:14:35+00:00\" \/>\n<meta property=\"og:image\" content=\"http:\/\/cdn.novoscuba.com\/media\/2025\/05\/Home-Page-Top-1-scaled-1.webp\" \/>\n\t<meta property=\"og:image:width\" content=\"2560\" \/>\n\t<meta property=\"og:image:height\" content=\"1706\" \/>\n\t<meta property=\"og:image:type\" content=\"image\/webp\" \/>\n<meta name=\"twitter:card\" content=\"summary_large_image\" \/>\n<meta name=\"twitter:label1\" content=\"Tempo di lettura stimato\" \/>\n\t<meta name=\"twitter:data1\" content=\"4 minuti\" \/>\n<script type=\"application\/ld+json\" class=\"yoast-schema-graph\">{\"@context\":\"https:\\\/\\\/schema.org\",\"@graph\":[{\"@type\":\"WebPage\",\"@id\":\"https:\\\/\\\/novoscuba.com\\\/novoscuba-membership\\\/\",\"url\":\"https:\\\/\\\/novoscuba.com\\\/novoscuba-membership\\\/\",\"name\":\"NovoScuba Membership - NovoScuba\",\"isPartOf\":{\"@id\":\"https:\\\/\\\/novoscuba.com\\\/en_gb\\\/#website\"},\"primaryImageOfPage\":{\"@id\":\"https:\\\/\\\/novoscuba.com\\\/novoscuba-membership\\\/#primaryimage\"},\"image\":{\"@id\":\"https:\\\/\\\/novoscuba.com\\\/novoscuba-membership\\\/#primaryimage\"},\"thumbnailUrl\":\"https:\\\/\\\/novoscuba.com\\\/wp-content\\\/uploads\\\/2025\\\/05\\\/Home-Page-Top-1-scaled-1.webp\",\"datePublished\":\"2024-05-01T13:57:47+00:00\",\"dateModified\":\"2025-05-24T06:14:35+00:00\",\"breadcrumb\":{\"@id\":\"https:\\\/\\\/novoscuba.com\\\/novoscuba-membership\\\/#breadcrumb\"},\"inLanguage\":\"it-IT\",\"potentialAction\":[{\"@type\":\"ReadAction\",\"target\":[\"https:\\\/\\\/novoscuba.com\\\/novoscuba-membership\\\/\"]}]},{\"@type\":\"ImageObject\",\"inLanguage\":\"it-IT\",\"@id\":\"https:\\\/\\\/novoscuba.com\\\/novoscuba-membership\\\/#primaryimage\",\"url\":\"https:\\\/\\\/novoscuba.com\\\/wp-content\\\/uploads\\\/2025\\\/05\\\/Home-Page-Top-1-scaled-1.webp\",\"contentUrl\":\"https:\\\/\\\/novoscuba.com\\\/wp-content\\\/uploads\\\/2025\\\/05\\\/Home-Page-Top-1-scaled-1.webp\",\"width\":2560,\"height\":1706},{\"@type\":\"BreadcrumbList\",\"@id\":\"https:\\\/\\\/novoscuba.com\\\/novoscuba-membership\\\/#breadcrumb\",\"itemListElement\":[{\"@type\":\"ListItem\",\"position\":1,\"name\":\"Home\",\"item\":\"https:\\\/\\\/novoscuba.com\\\/\"},{\"@type\":\"ListItem\",\"position\":2,\"name\":\"NovoScuba Membership\"}]},{\"@type\":\"WebSite\",\"@id\":\"https:\\\/\\\/novoscuba.com\\\/en_gb\\\/#website\",\"url\":\"https:\\\/\\\/novoscuba.com\\\/en_gb\\\/\",\"name\":\"NovoScuba\",\"description\":\"Scuba Diving Redefined\",\"publisher\":{\"@id\":\"https:\\\/\\\/novoscuba.com\\\/en_gb\\\/#organization\"},\"potentialAction\":[{\"@type\":\"SearchAction\",\"target\":{\"@type\":\"EntryPoint\",\"urlTemplate\":\"https:\\\/\\\/novoscuba.com\\\/en_gb\\\/?s={search_term_string}\"},\"query-input\":{\"@type\":\"PropertyValueSpecification\",\"valueRequired\":true,\"valueName\":\"search_term_string\"}}],\"inLanguage\":\"it-IT\"},{\"@type\":\"Organization\",\"@id\":\"https:\\\/\\\/novoscuba.com\\\/en_gb\\\/#organization\",\"name\":\"NovoScuba\",\"url\":\"https:\\\/\\\/novoscuba.com\\\/en_gb\\\/\",\"logo\":{\"@type\":\"ImageObject\",\"inLanguage\":\"it-IT\",\"@id\":\"https:\\\/\\\/novoscuba.com\\\/en_gb\\\/#\\\/schema\\\/logo\\\/image\\\/\",\"url\":\"https:\\\/\\\/novoscuba.com\\\/wp-content\\\/uploads\\\/2025\\\/05\\\/NovoScuba-Logo_Dark-scaled.jpg\",\"contentUrl\":\"https:\\\/\\\/novoscuba.com\\\/wp-content\\\/uploads\\\/2025\\\/05\\\/NovoScuba-Logo_Dark-scaled.jpg\",\"width\":2560,\"height\":877,\"caption\":\"NovoScuba\"},\"image\":{\"@id\":\"https:\\\/\\\/novoscuba.com\\\/en_gb\\\/#\\\/schema\\\/logo\\\/image\\\/\"},\"sameAs\":[\"https:\\\/\\\/www.facebook.com\\\/novoscuba\"]}]}<\/script>\n<!-- \/ Yoast SEO plugin. -->","yoast_head_json":{"title":"Iscrizione a NovoScuba - NovoScuba","robots":{"index":"index","follow":"follow","max-snippet":"max-snippet:-1","max-image-preview":"max-image-preview:large","max-video-preview":"max-video-preview:-1"},"canonical":"https:\/\/novoscuba.com\/it\/novoscuba-membership\/","og_locale":"it_IT","og_type":"article","og_title":"NovoScuba Membership - NovoScuba","og_description":"DiverTraining Redefined Get Started Already a subscriber? 2.15.1.0 Login Courses Get access to all our recreational diving courses Why pay expensive rates per course? With&hellip;","og_url":"https:\/\/novoscuba.com\/it\/novoscuba-membership\/","og_site_name":"NovoScuba","article_publisher":"https:\/\/www.facebook.com\/novoscuba","article_modified_time":"2025-05-24T06:14:35+00:00","og_image":[{"width":2560,"height":1706,"url":"cdn.novoscuba.com\/media\/2025\/05\/Home-Page-Top-1-scaled-1.webp","type":"image\/webp"}],"twitter_card":"summary_large_image","twitter_misc":{"Tempo di lettura stimato":"4 minuti"},"schema":{"@context":"https:\/\/schema.org","@graph":[{"@type":"WebPage","@id":"https:\/\/novoscuba.com\/novoscuba-membership\/","url":"https:\/\/novoscuba.com\/novoscuba-membership\/","name":"Iscrizione a NovoScuba - NovoScuba","isPartOf":{"@id":"https:\/\/novoscuba.com\/en_gb\/#website"},"primaryImageOfPage":{"@id":"https:\/\/novoscuba.com\/novoscuba-membership\/#primaryimage"},"image":{"@id":"https:\/\/novoscuba.com\/novoscuba-membership\/#primaryimage"},"thumbnailUrl":"https:\/\/novoscuba.com\/wp-content\/uploads\/2025\/05\/Home-Page-Top-1-scaled-1.webp","datePublished":"2024-05-01T13:57:47+00:00","dateModified":"2025-05-24T06:14:35+00:00","breadcrumb":{"@id":"https:\/\/novoscuba.com\/novoscuba-membership\/#breadcrumb"},"inLanguage":"it-IT","potentialAction":[{"@type":"ReadAction","target":["https:\/\/novoscuba.com\/novoscuba-membership\/"]}]},{"@type":"ImageObject","inLanguage":"it-IT","@id":"https:\/\/novoscuba.com\/novoscuba-membership\/#primaryimage","url":"https:\/\/novoscuba.com\/wp-content\/uploads\/2025\/05\/Home-Page-Top-1-scaled-1.webp","contentUrl":"https:\/\/novoscuba.com\/wp-content\/uploads\/2025\/05\/Home-Page-Top-1-scaled-1.webp","width":2560,"height":1706},{"@type":"BreadcrumbList","@id":"https:\/\/novoscuba.com\/novoscuba-membership\/#breadcrumb","itemListElement":[{"@type":"ListItem","position":1,"name":"Home","item":"https:\/\/novoscuba.com\/"},{"@type":"ListItem","position":2,"name":"NovoScuba Membership"}]},{"@type":"WebSite","@id":"https:\/\/novoscuba.com\/en_gb\/#website","url":"https:\/\/novoscuba.com\/en_gb\/","name":"NovoScuba","description":"Immersioni subacquee ridefinite","publisher":{"@id":"https:\/\/novoscuba.com\/en_gb\/#organization"},"potentialAction":[{"@type":"SearchAction","target":{"@type":"EntryPoint","urlTemplate":"https:\/\/novoscuba.com\/en_gb\/?s={search_term_string}"},"query-input":{"@type":"PropertyValueSpecification","valueRequired":true,"valueName":"search_term_string"}}],"inLanguage":"it-IT"},{"@type":"Organization","@id":"https:\/\/novoscuba.com\/en_gb\/#organization","name":"NovoScuba","url":"https:\/\/novoscuba.com\/en_gb\/","logo":{"@type":"ImageObject","inLanguage":"it-IT","@id":"https:\/\/novoscuba.com\/en_gb\/#\/schema\/logo\/image\/","url":"https:\/\/novoscuba.com\/wp-content\/uploads\/2025\/05\/NovoScuba-Logo_Dark-scaled.jpg","contentUrl":"https:\/\/novoscuba.com\/wp-content\/uploads\/2025\/05\/NovoScuba-Logo_Dark-scaled.jpg","width":2560,"height":877,"caption":"NovoScuba"},"image":{"@id":"https:\/\/novoscuba.com\/en_gb\/#\/schema\/logo\/image\/"},"sameAs":["https:\/\/www.facebook.com\/novoscuba"]}]}},"_links":{"self":[{"href":"https:\/\/novoscuba.com\/it\/wp-json\/wp\/v2\/pages\/10595","targetHints":{"allow":["GET"]}}],"collection":[{"href":"https:\/\/novoscuba.com\/it\/wp-json\/wp\/v2\/pages"}],"about":[{"href":"https:\/\/novoscuba.com\/it\/wp-json\/wp\/v2\/types\/page"}],"author":[{"embeddable":true,"href":"https:\/\/novoscuba.com\/it\/wp-json\/wp\/v2\/users\/2"}],"replies":[{"embeddable":true,"href":"https:\/\/novoscuba.com\/it\/wp-json\/wp\/v2\/comments?post=10595"}],"version-history":[{"count":1,"href":"https:\/\/novoscuba.com\/it\/wp-json\/wp\/v2\/pages\/10595\/revisions"}],"predecessor-version":[{"id":10597,"href":"https:\/\/novoscuba.com\/it\/wp-json\/wp\/v2\/pages\/10595\/revisions\/10597"}],"wp:featuredmedia":[{"embeddable":true,"href":"https:\/\/novoscuba.com\/it\/wp-json\/wp\/v2\/media\/6691"}],"wp:attachment":[{"href":"https:\/\/novoscuba.com\/it\/wp-json\/wp\/v2\/media?parent=10595"}],"curies":[{"name":"parola chiave","href":"https:\/\/api.w.org\/{rel}","templated":true}]}}