{"id":6685,"date":"2023-08-15T02:14:32","date_gmt":"2023-08-15T02:14:32","guid":{"rendered":"https:\/\/novoscuba.com\/community-guidelines-5-2\/"},"modified":"2025-06-21T22:30:46","modified_gmt":"2025-06-21T15:30:46","slug":"lignes-directrices-de-la-communaute","status":"publish","type":"page","link":"https:\/\/novoscuba.com\/fr\/community-guidelines\/","title":{"rendered":"Lignes directrices communautaires"},"content":{"rendered":"<div data-elementor-type=\"wp-page\" data-elementor-id=\"6685\" class=\"elementor elementor-6685\" data-elementor-post-type=\"page\">\n\t\t\t\t<div class=\"elementor-element elementor-element-705349c3 e-flex e-con-boxed e-con e-parent\" data-id=\"705349c3\" data-element_type=\"container\" data-e-type=\"container\">\n\t\t\t\t\t<div class=\"e-con-inner\">\n\t\t\t\t<div class=\"elementor-element elementor-element-52a35198 elementor-widget elementor-widget-text-editor\" data-id=\"52a35198\" data-element_type=\"widget\" data-e-type=\"widget\" data-widget_type=\"text-editor.default\">\n\t\t\t\t<div class=\"elementor-widget-container\">\n\t\t\t\t\t\t\t\t\t<h3>Bonjour!<\/h3><p>Bienvenue dans l&#039;incroyable communaut\u00e9 NovoScuba ! Nous sommes ravis de vous accueillir parmi un groupe de plongeurs passionn\u00e9s qui partagent votre insatiable curiosit\u00e9 et votre soif d&#039;explorer le monde sous-marin \u00e0 couper le souffle.<\/p><h3>La communaut\u00e9 NovoScuba<\/h3><p>Votre adh\u00e9sion marque le d\u00e9but d&#039;un parcours enrichissant et riche en possibilit\u00e9s de d\u00e9velopper vos comp\u00e9tences et votre exp\u00e9rience. Chez NovoScuba, nous nous effor\u00e7ons de cultiver une communaut\u00e9 qui valorise l&#039;innovation, la d\u00e9termination et l&#039;esprit collaboratif. Gr\u00e2ce \u00e0 votre talent exceptionnel, vos id\u00e9es innovantes et votre \u00e9nergie d\u00e9bordante, nous pouvons accomplir ensemble sans limite. Saisissons chaque opportunit\u00e9 de relever de nouveaux d\u00e9fis, de plonger vers l&#039;inconnu et de concr\u00e9tiser vos aspirations. Nous sommes convaincus que votre engagement et votre contribution \u00e0 notre communaut\u00e9 sauront vous propulser vers l&#039;excellence. Pr\u00e9parez-vous \u00e0 faire sensation et \u00e0 ramener des souvenirs inoubliables. Bienvenue \u00e0 bord\u00a0!<\/p><h3>Soyez curieux<\/h3><p>C&#039;est un lieu pour aider les autres et trouver des personnes qui vous inspirent et vous aident \u00e0 grandir. \u00catre curieux signifie poser des questions, faire preuve d&#039;ing\u00e9niosit\u00e9 et chercher des r\u00e9ponses par soi-m\u00eame, partager son feedback par les canaux appropri\u00e9s et apprendre continuellement.<\/p><h3>Soyez gentil<\/h3><p>Ensemble, cr\u00e9ons un environnement o\u00f9 chacun se sent en s\u00e9curit\u00e9 et bienvenu en adoptant un ton positif et des commentaires constructifs. Sachez qu&#039;il s&#039;agit d&#039;une communaut\u00e9 mondiale compos\u00e9e de personnes de diff\u00e9rents pays, aux perspectives, aux origines, aux cultures et aux niveaux d&#039;exp\u00e9rience vari\u00e9s.<\/p><h3>Soyez utile<\/h3><p>Sachez que chacun apprend ici \u00e0 son rythme et r\u00e9fl\u00e9chissez \u00e0 votre contribution avant de publier. N&#039;h\u00e9sitez pas \u00e0 partager vos difficult\u00e9s, \u00e0 r\u00e9pondre \u00e0 vos questions, \u00e0 soutenir les autres, \u00e0 proposer des ressources utiles, \u00e0 lancer des discussions et \u00e0 tisser des liens.<\/p><h2>R\u00e8gles de la communaut\u00e9<\/h2><p>Bien que nous vous encourageons vivement \u00e0 partager vos pens\u00e9es et vos opinions, assurez-vous de le faire avec respect et de consid\u00e9rer la mani\u00e8re dont vos paroles pourraient affecter les autres.<\/p><p>Soyez gentil et respectueux<\/p><p>Ensemble, cr\u00e9ons un environnement positif et accueillant o\u00f9 chacun se sent libre d&#039;\u00e9changer ses id\u00e9es, ses r\u00e9flexions et ses commentaires. Soyons solidaires, respectons les opinions individuelles et signalons les publications inappropri\u00e9es si n\u00e9cessaire.<\/p><p>Donnez plus que vous ne prenez, \u2013 Pas de sollicitations<\/p><p>Cela inclut l&#039;autopromotion, les messages directs non sollicit\u00e9s, le spam, les pr\u00e9sentations d&#039;instructeurs ou d&#039;administrateurs, ainsi que toute vente d\u00e9guis\u00e9e en contenu ou en messages d&#039;aide visant \u00e0 g\u00e9n\u00e9rer des prospects. Ces types de messages seront supprim\u00e9s afin de nous concentrer sur des discussions constructives.<\/p><p>Tol\u00e9rance z\u00e9ro pour le harc\u00e8lement<\/p><p>Vous devez remettre en question les id\u00e9es avec respect, mais n&#039;attaquez jamais directement une personne. Tout message, commentaire ou message priv\u00e9 adress\u00e9 aux membres ou aux administrateurs et jug\u00e9 inappropri\u00e9, grossier ou agressif sera imm\u00e9diatement supprim\u00e9. Cela inclut les messages diffusant de fausses informations et perturbant le groupe.<\/p><p>Soyez pertinent \u2013 Nous sommes l\u00e0 pour apprendre<\/p><p>L&#039;objectif de cette communaut\u00e9 est de vous accompagner dans votre apprentissage gr\u00e2ce aux cours propos\u00e9s sur ce site web. Toute promotion de cours ou de produits non pertinents pour cet objectif d&#039;apprentissage sera supprim\u00e9e.<\/p><h3>Violations de nos r\u00e8gles communautaires<\/h3><p>Si vous rencontrez ou \u00eates t\u00e9moin d&#039;un comportement contraire \u00e0 nos R\u00e8gles communautaires, veuillez nous contacter par e-mail. <a href=\"mailto:community@novoscuba.com\">community@novoscuba.com<\/a>Nous respectons votre vie priv\u00e9e et tous les rapports par courrier \u00e9lectronique restent confidentiels.<\/p><p>Dans la plupart des cas, un avertissement sera \u00e9mis et, en fonction de la gravit\u00e9 du comportement, le membre pourra \u00eatre retir\u00e9 du groupe.<\/p><p>Nous privil\u00e9gions les \u00e9changes constructifs et ne supprimons aucune publication ni aucun commentaire, sauf si nous estimons qu&#039;ils contredisent directement ces r\u00e8gles. Cette d\u00e9cision est laiss\u00e9e \u00e0 la discr\u00e9tion des administrateurs de notre communaut\u00e9, et nous restons \u00e0 votre disposition pour discuter plus en d\u00e9tail de vos questions ou de celles des autres.<\/p><p>Nous sommes ravis de vous avoir ici et de faire partie de votre voyage de plong\u00e9e !<\/p>\t\t\t\t\t\t\t\t<\/div>\n\t\t\t\t<\/div>\n\t\t\t\t\t<\/div>\n\t\t\t\t<\/div>\n\t\t\t\t<\/div>","protected":false},"excerpt":{"rendered":"<p>Bonjour ! Bienvenue dans l&#039;incroyable communaut\u00e9 NovoScuba ! Nous sommes ravis de vous compter parmi nous, plongeurs passionn\u00e9s qui partageons votre passion\u2026<\/p>","protected":false},"author":2,"featured_media":6686,"parent":0,"menu_order":0,"comment_status":"open","ping_status":"closed","template":"","meta":{"_lat":0,"_lng":0,"_country":"","_entry":"","_max_depth_m":0,"_difficulty":"","pmpro_default_level":"","footnotes":""},"class_list":["post-6685","page","type-page","status-publish","has-post-thumbnail","hentry","pmpro-has-access"],"yoast_head":"<!-- This site is optimized with the Yoast SEO plugin v27.2 - https:\/\/yoast.com\/product\/yoast-seo-wordpress\/ -->\n<title>Community Guidelines - NovoScuba<\/title>\n<meta name=\"robots\" content=\"index, follow, max-snippet:-1, max-image-preview:large, max-video-preview:-1\" \/>\n<link rel=\"canonical\" href=\"https:\/\/novoscuba.com\/fr\/lignes-directrices-de-la-communaute\/\" \/>\n<meta property=\"og:locale\" content=\"fr_FR\" \/>\n<meta property=\"og:type\" content=\"article\" \/>\n<meta property=\"og:title\" content=\"Community Guidelines - NovoScuba\" \/>\n<meta property=\"og:description\" content=\"Hello there! Welcome to the incredible NovoScuba Community! We are thrilled to have you join a group of passionate scuba divers who share your insatiable&hellip;\" \/>\n<meta property=\"og:url\" content=\"https:\/\/novoscuba.com\/fr\/lignes-directrices-de-la-communaute\/\" \/>\n<meta property=\"og:site_name\" content=\"NovoScuba\" \/>\n<meta property=\"article:publisher\" content=\"https:\/\/www.facebook.com\/novoscuba\" \/>\n<meta property=\"article:modified_time\" content=\"2025-06-21T15:30:46+00:00\" \/>\n<meta property=\"og:image\" content=\"http:\/\/cdn.novoscuba.com\/media\/2025\/05\/AdobeStock_457310377-scaled-1.webp\" \/>\n\t<meta property=\"og:image:width\" content=\"1920\" \/>\n\t<meta property=\"og:image:height\" content=\"1277\" \/>\n\t<meta property=\"og:image:type\" content=\"image\/webp\" \/>\n<meta name=\"twitter:card\" content=\"summary_large_image\" \/>\n<meta name=\"twitter:label1\" content=\"Dur\u00e9e de lecture estim\u00e9e\" \/>\n\t<meta name=\"twitter:data1\" content=\"3 minutes\" \/>\n<script type=\"application\/ld+json\" class=\"yoast-schema-graph\">{\"@context\":\"https:\/\/schema.org\",\"@graph\":[{\"@type\":\"WebPage\",\"@id\":\"https:\/\/novoscuba.com\/community-guidelines\/\",\"url\":\"https:\/\/novoscuba.com\/community-guidelines\/\",\"name\":\"Community Guidelines - NovoScuba\",\"isPartOf\":{\"@id\":\"https:\/\/novoscuba.com\/en_gb\/#website\"},\"primaryImageOfPage\":{\"@id\":\"https:\/\/novoscuba.com\/community-guidelines\/#primaryimage\"},\"image\":{\"@id\":\"https:\/\/novoscuba.com\/community-guidelines\/#primaryimage\"},\"thumbnailUrl\":\"https:\/\/novoscuba.com\/wp-content\/uploads\/2025\/05\/AdobeStock_457310377-scaled-1.webp\",\"datePublished\":\"2023-08-15T02:14:32+00:00\",\"dateModified\":\"2025-06-21T15:30:46+00:00\",\"breadcrumb\":{\"@id\":\"https:\/\/novoscuba.com\/community-guidelines\/#breadcrumb\"},\"inLanguage\":\"fr-FR\",\"potentialAction\":[{\"@type\":\"ReadAction\",\"target\":[\"https:\/\/novoscuba.com\/community-guidelines\/\"]}]},{\"@type\":\"ImageObject\",\"inLanguage\":\"fr-FR\",\"@id\":\"https:\/\/novoscuba.com\/community-guidelines\/#primaryimage\",\"url\":\"https:\/\/novoscuba.com\/wp-content\/uploads\/2025\/05\/AdobeStock_457310377-scaled-1.webp\",\"contentUrl\":\"https:\/\/novoscuba.com\/wp-content\/uploads\/2025\/05\/AdobeStock_457310377-scaled-1.webp\",\"width\":1920,\"height\":1277},{\"@type\":\"BreadcrumbList\",\"@id\":\"https:\/\/novoscuba.com\/community-guidelines\/#breadcrumb\",\"itemListElement\":[{\"@type\":\"ListItem\",\"position\":1,\"name\":\"Home\",\"item\":\"https:\/\/novoscuba.com\/\"},{\"@type\":\"ListItem\",\"position\":2,\"name\":\"Community Guidelines\"}]},{\"@type\":\"WebSite\",\"@id\":\"https:\/\/novoscuba.com\/en_gb\/#website\",\"url\":\"https:\/\/novoscuba.com\/en_gb\/\",\"name\":\"NovoScuba\",\"description\":\"Scuba Diving Redefined\",\"publisher\":{\"@id\":\"https:\/\/novoscuba.com\/en_gb\/#organization\"},\"potentialAction\":[{\"@type\":\"SearchAction\",\"target\":{\"@type\":\"EntryPoint\",\"urlTemplate\":\"https:\/\/novoscuba.com\/en_gb\/?s={search_term_string}\"},\"query-input\":{\"@type\":\"PropertyValueSpecification\",\"valueRequired\":true,\"valueName\":\"search_term_string\"}}],\"inLanguage\":\"fr-FR\"},{\"@type\":\"Organization\",\"@id\":\"https:\/\/novoscuba.com\/en_gb\/#organization\",\"name\":\"NovoScuba\",\"url\":\"https:\/\/novoscuba.com\/en_gb\/\",\"logo\":{\"@type\":\"ImageObject\",\"inLanguage\":\"fr-FR\",\"@id\":\"https:\/\/novoscuba.com\/en_gb\/#\/schema\/logo\/image\/\",\"url\":\"https:\/\/novoscuba.com\/wp-content\/uploads\/2025\/05\/NovoScuba-Logo_Dark-scaled.jpg\",\"contentUrl\":\"https:\/\/novoscuba.com\/wp-content\/uploads\/2025\/05\/NovoScuba-Logo_Dark-scaled.jpg\",\"width\":2560,\"height\":877,\"caption\":\"NovoScuba\"},\"image\":{\"@id\":\"https:\/\/novoscuba.com\/en_gb\/#\/schema\/logo\/image\/\"},\"sameAs\":[\"https:\/\/www.facebook.com\/novoscuba\"]}]}<\/script>\n<!-- \/ Yoast SEO plugin. -->","yoast_head_json":{"title":"R\u00e8gles de la communaut\u00e9 - NovoScuba","robots":{"index":"index","follow":"follow","max-snippet":"max-snippet:-1","max-image-preview":"max-image-preview:large","max-video-preview":"max-video-preview:-1"},"canonical":"https:\/\/novoscuba.com\/fr\/lignes-directrices-de-la-communaute\/","og_locale":"fr_FR","og_type":"article","og_title":"Community Guidelines - NovoScuba","og_description":"Hello there! Welcome to the incredible NovoScuba Community! We are thrilled to have you join a group of passionate scuba divers who share your insatiable&hellip;","og_url":"https:\/\/novoscuba.com\/fr\/lignes-directrices-de-la-communaute\/","og_site_name":"NovoScuba","article_publisher":"https:\/\/www.facebook.com\/novoscuba","article_modified_time":"2025-06-21T15:30:46+00:00","og_image":[{"width":1920,"height":1277,"url":"cdn.novoscuba.com\/media\/2025\/05\/AdobeStock_457310377-scaled-1.webp","type":"image\/webp"}],"twitter_card":"summary_large_image","twitter_misc":{"Dur\u00e9e de lecture estim\u00e9e":"3 minutes"},"schema":{"@context":"https:\/\/schema.org","@graph":[{"@type":"WebPage","@id":"https:\/\/novoscuba.com\/community-guidelines\/","url":"https:\/\/novoscuba.com\/community-guidelines\/","name":"R\u00e8gles de la communaut\u00e9 - NovoScuba","isPartOf":{"@id":"https:\/\/novoscuba.com\/en_gb\/#website"},"primaryImageOfPage":{"@id":"https:\/\/novoscuba.com\/community-guidelines\/#primaryimage"},"image":{"@id":"https:\/\/novoscuba.com\/community-guidelines\/#primaryimage"},"thumbnailUrl":"https:\/\/novoscuba.com\/wp-content\/uploads\/2025\/05\/AdobeStock_457310377-scaled-1.webp","datePublished":"2023-08-15T02:14:32+00:00","dateModified":"2025-06-21T15:30:46+00:00","breadcrumb":{"@id":"https:\/\/novoscuba.com\/community-guidelines\/#breadcrumb"},"inLanguage":"fr-FR","potentialAction":[{"@type":"ReadAction","target":["https:\/\/novoscuba.com\/community-guidelines\/"]}]},{"@type":"ImageObject","inLanguage":"fr-FR","@id":"https:\/\/novoscuba.com\/community-guidelines\/#primaryimage","url":"https:\/\/novoscuba.com\/wp-content\/uploads\/2025\/05\/AdobeStock_457310377-scaled-1.webp","contentUrl":"https:\/\/novoscuba.com\/wp-content\/uploads\/2025\/05\/AdobeStock_457310377-scaled-1.webp","width":1920,"height":1277},{"@type":"BreadcrumbList","@id":"https:\/\/novoscuba.com\/community-guidelines\/#breadcrumb","itemListElement":[{"@type":"ListItem","position":1,"name":"Home","item":"https:\/\/novoscuba.com\/"},{"@type":"ListItem","position":2,"name":"Community Guidelines"}]},{"@type":"WebSite","@id":"https:\/\/novoscuba.com\/en_gb\/#website","url":"https:\/\/novoscuba.com\/en_gb\/","name":"NovoScuba","description":"La plong\u00e9e sous-marine red\u00e9finie","publisher":{"@id":"https:\/\/novoscuba.com\/en_gb\/#organization"},"potentialAction":[{"@type":"SearchAction","target":{"@type":"EntryPoint","urlTemplate":"https:\/\/novoscuba.com\/en_gb\/?s={search_term_string}"},"query-input":{"@type":"PropertyValueSpecification","valueRequired":true,"valueName":"search_term_string"}}],"inLanguage":"fr-FR"},{"@type":"Organization","@id":"https:\/\/novoscuba.com\/en_gb\/#organization","name":"NovoScuba","url":"https:\/\/novoscuba.com\/en_gb\/","logo":{"@type":"ImageObject","inLanguage":"fr-FR","@id":"https:\/\/novoscuba.com\/en_gb\/#\/schema\/logo\/image\/","url":"https:\/\/novoscuba.com\/wp-content\/uploads\/2025\/05\/NovoScuba-Logo_Dark-scaled.jpg","contentUrl":"https:\/\/novoscuba.com\/wp-content\/uploads\/2025\/05\/NovoScuba-Logo_Dark-scaled.jpg","width":2560,"height":877,"caption":"NovoScuba"},"image":{"@id":"https:\/\/novoscuba.com\/en_gb\/#\/schema\/logo\/image\/"},"sameAs":["https:\/\/www.facebook.com\/novoscuba"]}]}},"_links":{"self":[{"href":"https:\/\/novoscuba.com\/fr\/wp-json\/wp\/v2\/pages\/6685","targetHints":{"allow":["GET"]}}],"collection":[{"href":"https:\/\/novoscuba.com\/fr\/wp-json\/wp\/v2\/pages"}],"about":[{"href":"https:\/\/novoscuba.com\/fr\/wp-json\/wp\/v2\/types\/page"}],"author":[{"embeddable":true,"href":"https:\/\/novoscuba.com\/fr\/wp-json\/wp\/v2\/users\/2"}],"replies":[{"embeddable":true,"href":"https:\/\/novoscuba.com\/fr\/wp-json\/wp\/v2\/comments?post=6685"}],"version-history":[{"count":10,"href":"https:\/\/novoscuba.com\/fr\/wp-json\/wp\/v2\/pages\/6685\/revisions"}],"predecessor-version":[{"id":13292,"href":"https:\/\/novoscuba.com\/fr\/wp-json\/wp\/v2\/pages\/6685\/revisions\/13292"}],"wp:featuredmedia":[{"embeddable":true,"href":"https:\/\/novoscuba.com\/fr\/wp-json\/wp\/v2\/media\/6686"}],"wp:attachment":[{"href":"https:\/\/novoscuba.com\/fr\/wp-json\/wp\/v2\/media?parent=6685"}],"curies":[{"name":"wp","href":"https:\/\/api.w.org\/{rel}","templated":true}]}}