{"id":14598,"date":"2025-07-06T12:01:45","date_gmt":"2025-07-06T05:01:45","guid":{"rendered":"https:\/\/novoscuba.com\/accessibility-statement\/"},"modified":"2025-07-06T12:08:24","modified_gmt":"2025-07-06T05:08:24","slug":"declaration-daccessibilite","status":"publish","type":"page","link":"https:\/\/novoscuba.com\/fr\/accessibility-statement\/","title":{"rendered":"D\u00e9claration d'accessibilit\u00e9"},"content":{"rendered":"<h2 class=\"wp-block-heading has-text-align-center\">D\u00e9claration d'accessibilit\u00e9 pour https:\/\/www.novoscuba.com<\/h2>\n\n\n\n<p><strong>NovoScuba<\/strong> s'engage \u00e0 garantir l'accessibilit\u00e9 num\u00e9rique aux personnes handicap\u00e9es. Nous am\u00e9liorons continuellement l'exp\u00e9rience utilisateur pour tous et appliquons les normes d'accessibilit\u00e9 pertinentes.<\/p>\n\n\n\n<h3 class=\"wp-block-heading\">\u00c9tat de conformit\u00e9<\/h3>\n\n\n\n<p>Les directives sur l'accessibilit\u00e9 des contenus Web (WCAG) d\u00e9finissent des exigences pour les concepteurs et les d\u00e9veloppeurs afin d'am\u00e9liorer l'accessibilit\u00e9 pour les personnes handicap\u00e9es. Elles d\u00e9finissent trois niveaux de conformit\u00e9 : Niveau A, Niveau AA et Niveau AAA.<\/p>\n\n\n\n<p><strong>NovoScuba<\/strong> fait des efforts constants pour am\u00e9liorer l'accessibilit\u00e9 de son site et de ses services, convaincu qu'il est de notre obligation morale collective de permettre une utilisation transparente, accessible et sans entrave pour ceux d'entre nous qui ont un handicap.<\/p>\n\n\n\n<p>Notre objectif est de faire en sorte que toutes les pages et tous les contenus sur <strong>https:\/\/www.novoscuba.com<\/strong> accessible, mais certains contenus peuvent ne pas encore r\u00e9pondre enti\u00e8rement aux normes d'accessibilit\u00e9 les plus \u00e9lev\u00e9es. Cela peut \u00eatre d\u00fb \u00e0 des difficult\u00e9s \u00e0 identifier la solution technologique la plus adapt\u00e9e.<\/p>\n\n\n\n<p>Nous pouvons r\u00e9viser cette d\u00e9claration p\u00e9riodiquement pour refl\u00e9ter les am\u00e9liorations ou les changements apport\u00e9s \u00e0 nos pratiques en mati\u00e8re d'accessibilit\u00e9.<\/p>\n\n\n\n<h3 class=\"wp-block-heading\">R\u00e9troaction<\/h3>\n\n\n\n<p>Nous sommes heureux de recevoir tes commentaires sur l'accessibilit\u00e9 de <strong>NovoScuba<\/strong> site web. Fais-nous savoir si tu rencontres des obstacles \u00e0 l'accessibilit\u00e9 sur notre site Internet :<\/p>\n\n\n\n<p>E-mail : <strong>info@novoscuba.com<\/strong><\/p>\n\n\n\n<p>Nous essayons de r\u00e9pondre aux commentaires dans les 3 \u00e0 5 jours ouvrables.<\/p>\n\n\n\n<p>Cette d\u00e9claration a \u00e9t\u00e9 cr\u00e9\u00e9e le 06\/07\/2025. <\/p>\n\n\n\n<p><\/p>","protected":false},"excerpt":{"rendered":"<p>D\u00e9claration d&#039;accessibilit\u00e9 pour https:\/\/www.novoscuba.com NovoScuba s&#039;engage \u00e0 garantir l&#039;accessibilit\u00e9 num\u00e9rique aux personnes en situation de handicap. Nous am\u00e9liorons continuellement l&#039;exp\u00e9rience utilisateur pour tous\u2026<\/p>","protected":false},"author":2,"featured_media":0,"parent":0,"menu_order":0,"comment_status":"closed","ping_status":"closed","template":"","meta":{"_lat":0,"_lng":0,"_country":"","_entry":"","_max_depth_m":0,"_difficulty":"","pmpro_default_level":"","footnotes":""},"class_list":["post-14598","page","type-page","status-publish","hentry","pmpro-has-access"],"yoast_head":"<!-- This site is optimized with the Yoast SEO plugin v27.4 - https:\/\/yoast.com\/product\/yoast-seo-wordpress\/ -->\n<title>Accessibility statement - NovoScuba<\/title>\n<meta name=\"robots\" content=\"index, follow, max-snippet:-1, max-image-preview:large, max-video-preview:-1\" \/>\n<link rel=\"canonical\" href=\"https:\/\/novoscuba.com\/fr\/declaration-daccessibilite\/\" \/>\n<meta property=\"og:locale\" content=\"fr_FR\" \/>\n<meta property=\"og:type\" content=\"article\" \/>\n<meta property=\"og:title\" content=\"Accessibility statement - NovoScuba\" \/>\n<meta property=\"og:description\" content=\"Accessibility Statement for https:\/\/www.novoscuba.com NovoScuba is committed to ensuring digital accessibility for people with disabilities. We are continually improving the user experience for everyone and&hellip;\" \/>\n<meta property=\"og:url\" content=\"https:\/\/novoscuba.com\/fr\/declaration-daccessibilite\/\" \/>\n<meta property=\"og:site_name\" content=\"NovoScuba\" \/>\n<meta property=\"article:publisher\" content=\"https:\/\/www.facebook.com\/novoscuba\" \/>\n<meta property=\"article:modified_time\" content=\"2025-07-06T05:08:24+00:00\" \/>\n<meta name=\"twitter:card\" content=\"summary_large_image\" \/>\n<meta name=\"twitter:label1\" content=\"Dur\u00e9e de lecture estim\u00e9e\" \/>\n\t<meta name=\"twitter:data1\" content=\"1 minute\" \/>\n<script type=\"application\/ld+json\" class=\"yoast-schema-graph\">{\"@context\":\"https:\\\/\\\/schema.org\",\"@graph\":[{\"@type\":\"WebPage\",\"@id\":\"https:\\\/\\\/novoscuba.com\\\/accessibility-statement\\\/\",\"url\":\"https:\\\/\\\/novoscuba.com\\\/accessibility-statement\\\/\",\"name\":\"Accessibility statement - NovoScuba\",\"isPartOf\":{\"@id\":\"https:\\\/\\\/novoscuba.com\\\/en_gb\\\/#website\"},\"datePublished\":\"2025-07-06T05:01:45+00:00\",\"dateModified\":\"2025-07-06T05:08:24+00:00\",\"breadcrumb\":{\"@id\":\"https:\\\/\\\/novoscuba.com\\\/accessibility-statement\\\/#breadcrumb\"},\"inLanguage\":\"fr-FR\",\"potentialAction\":[{\"@type\":\"ReadAction\",\"target\":[\"https:\\\/\\\/novoscuba.com\\\/accessibility-statement\\\/\"]}]},{\"@type\":\"BreadcrumbList\",\"@id\":\"https:\\\/\\\/novoscuba.com\\\/accessibility-statement\\\/#breadcrumb\",\"itemListElement\":[{\"@type\":\"ListItem\",\"position\":1,\"name\":\"Home\",\"item\":\"https:\\\/\\\/novoscuba.com\\\/\"},{\"@type\":\"ListItem\",\"position\":2,\"name\":\"Accessibility statement\"}]},{\"@type\":\"WebSite\",\"@id\":\"https:\\\/\\\/novoscuba.com\\\/en_gb\\\/#website\",\"url\":\"https:\\\/\\\/novoscuba.com\\\/en_gb\\\/\",\"name\":\"NovoScuba\",\"description\":\"Scuba Diving Redefined\",\"publisher\":{\"@id\":\"https:\\\/\\\/novoscuba.com\\\/en_gb\\\/#organization\"},\"potentialAction\":[{\"@type\":\"SearchAction\",\"target\":{\"@type\":\"EntryPoint\",\"urlTemplate\":\"https:\\\/\\\/novoscuba.com\\\/en_gb\\\/?s={search_term_string}\"},\"query-input\":{\"@type\":\"PropertyValueSpecification\",\"valueRequired\":true,\"valueName\":\"search_term_string\"}}],\"inLanguage\":\"fr-FR\"},{\"@type\":\"Organization\",\"@id\":\"https:\\\/\\\/novoscuba.com\\\/en_gb\\\/#organization\",\"name\":\"NovoScuba\",\"url\":\"https:\\\/\\\/novoscuba.com\\\/en_gb\\\/\",\"logo\":{\"@type\":\"ImageObject\",\"inLanguage\":\"fr-FR\",\"@id\":\"https:\\\/\\\/novoscuba.com\\\/en_gb\\\/#\\\/schema\\\/logo\\\/image\\\/\",\"url\":\"https:\\\/\\\/novoscuba.com\\\/wp-content\\\/uploads\\\/2025\\\/05\\\/NovoScuba-Logo_Dark-scaled.jpg\",\"contentUrl\":\"https:\\\/\\\/novoscuba.com\\\/wp-content\\\/uploads\\\/2025\\\/05\\\/NovoScuba-Logo_Dark-scaled.jpg\",\"width\":2560,\"height\":877,\"caption\":\"NovoScuba\"},\"image\":{\"@id\":\"https:\\\/\\\/novoscuba.com\\\/en_gb\\\/#\\\/schema\\\/logo\\\/image\\\/\"},\"sameAs\":[\"https:\\\/\\\/www.facebook.com\\\/novoscuba\"]}]}<\/script>\n<!-- \/ Yoast SEO plugin. -->","yoast_head_json":{"title":"D\u00e9claration d&#039;accessibilit\u00e9 - NovoScuba","robots":{"index":"index","follow":"follow","max-snippet":"max-snippet:-1","max-image-preview":"max-image-preview:large","max-video-preview":"max-video-preview:-1"},"canonical":"https:\/\/novoscuba.com\/fr\/declaration-daccessibilite\/","og_locale":"fr_FR","og_type":"article","og_title":"Accessibility statement - NovoScuba","og_description":"Accessibility Statement for https:\/\/www.novoscuba.com NovoScuba is committed to ensuring digital accessibility for people with disabilities. We are continually improving the user experience for everyone and&hellip;","og_url":"https:\/\/novoscuba.com\/fr\/declaration-daccessibilite\/","og_site_name":"NovoScuba","article_publisher":"https:\/\/www.facebook.com\/novoscuba","article_modified_time":"2025-07-06T05:08:24+00:00","twitter_card":"summary_large_image","twitter_misc":{"Dur\u00e9e de lecture estim\u00e9e":"1 minute"},"schema":{"@context":"https:\/\/schema.org","@graph":[{"@type":"WebPage","@id":"https:\/\/novoscuba.com\/accessibility-statement\/","url":"https:\/\/novoscuba.com\/accessibility-statement\/","name":"D\u00e9claration d&#039;accessibilit\u00e9 - NovoScuba","isPartOf":{"@id":"https:\/\/novoscuba.com\/en_gb\/#website"},"datePublished":"2025-07-06T05:01:45+00:00","dateModified":"2025-07-06T05:08:24+00:00","breadcrumb":{"@id":"https:\/\/novoscuba.com\/accessibility-statement\/#breadcrumb"},"inLanguage":"fr-FR","potentialAction":[{"@type":"ReadAction","target":["https:\/\/novoscuba.com\/accessibility-statement\/"]}]},{"@type":"BreadcrumbList","@id":"https:\/\/novoscuba.com\/accessibility-statement\/#breadcrumb","itemListElement":[{"@type":"ListItem","position":1,"name":"Home","item":"https:\/\/novoscuba.com\/"},{"@type":"ListItem","position":2,"name":"Accessibility statement"}]},{"@type":"WebSite","@id":"https:\/\/novoscuba.com\/en_gb\/#website","url":"https:\/\/novoscuba.com\/en_gb\/","name":"NovoScuba","description":"La plong\u00e9e sous-marine red\u00e9finie","publisher":{"@id":"https:\/\/novoscuba.com\/en_gb\/#organization"},"potentialAction":[{"@type":"SearchAction","target":{"@type":"EntryPoint","urlTemplate":"https:\/\/novoscuba.com\/en_gb\/?s={search_term_string}"},"query-input":{"@type":"PropertyValueSpecification","valueRequired":true,"valueName":"search_term_string"}}],"inLanguage":"fr-FR"},{"@type":"Organization","@id":"https:\/\/novoscuba.com\/en_gb\/#organization","name":"NovoScuba","url":"https:\/\/novoscuba.com\/en_gb\/","logo":{"@type":"ImageObject","inLanguage":"fr-FR","@id":"https:\/\/novoscuba.com\/en_gb\/#\/schema\/logo\/image\/","url":"https:\/\/novoscuba.com\/wp-content\/uploads\/2025\/05\/NovoScuba-Logo_Dark-scaled.jpg","contentUrl":"https:\/\/novoscuba.com\/wp-content\/uploads\/2025\/05\/NovoScuba-Logo_Dark-scaled.jpg","width":2560,"height":877,"caption":"NovoScuba"},"image":{"@id":"https:\/\/novoscuba.com\/en_gb\/#\/schema\/logo\/image\/"},"sameAs":["https:\/\/www.facebook.com\/novoscuba"]}]}},"_links":{"self":[{"href":"https:\/\/novoscuba.com\/fr\/wp-json\/wp\/v2\/pages\/14598","targetHints":{"allow":["GET"]}}],"collection":[{"href":"https:\/\/novoscuba.com\/fr\/wp-json\/wp\/v2\/pages"}],"about":[{"href":"https:\/\/novoscuba.com\/fr\/wp-json\/wp\/v2\/types\/page"}],"author":[{"embeddable":true,"href":"https:\/\/novoscuba.com\/fr\/wp-json\/wp\/v2\/users\/2"}],"replies":[{"embeddable":true,"href":"https:\/\/novoscuba.com\/fr\/wp-json\/wp\/v2\/comments?post=14598"}],"version-history":[{"count":2,"href":"https:\/\/novoscuba.com\/fr\/wp-json\/wp\/v2\/pages\/14598\/revisions"}],"predecessor-version":[{"id":14604,"href":"https:\/\/novoscuba.com\/fr\/wp-json\/wp\/v2\/pages\/14598\/revisions\/14604"}],"wp:attachment":[{"href":"https:\/\/novoscuba.com\/fr\/wp-json\/wp\/v2\/media?parent=14598"}],"curies":[{"name":"wp","href":"https:\/\/api.w.org\/{rel}","templated":true}]}}