{"id":10632,"date":"2024-07-22T08:50:05","date_gmt":"2024-07-22T08:50:05","guid":{"rendered":"https:\/\/novoscuba.com\/dive-insurance\/"},"modified":"2025-12-23T23:10:56","modified_gmt":"2025-12-23T16:10:56","slug":"dive-insurance","status":"publish","type":"page","link":"https:\/\/novoscuba.com\/fr\/dive-insurance\/","title":{"rendered":"Assurance plong\u00e9e"},"content":{"rendered":"<div data-elementor-type=\"wp-page\" data-elementor-id=\"10632\" class=\"elementor elementor-10632\" data-elementor-post-type=\"page\">\n\t\t\t\t<div class=\"elementor-element elementor-element-4fb68cb e-con-full e-flex e-con e-parent\" data-id=\"4fb68cb\" data-element_type=\"container\" data-e-type=\"container\" data-settings=\"{&quot;background_background&quot;:&quot;classic&quot;}\">\n\t\t<div class=\"elementor-element elementor-element-b0c0ec7 e-con-full e-flex e-con e-child\" data-id=\"b0c0ec7\" data-element_type=\"container\" data-e-type=\"container\">\n\t\t\t\t<div class=\"elementor-element elementor-element-b59b71f elementor-widget elementor-widget-heading\" data-id=\"b59b71f\" data-element_type=\"widget\" data-e-type=\"widget\" data-widget_type=\"heading.default\">\n\t\t\t\t<div class=\"elementor-widget-container\">\n\t\t\t\t\t<h2 class=\"elementor-heading-title elementor-size-default\">L&#039;assurance plong\u00e9e simplifi\u00e9e\u00a0: concentrez-vous sur l&#039;aventure<\/h2>\t\t\t\t<\/div>\n\t\t\t\t<\/div>\n\t\t\t\t<\/div>\n\t\t\t\t<\/div>\n\t\t<div class=\"elementor-element elementor-element-ca75c3e e-flex e-con-boxed e-con e-parent\" data-id=\"ca75c3e\" data-element_type=\"container\" data-e-type=\"container\">\n\t\t\t\t\t<div class=\"e-con-inner\">\n\t\t\t\t<div class=\"elementor-element elementor-element-e89992c elementor-widget elementor-widget-heading\" data-id=\"e89992c\" data-element_type=\"widget\" data-e-type=\"widget\" data-widget_type=\"heading.default\">\n\t\t\t\t<div class=\"elementor-widget-container\">\n\t\t\t\t\t<h2 class=\"elementor-heading-title elementor-size-default\">Couverture intelligente pour les plongeurs amateurs et les professionnels de la plong\u00e9e<\/h2>\t\t\t\t<\/div>\n\t\t\t\t<\/div>\n\t\t\t\t\t<\/div>\n\t\t\t\t<\/div>\n\t\t<div class=\"elementor-element elementor-element-1e3fa15 e-flex e-con-boxed e-con e-parent\" data-id=\"1e3fa15\" data-element_type=\"container\" data-e-type=\"container\">\n\t\t\t\t\t<div class=\"e-con-inner\">\n\t\t\t\t<div class=\"elementor-element elementor-element-e31ad86 elementor-widget elementor-widget-text-editor\" data-id=\"e31ad86\" data-element_type=\"widget\" data-e-type=\"widget\" data-widget_type=\"text-editor.default\">\n\t\t\t\t<div class=\"elementor-widget-container\">\n\t\t\t\t\t<div class=\"bb-theme-elementor-wrap bb-elementor-custom-color bb-elementor-custom-family bb-elementor-custom-size bb-elementor-custom-line-height\">\t\t\t\t<p class=\"p1\">NovoScuba s&#039;est associ\u00e9 \u00e0 <span class=\"s1\"><b>DiveAssist<\/b><\/span>, un leader de confiance dans le monde de l&#039;assurance de plong\u00e9e, pour offrir une couverture sur mesure aux plongeurs r\u00e9cr\u00e9atifs et aux professionnels de la plong\u00e9e.<\/p><p class=\"p1\">Que vous partiez en week-end ou que vous enseigniez des cours toute l&#039;ann\u00e9e, DiveAssist propose une assurance accident et responsabilit\u00e9 civile compl\u00e8te adapt\u00e9e \u00e0 vos besoins, y compris une protection pour les op\u00e9rations de plong\u00e9e et les activit\u00e9s professionnelles.<\/p><p class=\"p1\">Chez NovoScuba, nous savons combien il est important de bien se couvrir. C&#039;est pourquoi nous sommes fiers d&#039;offrir \u00e0 notre communaut\u00e9 l&#039;acc\u00e8s aux options d&#039;assurance fiables de DiveAssist, vous permettant ainsi de vous concentrer sur l&#039;essentiel\u00a0: plonger en toute s\u00e9curit\u00e9 et en toute confiance.<\/p>\t\t\t\t<\/div>\t\t\t\t<\/div>\n\t\t\t\t<\/div>\n\t\t\t\t\t<\/div>\n\t\t\t\t<\/div>\n\t\t<div class=\"elementor-element elementor-element-933b1a5 e-flex e-con-boxed e-con e-parent\" data-id=\"933b1a5\" data-element_type=\"container\" data-e-type=\"container\">\n\t\t\t\t\t<div class=\"e-con-inner\">\n\t\t\t\t<div class=\"elementor-element elementor-element-87a8588 elementor-widget elementor-widget-heading\" data-id=\"87a8588\" data-element_type=\"widget\" data-e-type=\"widget\" data-widget_type=\"heading.default\">\n\t\t\t\t<div class=\"elementor-widget-container\">\n\t\t\t\t\t<h2 class=\"elementor-heading-title elementor-size-default\">Explorez vos options avec DiveAssist<\/h2>\t\t\t\t<\/div>\n\t\t\t\t<\/div>\n\t\t\t\t\t<\/div>\n\t\t\t\t<\/div>\n\t\t<div class=\"elementor-element elementor-element-883ba69 e-flex e-con-boxed e-con e-parent\" data-id=\"883ba69\" data-element_type=\"container\" data-e-type=\"container\">\n\t\t\t\t\t<div class=\"e-con-inner\">\n\t\t\t\t<div class=\"elementor-element elementor-element-d10a25f elementor-widget elementor-widget-heading\" data-id=\"d10a25f\" data-element_type=\"widget\" data-e-type=\"widget\" data-widget_type=\"heading.default\">\n\t\t\t\t<div class=\"elementor-widget-container\">\n\t\t\t\t\t<h2 class=\"elementor-heading-title elementor-size-default\">Cliquez sur le lien ci-dessous<\/h2>\t\t\t\t<\/div>\n\t\t\t\t<\/div>\n\t\t\t\t\t<\/div>\n\t\t\t\t<\/div>\n\t\t<div class=\"elementor-element elementor-element-0c558b7 e-flex e-con-boxed e-con e-parent\" data-id=\"0c558b7\" data-element_type=\"container\" data-e-type=\"container\">\n\t\t\t\t\t<div class=\"e-con-inner\">\n\t\t\t\t<div class=\"elementor-element elementor-element-f85fca8 elementor-widget elementor-widget-image\" data-id=\"f85fca8\" data-element_type=\"widget\" data-e-type=\"widget\" data-widget_type=\"image.default\">\n\t\t\t\t<div class=\"elementor-widget-container\">\n\t\t\t\t\t\t\t\t\t\t\t\t\t\t\t\t<a href=\"https:\/\/diveassist.org\/diveassist-novoscuba\/?aff=98\" target=\"_blank\">\n\t\t\t\t\t\t\t<img loading=\"lazy\" decoding=\"async\" width=\"602\" height=\"502\" src=\"https:\/\/novoscuba.com\/wp-content\/uploads\/2025\/12\/WhatsApp-Image-2025-10-23-at-6.03.37-AM-1-1.webp\" class=\"attachment-large size-large wp-image-52787\" alt=\"\" srcset=\"https:\/\/novoscuba.com\/wp-content\/uploads\/2025\/12\/WhatsApp-Image-2025-10-23-at-6.03.37-AM-1-1.webp 602w, https:\/\/novoscuba.com\/wp-content\/uploads\/2025\/12\/WhatsApp-Image-2025-10-23-at-6.03.37-AM-1-1-300x250.webp 300w, https:\/\/novoscuba.com\/wp-content\/uploads\/2025\/12\/WhatsApp-Image-2025-10-23-at-6.03.37-AM-1-1-14x12.webp 14w, https:\/\/novoscuba.com\/wp-content\/uploads\/2025\/12\/WhatsApp-Image-2025-10-23-at-6.03.37-AM-1-1-50x42.webp 50w, https:\/\/novoscuba.com\/wp-content\/uploads\/2025\/12\/WhatsApp-Image-2025-10-23-at-6.03.37-AM-1-1-100x83.webp 100w\" sizes=\"auto, (max-width: 602px) 100vw, 602px\" \/>\t\t\t\t\t\t\t\t<\/a>\n\t\t\t\t\t\t\t\t\t\t\t\t\t\t\t<\/div>\n\t\t\t\t<\/div>\n\t\t\t\t\t<\/div>\n\t\t\t\t<\/div>\n\t\t<div class=\"elementor-element elementor-element-3423f23 e-flex e-con-boxed e-con e-parent\" data-id=\"3423f23\" data-element_type=\"container\" data-e-type=\"container\">\n\t\t\t\t\t<div class=\"e-con-inner\">\n\t\t\t\t<div class=\"elementor-element elementor-element-5df88c7 elementor-hidden-tablet elementor-hidden-mobile elementor-hidden-desktop elementor-cta--skin-classic elementor-animated-content elementor-bg-transform elementor-bg-transform-zoom-in elementor-widget elementor-widget-call-to-action\" data-id=\"5df88c7\" data-element_type=\"widget\" data-e-type=\"widget\" data-widget_type=\"call-to-action.default\">\n\t\t\t\t<div class=\"elementor-widget-container\">\n\t\t\t\t\t\t\t<div class=\"elementor-cta\">\n\t\t\t\t\t<div class=\"elementor-cta__bg-wrapper\">\n\t\t\t\t<div class=\"elementor-cta__bg elementor-bg\" style=\"background-image: url(https:\/\/novoscuba.com\/wp-content\/uploads\/2025\/05\/a-diver-in-the-water-near-a-large-school-of-fish-2024-06-17-20-07-58-utc-1-1024x573.webp);\" role=\"img\" aria-label=\"un-plongeur-dans-l-eau-pr\u00e8s-d-un-grand-banc-de-poissons-2024-06-17-20-07-58-utc\"><\/div>\n\t\t\t\t<div class=\"elementor-cta__bg-overlay\"><\/div>\n\t\t\t<\/div>\n\t\t\t\t\t\t\t<div class=\"elementor-cta__content\">\n\t\t\t\t\n\t\t\t\t\t\t\t\t\t<h2 class=\"elementor-cta__title elementor-cta__content-item elementor-content-item\">\n\t\t\t\t\t\tExplorez vos options avec DiveAssist\t\t\t\t\t<\/h2>\n\t\t\t\t\n\t\t\t\t\t\t\t\t\t<div class=\"elementor-cta__description elementor-cta__content-item elementor-content-item\">\n\t\t\t\t\t\tTrouvez le meilleur plan pour vous\t\t\t\t\t<\/div>\n\t\t\t\t\n\t\t\t\t\t\t\t\t\t<div class=\"elementor-cta__button-wrapper elementor-cta__content-item elementor-content-item\">\n\t\t\t\t\t<a class=\"elementor-cta__button elementor-button elementor-size-\" href=\"https:\/\/diveassist.org\/diveassist-novoscuba\/?aff=98\" target=\"_blank\">\n\t\t\t\t\t\tApprendre encore plus\t\t\t\t\t<\/a>\n\t\t\t\t\t<\/div>\n\t\t\t\t\t\t\t<\/div>\n\t\t\t\t\t\t<\/div>\n\t\t\t\t\t\t<\/div>\n\t\t\t\t<\/div>\n\t\t\t\t\t<\/div>\n\t\t\t\t<\/div>\n\t\t\t\t<\/div>","protected":false},"excerpt":{"rendered":"<p>L&#039;assurance plong\u00e9e simplifi\u00e9e : pour que vous puissiez vous concentrer sur l&#039;aventure Une couverture intelligente pour les plongeurs r\u00e9cr\u00e9atifs et les professionnels de la plong\u00e9e NovoScuba s&#039;est associ\u00e9 \u00e0 DiveAssist,\u2026<\/p>","protected":false},"author":2,"featured_media":10634,"parent":0,"menu_order":0,"comment_status":"open","ping_status":"open","template":"elementor_header_footer","meta":{"_lat":0,"_lng":0,"_country":"","_entry":"","_max_depth_m":0,"_difficulty":"","pmpro_default_level":"","footnotes":""},"class_list":["post-10632","page","type-page","status-publish","has-post-thumbnail","hentry","pmpro-has-access"],"yoast_head":"<!-- This site is optimized with the Yoast SEO plugin v27.3 - https:\/\/yoast.com\/product\/yoast-seo-wordpress\/ -->\n<title>Dive Insurance - NovoScuba<\/title>\n<meta name=\"robots\" content=\"index, follow, max-snippet:-1, max-image-preview:large, max-video-preview:-1\" \/>\n<link rel=\"canonical\" href=\"https:\/\/novoscuba.com\/fr\/dive-insurance\/\" \/>\n<meta property=\"og:locale\" content=\"fr_FR\" \/>\n<meta property=\"og:type\" content=\"article\" \/>\n<meta property=\"og:title\" content=\"Dive Insurance - NovoScuba\" \/>\n<meta property=\"og:description\" content=\"Scuba Insurance Made Simple \u2013 So You Can Focus on the Adventure Smart Cover for Recreational Divers and Diving Pros NovoScuba has partnered with DiveAssist,&hellip;\" \/>\n<meta property=\"og:url\" content=\"https:\/\/novoscuba.com\/fr\/dive-insurance\/\" \/>\n<meta property=\"og:site_name\" content=\"NovoScuba\" \/>\n<meta property=\"article:publisher\" content=\"https:\/\/www.facebook.com\/novoscuba\" \/>\n<meta property=\"article:modified_time\" content=\"2025-12-23T16:10:56+00:00\" \/>\n<meta property=\"og:image\" content=\"https:\/\/novoscuba.com\/wp-content\/uploads\/2025\/05\/Inside-post-2_2-1.jpeg\" \/>\n\t<meta property=\"og:image:width\" content=\"602\" \/>\n\t<meta property=\"og:image:height\" content=\"502\" \/>\n\t<meta property=\"og:image:type\" content=\"image\/jpeg\" \/>\n<meta name=\"twitter:card\" content=\"summary_large_image\" \/>\n<meta name=\"twitter:label1\" content=\"Dur\u00e9e de lecture estim\u00e9e\" \/>\n\t<meta name=\"twitter:data1\" content=\"1 minute\" \/>\n<script type=\"application\/ld+json\" class=\"yoast-schema-graph\">{\"@context\":\"https:\\\/\\\/schema.org\",\"@graph\":[{\"@type\":\"WebPage\",\"@id\":\"https:\\\/\\\/novoscuba.com\\\/dive-insurance\\\/\",\"url\":\"https:\\\/\\\/novoscuba.com\\\/dive-insurance\\\/\",\"name\":\"Dive Insurance - NovoScuba\",\"isPartOf\":{\"@id\":\"https:\\\/\\\/novoscuba.com\\\/en_gb\\\/#website\"},\"primaryImageOfPage\":{\"@id\":\"https:\\\/\\\/novoscuba.com\\\/dive-insurance\\\/#primaryimage\"},\"image\":{\"@id\":\"https:\\\/\\\/novoscuba.com\\\/dive-insurance\\\/#primaryimage\"},\"thumbnailUrl\":\"https:\\\/\\\/novoscuba.com\\\/wp-content\\\/uploads\\\/2025\\\/05\\\/Inside-post-2_2-1.jpeg\",\"datePublished\":\"2024-07-22T08:50:05+00:00\",\"dateModified\":\"2025-12-23T16:10:56+00:00\",\"breadcrumb\":{\"@id\":\"https:\\\/\\\/novoscuba.com\\\/dive-insurance\\\/#breadcrumb\"},\"inLanguage\":\"fr-FR\",\"potentialAction\":[{\"@type\":\"ReadAction\",\"target\":[\"https:\\\/\\\/novoscuba.com\\\/dive-insurance\\\/\"]}]},{\"@type\":\"ImageObject\",\"inLanguage\":\"fr-FR\",\"@id\":\"https:\\\/\\\/novoscuba.com\\\/dive-insurance\\\/#primaryimage\",\"url\":\"https:\\\/\\\/novoscuba.com\\\/wp-content\\\/uploads\\\/2025\\\/05\\\/Inside-post-2_2-1.jpeg\",\"contentUrl\":\"https:\\\/\\\/novoscuba.com\\\/wp-content\\\/uploads\\\/2025\\\/05\\\/Inside-post-2_2-1.jpeg\",\"width\":602,\"height\":502},{\"@type\":\"BreadcrumbList\",\"@id\":\"https:\\\/\\\/novoscuba.com\\\/dive-insurance\\\/#breadcrumb\",\"itemListElement\":[{\"@type\":\"ListItem\",\"position\":1,\"name\":\"Home\",\"item\":\"https:\\\/\\\/novoscuba.com\\\/\"},{\"@type\":\"ListItem\",\"position\":2,\"name\":\"Dive Insurance\"}]},{\"@type\":\"WebSite\",\"@id\":\"https:\\\/\\\/novoscuba.com\\\/en_gb\\\/#website\",\"url\":\"https:\\\/\\\/novoscuba.com\\\/en_gb\\\/\",\"name\":\"NovoScuba\",\"description\":\"Scuba Diving Redefined\",\"publisher\":{\"@id\":\"https:\\\/\\\/novoscuba.com\\\/en_gb\\\/#organization\"},\"potentialAction\":[{\"@type\":\"SearchAction\",\"target\":{\"@type\":\"EntryPoint\",\"urlTemplate\":\"https:\\\/\\\/novoscuba.com\\\/en_gb\\\/?s={search_term_string}\"},\"query-input\":{\"@type\":\"PropertyValueSpecification\",\"valueRequired\":true,\"valueName\":\"search_term_string\"}}],\"inLanguage\":\"fr-FR\"},{\"@type\":\"Organization\",\"@id\":\"https:\\\/\\\/novoscuba.com\\\/en_gb\\\/#organization\",\"name\":\"NovoScuba\",\"url\":\"https:\\\/\\\/novoscuba.com\\\/en_gb\\\/\",\"logo\":{\"@type\":\"ImageObject\",\"inLanguage\":\"fr-FR\",\"@id\":\"https:\\\/\\\/novoscuba.com\\\/en_gb\\\/#\\\/schema\\\/logo\\\/image\\\/\",\"url\":\"https:\\\/\\\/novoscuba.com\\\/wp-content\\\/uploads\\\/2025\\\/05\\\/NovoScuba-Logo_Dark-scaled.jpg\",\"contentUrl\":\"https:\\\/\\\/novoscuba.com\\\/wp-content\\\/uploads\\\/2025\\\/05\\\/NovoScuba-Logo_Dark-scaled.jpg\",\"width\":2560,\"height\":877,\"caption\":\"NovoScuba\"},\"image\":{\"@id\":\"https:\\\/\\\/novoscuba.com\\\/en_gb\\\/#\\\/schema\\\/logo\\\/image\\\/\"},\"sameAs\":[\"https:\\\/\\\/www.facebook.com\\\/novoscuba\"]}]}<\/script>\n<!-- \/ Yoast SEO plugin. -->","yoast_head_json":{"title":"Assurance plong\u00e9e - NovoScuba","robots":{"index":"index","follow":"follow","max-snippet":"max-snippet:-1","max-image-preview":"max-image-preview:large","max-video-preview":"max-video-preview:-1"},"canonical":"https:\/\/novoscuba.com\/fr\/dive-insurance\/","og_locale":"fr_FR","og_type":"article","og_title":"Dive Insurance - NovoScuba","og_description":"Scuba Insurance Made Simple \u2013 So You Can Focus on the Adventure Smart Cover for Recreational Divers and Diving Pros NovoScuba has partnered with DiveAssist,&hellip;","og_url":"https:\/\/novoscuba.com\/fr\/dive-insurance\/","og_site_name":"NovoScuba","article_publisher":"https:\/\/www.facebook.com\/novoscuba","article_modified_time":"2025-12-23T16:10:56+00:00","og_image":[{"width":602,"height":502,"url":"https:\/\/novoscuba.com\/wp-content\/uploads\/2025\/05\/Inside-post-2_2-1.jpeg","type":"image\/jpeg"}],"twitter_card":"summary_large_image","twitter_misc":{"Dur\u00e9e de lecture estim\u00e9e":"1 minute"},"schema":{"@context":"https:\/\/schema.org","@graph":[{"@type":"WebPage","@id":"https:\/\/novoscuba.com\/dive-insurance\/","url":"https:\/\/novoscuba.com\/dive-insurance\/","name":"Assurance plong\u00e9e - NovoScuba","isPartOf":{"@id":"https:\/\/novoscuba.com\/en_gb\/#website"},"primaryImageOfPage":{"@id":"https:\/\/novoscuba.com\/dive-insurance\/#primaryimage"},"image":{"@id":"https:\/\/novoscuba.com\/dive-insurance\/#primaryimage"},"thumbnailUrl":"https:\/\/novoscuba.com\/wp-content\/uploads\/2025\/05\/Inside-post-2_2-1.jpeg","datePublished":"2024-07-22T08:50:05+00:00","dateModified":"2025-12-23T16:10:56+00:00","breadcrumb":{"@id":"https:\/\/novoscuba.com\/dive-insurance\/#breadcrumb"},"inLanguage":"fr-FR","potentialAction":[{"@type":"ReadAction","target":["https:\/\/novoscuba.com\/dive-insurance\/"]}]},{"@type":"ImageObject","inLanguage":"fr-FR","@id":"https:\/\/novoscuba.com\/dive-insurance\/#primaryimage","url":"https:\/\/novoscuba.com\/wp-content\/uploads\/2025\/05\/Inside-post-2_2-1.jpeg","contentUrl":"https:\/\/novoscuba.com\/wp-content\/uploads\/2025\/05\/Inside-post-2_2-1.jpeg","width":602,"height":502},{"@type":"BreadcrumbList","@id":"https:\/\/novoscuba.com\/dive-insurance\/#breadcrumb","itemListElement":[{"@type":"ListItem","position":1,"name":"Home","item":"https:\/\/novoscuba.com\/"},{"@type":"ListItem","position":2,"name":"Dive Insurance"}]},{"@type":"WebSite","@id":"https:\/\/novoscuba.com\/en_gb\/#website","url":"https:\/\/novoscuba.com\/en_gb\/","name":"NovoScuba","description":"La plong\u00e9e sous-marine red\u00e9finie","publisher":{"@id":"https:\/\/novoscuba.com\/en_gb\/#organization"},"potentialAction":[{"@type":"SearchAction","target":{"@type":"EntryPoint","urlTemplate":"https:\/\/novoscuba.com\/en_gb\/?s={search_term_string}"},"query-input":{"@type":"PropertyValueSpecification","valueRequired":true,"valueName":"search_term_string"}}],"inLanguage":"fr-FR"},{"@type":"Organization","@id":"https:\/\/novoscuba.com\/en_gb\/#organization","name":"NovoScuba","url":"https:\/\/novoscuba.com\/en_gb\/","logo":{"@type":"ImageObject","inLanguage":"fr-FR","@id":"https:\/\/novoscuba.com\/en_gb\/#\/schema\/logo\/image\/","url":"https:\/\/novoscuba.com\/wp-content\/uploads\/2025\/05\/NovoScuba-Logo_Dark-scaled.jpg","contentUrl":"https:\/\/novoscuba.com\/wp-content\/uploads\/2025\/05\/NovoScuba-Logo_Dark-scaled.jpg","width":2560,"height":877,"caption":"NovoScuba"},"image":{"@id":"https:\/\/novoscuba.com\/en_gb\/#\/schema\/logo\/image\/"},"sameAs":["https:\/\/www.facebook.com\/novoscuba"]}]}},"_links":{"self":[{"href":"https:\/\/novoscuba.com\/fr\/wp-json\/wp\/v2\/pages\/10632","targetHints":{"allow":["GET"]}}],"collection":[{"href":"https:\/\/novoscuba.com\/fr\/wp-json\/wp\/v2\/pages"}],"about":[{"href":"https:\/\/novoscuba.com\/fr\/wp-json\/wp\/v2\/types\/page"}],"author":[{"embeddable":true,"href":"https:\/\/novoscuba.com\/fr\/wp-json\/wp\/v2\/users\/2"}],"replies":[{"embeddable":true,"href":"https:\/\/novoscuba.com\/fr\/wp-json\/wp\/v2\/comments?post=10632"}],"version-history":[{"count":100,"href":"https:\/\/novoscuba.com\/fr\/wp-json\/wp\/v2\/pages\/10632\/revisions"}],"predecessor-version":[{"id":52790,"href":"https:\/\/novoscuba.com\/fr\/wp-json\/wp\/v2\/pages\/10632\/revisions\/52790"}],"wp:featuredmedia":[{"embeddable":true,"href":"https:\/\/novoscuba.com\/fr\/wp-json\/wp\/v2\/media\/10634"}],"wp:attachment":[{"href":"https:\/\/novoscuba.com\/fr\/wp-json\/wp\/v2\/media?parent=10632"}],"curies":[{"name":"wp","href":"https:\/\/api.w.org\/{rel}","templated":true}]}}