{"id":10595,"date":"2024-05-01T13:57:47","date_gmt":"2024-05-01T13:57:47","guid":{"rendered":"https:\/\/novoscuba.com\/novoscuba-membership\/"},"modified":"2025-05-24T06:14:35","modified_gmt":"2025-05-24T06:14:35","slug":"novoscuba-membership","status":"publish","type":"page","link":"https:\/\/novoscuba.com\/fr\/novoscuba-membership\/","title":{"rendered":"Adh\u00e9sion NovoScuba"},"content":{"rendered":"<h1>Plongeur<br \/>Formation <br \/>Red\u00e9fini<\/h1>\n<p>\t\t\t<a href=\"https:\/\/novoscuba.com\/fr\/registre-2\/free\/\"><br \/>\n\t\t\t\t\t\t\t\t\tCommencer<br \/>\n\t\t\t\t\t<\/a><\/p>\n<p>Vous \u00eates d\u00e9j\u00e0 abonn\u00e9 ?<\/p>\n<p>2.15.1.0<br \/>\n\t\t\t<a href=\"\/wp-login.php\"><br \/>\n\t\t\t\t\t\t\t\t\tConnexion<br \/>\n\t\t\t\t\t<\/a><br \/>\n\t\t\t\t\t\t\t\t\t\t\t\t\t<img loading=\"lazy\" decoding=\"async\" width=\"1200\" height=\"971\" src=\"https:\/\/novoscuba.com\/wp-content\/uploads\/2025\/05\/Course-Grid.webp\" alt=\"\" srcset=\"https:\/\/novoscuba.com\/wp-content\/uploads\/2025\/05\/Course-Grid.webp 1200w, https:\/\/novoscuba.com\/wp-content\/uploads\/2025\/05\/Course-Grid-300x243.webp 300w, https:\/\/novoscuba.com\/wp-content\/uploads\/2025\/05\/Course-Grid-1024x829.webp 1024w, https:\/\/novoscuba.com\/wp-content\/uploads\/2025\/05\/Course-Grid-768x621.webp 768w, https:\/\/novoscuba.com\/wp-content\/uploads\/2025\/05\/Course-Grid-360x291.webp 360w, https:\/\/novoscuba.com\/wp-content\/uploads\/2025\/05\/Course-Grid-624x505.webp 624w, https:\/\/novoscuba.com\/wp-content\/uploads\/2025\/05\/Course-Grid.webp 40w, https:\/\/novoscuba.com\/wp-content\/uploads\/2025\/05\/Course-Grid.webp 50w, https:\/\/novoscuba.com\/wp-content\/uploads\/2025\/05\/Course-Grid.webp 100w, https:\/\/novoscuba.com\/wp-content\/uploads\/2025\/05\/Course-Grid.webp 600w\" sizes=\"auto, (max-width: 1200px) 100vw, 1200px\" \/>\t\t\t\t\t\t\t\t\t\t\t\t\t<\/p>\n<p>Cours<\/p>\n<h2>Acc\u00e9dez \u00e0 tous nos cours de plong\u00e9e r\u00e9cr\u00e9ative<\/h2>\n<p>Pourquoi payer des tarifs exorbitants par cours\u00a0? Avec NovoScuba, acc\u00e9dez \u00e0 tous nos cours e-learning pour un seul abonnement mensuel avantageux*. Que vous soyez novice en plong\u00e9e ou que vous souhaitiez vous perfectionner, nous avons ce qu&#039;il vous faut.<\/p>\n<p>*\u00e0 l'exclusion des cours professionnels<\/p>\n<h2>Dive Pro ?<\/h2>\n<p>D\u00e9couvrez les avantages de l'adh\u00e9sion \u00e0 NovoScuba pour les professionnels et les magasins de plong\u00e9e.<\/p>\n<p>\t\t\t<a href=\"https:\/\/novoscuba.com\/fr\/novoscuba-for-dive-pros-and-stores\/\"><br \/>\n\t\t\t\t\t\t\t\t\tEn savoir plus<br \/>\n\t\t\t\t\t<\/a><\/p>\n<p>DiveConnect<\/p>\n<h2>Communaut\u00e9<\/h2>\n<p>Plongez dans la dynamique communaut\u00e9 DiveConnect, votre centre de r\u00e9f\u00e9rence pour entrer en contact avec d'autres passionn\u00e9s et experts ! Que vous cherchiez \u00e0 \u00e9changer des histoires, \u00e0 obtenir des conseils ou \u00e0 partager vos derni\u00e8res aventures sous-marines, nos forums sont en pleine effervescence.<\/p>\n<p>\u00a0<\/p>\n<p>\t\t\t\t\t\t\t\t\t\t\t\t\t<img loading=\"lazy\" decoding=\"async\" width=\"1200\" height=\"800\" src=\"https:\/\/novoscuba.com\/wp-content\/uploads\/2025\/05\/Friends.webp\" alt=\"\" srcset=\"https:\/\/novoscuba.com\/wp-content\/uploads\/2025\/05\/Friends.webp 1200w, https:\/\/novoscuba.com\/wp-content\/uploads\/2025\/05\/Friends-300x200.webp 300w, https:\/\/novoscuba.com\/wp-content\/uploads\/2025\/05\/Friends-1024x683.webp 1024w, https:\/\/novoscuba.com\/wp-content\/uploads\/2025\/05\/Friends-768x512.webp 768w, https:\/\/novoscuba.com\/wp-content\/uploads\/2025\/05\/Friends-360x240.webp 360w, https:\/\/novoscuba.com\/wp-content\/uploads\/2025\/05\/Friends-624x416.webp 624w, https:\/\/novoscuba.com\/wp-content\/uploads\/2025\/05\/Friends.webp 40w, https:\/\/novoscuba.com\/wp-content\/uploads\/2025\/05\/Friends.webp 50w, https:\/\/novoscuba.com\/wp-content\/uploads\/2025\/05\/Friends.webp 100w, https:\/\/novoscuba.com\/wp-content\/uploads\/2025\/05\/Friends.webp 600w\" sizes=\"auto, (max-width: 1200px) 100vw, 1200px\" \/><br \/>\n\t\t\t\t\t\t\t\t\t\t\t\t\t<img loading=\"lazy\" decoding=\"async\" width=\"924\" height=\"580\" src=\"https:\/\/novoscuba.com\/wp-content\/uploads\/2025\/05\/NovoScuba-Laptop.webp\" alt=\"\" srcset=\"https:\/\/novoscuba.com\/wp-content\/uploads\/2025\/05\/NovoScuba-Laptop.webp 924w, https:\/\/novoscuba.com\/wp-content\/uploads\/2025\/05\/NovoScuba-Laptop-300x188.webp 300w, https:\/\/novoscuba.com\/wp-content\/uploads\/2025\/05\/NovoScuba-Laptop-768x482.webp 768w, https:\/\/novoscuba.com\/wp-content\/uploads\/2025\/05\/NovoScuba-Laptop-360x226.webp 360w, https:\/\/novoscuba.com\/wp-content\/uploads\/2025\/05\/NovoScuba-Laptop-624x392.webp 624w, https:\/\/novoscuba.com\/wp-content\/uploads\/2025\/05\/NovoScuba-Laptop.webp 40w, https:\/\/novoscuba.com\/wp-content\/uploads\/2025\/05\/NovoScuba-Laptop.webp 50w, https:\/\/novoscuba.com\/wp-content\/uploads\/2025\/05\/NovoScuba-Laptop.webp 100w, https:\/\/novoscuba.com\/wp-content\/uploads\/2025\/05\/NovoScuba-Laptop.webp 600w\" sizes=\"auto, (max-width: 924px) 100vw, 924px\" \/>\t\t\t\t\t\t\t\t\t\t\t\t\t<\/p>\n<p>DiveConnect<\/p>\n<h2>Webinaires<\/h2>\n<p>Mais ce n'est pas tout : am\u00e9liorez vos comp\u00e9tences et vos connaissances en assistant \u00e0 nos webinaires informatifs.<\/p>\n<p>Avec DiveConnect, vous ne vous contentez pas d'explorer les profondeurs, vous approfondissez les liens. Rejoignez-nous d\u00e8s aujourd'hui et commencez \u00e0 faire des vagues dans votre voyage de plong\u00e9e !<\/p>\n<h2>Inscrivez-vous aujourd&#039;hui !<\/h2>\n<p>Mensuel<\/p>\n<p>Annuel<\/p>\n<p>2.15.1.0\t\t<\/p>\n<h2>NovoScuba Standard<\/h2>\n<h2>GRATUIT<\/h2>\n<ul>\n<li>\n\t\t\t\t\t\t\t\t\t\tCompagnons de plong\u00e9e\n\t\t\t\t\t\t\t\t\t<\/li>\n<li>\n\t\t\t\t\t\t\t\t\t\tIntro to Scuba\n\t\t\t\t\t\t\t\t\t<\/li>\n<li>\n\t\t\t\t\t\t\t\t\t\tForums\n\t\t\t\t\t\t\t\t\t<\/li>\n<\/ul>\n<p>\t\t\t<a href=\"#\"><br \/>\n\t\t\t\t\t\t\t\t\tEssayez gratuitement<br \/>\n\t\t\t\t\t<\/a><\/p>\n<h2>NovoScuba Premium<\/h2>\n<h2>$14.99\/<em style=\"font-size: 19px\">mois<\/em><br \/>\n<\/h2>\n<ul>\n<li>\n\t\t\t\t\t\t\t\t\t\tChaque cours\n\t\t\t\t\t\t\t\t\t<\/li>\n<li>\n\t\t\t\t\t\t\t\t\t\tWebinaires\n\t\t\t\t\t\t\t\t\t<\/li>\n<li>\n\t\t\t\t\t\t\t\t\t\tDiveConnect\n\t\t\t\t\t\t\t\t\t<\/li>\n<li>\n\t\t\t\t\t\t\t\t\t\tPhototh\u00e8que et vid\u00e9oth\u00e8que\n\t\t\t\t\t\t\t\t\t<\/li>\n<li>\n\t\t\t\t\t\t\t\t\t\tCompagnons de plong\u00e9e\n\t\t\t\t\t\t\t\t\t<\/li>\n<\/ul>\n<p>\t\t\t<a href=\"#\"><br \/>\n\t\t\t\t\t\t\t\t\tS\u00e9lectionnez un plan<br \/>\n\t\t\t\t\t<\/a><\/p>\n<p>Seulement 49 centimes par jour. Facturation annuelle.<\/p>\n<h2>NovoScuba Plus<\/h2>\n<h2>$3.25\/<em style=\"font-size: 19px\">mois<\/em><br \/>\n<\/h2>\n<ul>\n<li>\n\t\t\t\t\t\t\t\t\t\tCours mensuel gratuit\n\t\t\t\t\t\t\t\t\t<\/li>\n<li>\n\t\t\t\t\t\t\t\t\t\tCompagnons de plong\u00e9e\n\t\t\t\t\t\t\t\t\t<\/li>\n<li>\n\t\t\t\t\t\t\t\t\t\tInto to Scuba\n\t\t\t\t\t\t\t\t\t<\/li>\n<li>\n\t\t\t\t\t\t\t\t\t\tWebinaires\n\t\t\t\t\t\t\t\t\t<\/li>\n<\/ul>\n<p>\t\t\t<a href=\"#\"><br \/>\n\t\t\t\t\t\t\t\t\tS\u00e9lectionnez un plan<br \/>\n\t\t\t\t\t<\/a><\/p>\n<p>Moins de 11 centimes par jour. Factur\u00e9 annuellement.<\/p>\n<p>2.15.1.0\t\t<\/p>\n<h2>NovoScuba Standard<\/h2>\n<h2>GRATUIT<\/h2>\n<ul>\n<li>\n\t\t\t\t\t\t\t\t\t\tCompagnons de plong\u00e9e\n\t\t\t\t\t\t\t\t\t<\/li>\n<li>\n\t\t\t\t\t\t\t\t\t\tIntro to Scuba\n\t\t\t\t\t\t\t\t\t<\/li>\n<li>\n\t\t\t\t\t\t\t\t\t\tForums\n\t\t\t\t\t\t\t\t\t<\/li>\n<\/ul>\n<p>\t\t\t<a href=\"#\"><br \/>\n\t\t\t\t\t\t\t\t\tEssayez gratuitement<br \/>\n\t\t\t\t\t<\/a><\/p>\n<h2>NovoScuba Premium<\/h2>\n<h2>$14.99\/<em style=\"font-size: 19px\">mois<\/em><br \/>\n<\/h2>\n<ul>\n<li>\n\t\t\t\t\t\t\t\t\t\tChaque cours\n\t\t\t\t\t\t\t\t\t<\/li>\n<li>\n\t\t\t\t\t\t\t\t\t\tWebinaires\n\t\t\t\t\t\t\t\t\t<\/li>\n<li>\n\t\t\t\t\t\t\t\t\t\tDiveConnect\n\t\t\t\t\t\t\t\t\t<\/li>\n<li>\n\t\t\t\t\t\t\t\t\t\tPhototh\u00e8que et vid\u00e9oth\u00e8que\n\t\t\t\t\t\t\t\t\t<\/li>\n<li>\n\t\t\t\t\t\t\t\t\t\tCompagnons de plong\u00e9e\n\t\t\t\t\t\t\t\t\t<\/li>\n<\/ul>\n<p>\t\t\t<a href=\"#\"><br \/>\n\t\t\t\t\t\t\t\t\tS\u00e9lectionnez un plan<br \/>\n\t\t\t\t\t<\/a><\/p>\n<p>Seulement 49 centimes par jour. Facturation annuelle.<\/p>\n<h2>NovoScuba Plus<\/h2>\n<h2>$3.25\/<em style=\"font-size: 19px\">mois<\/em><br \/>\n<\/h2>\n<ul>\n<li>\n\t\t\t\t\t\t\t\t\t\tCours mensuel gratuit\n\t\t\t\t\t\t\t\t\t<\/li>\n<li>\n\t\t\t\t\t\t\t\t\t\tCompagnons de plong\u00e9e\n\t\t\t\t\t\t\t\t\t<\/li>\n<li>\n\t\t\t\t\t\t\t\t\t\tInto to Scuba\n\t\t\t\t\t\t\t\t\t<\/li>\n<li>\n\t\t\t\t\t\t\t\t\t\tWebinaires\n\t\t\t\t\t\t\t\t\t<\/li>\n<\/ul>\n<p>\t\t\t<a href=\"#\"><br \/>\n\t\t\t\t\t\t\t\t\tS\u00e9lectionnez un plan<br \/>\n\t\t\t\t\t<\/a><\/p>\n<p>Moins de 11 centimes par jour. Factur\u00e9 annuellement.<\/p>\n<p>2.15.1.0\t\t<\/p>\n<h2>NovoScuba Standard<\/h2>\n<h2>GRATUIT<\/h2>\n<ul>\n<li>\n\t\t\t\t\t\t\t\t\t\tCompagnons de plong\u00e9e\n\t\t\t\t\t\t\t\t\t<\/li>\n<li>\n\t\t\t\t\t\t\t\t\t\tIntro to Scuba\n\t\t\t\t\t\t\t\t\t<\/li>\n<li>\n\t\t\t\t\t\t\t\t\t\tForums\n\t\t\t\t\t\t\t\t\t<\/li>\n<\/ul>\n<p>\t\t\t<a href=\"#\"><br \/>\n\t\t\t\t\t\t\t\t\tEssayez gratuitement<br \/>\n\t\t\t\t\t<\/a><\/p>\n<h2>NovoScuba Premium<\/h2>\n<h2>$179.99\/<em style=\"font-size: 19px\">ann\u00e9e<\/em><br \/>\n<\/h2>\n<ul>\n<li>\n\t\t\t\t\t\t\t\t\t\tChaque cours\n\t\t\t\t\t\t\t\t\t<\/li>\n<li>\n\t\t\t\t\t\t\t\t\t\tWebinaires\n\t\t\t\t\t\t\t\t\t<\/li>\n<li>\n\t\t\t\t\t\t\t\t\t\tDiveConnect\n\t\t\t\t\t\t\t\t\t<\/li>\n<li>\n\t\t\t\t\t\t\t\t\t\tPhototh\u00e8que et vid\u00e9oth\u00e8que\n\t\t\t\t\t\t\t\t\t<\/li>\n<li>\n\t\t\t\t\t\t\t\t\t\tCompagnons de plong\u00e9e\n\t\t\t\t\t\t\t\t\t<\/li>\n<\/ul>\n<p>\t\t\t<a href=\"#\"><br \/>\n\t\t\t\t\t\t\t\t\tS\u00e9lectionnez un plan<br \/>\n\t\t\t\t\t<\/a><\/p>\n<p>Seulement $14,99 par mois. Facturation annuelle.<\/p>\n<h2>NovoScuba Plus<\/h2>\n<h2>$3.25\/<em style=\"font-size: 19px\">ann\u00e9e<\/em><br \/>\n<\/h2>\n<ul>\n<li>\n\t\t\t\t\t\t\t\t\t\tCours mensuel gratuit\n\t\t\t\t\t\t\t\t\t<\/li>\n<li>\n\t\t\t\t\t\t\t\t\t\tCompagnons de plong\u00e9e\n\t\t\t\t\t\t\t\t\t<\/li>\n<li>\n\t\t\t\t\t\t\t\t\t\tInto to Scuba\n\t\t\t\t\t\t\t\t\t<\/li>\n<li>\n\t\t\t\t\t\t\t\t\t\tWebinaires\n\t\t\t\t\t\t\t\t\t<\/li>\n<\/ul>\n<p>\t\t\t<a href=\"#\"><br \/>\n\t\t\t\t\t\t\t\t\tS\u00e9lectionnez un plan<br \/>\n\t\t\t\t\t<\/a><\/p>\n<p>moins de $4 par mois Factur\u00e9 annuellement<\/p>\n<p>2.15.1.0\t\t<\/p>\n<style>\n.pricing-tables-2{\n    display: none;\n}\n<\/style>\n<h3>D\u00e9veloppez votre plong\u00e9e avec nous<\/h3>\n<p>\t\t\t\t\t\t\tAuteurs de cours experts\t\t\t\t\t\t<\/p>\n<p>\n\t\t\t\t\t\tNos cours ont \u00e9t\u00e9 con\u00e7us par l'\u00e9quipe de NovoScuba, qui s'appuie sur des d\u00e9cennies d'exp\u00e9rience en mati\u00e8re de formation \u00e0 la plong\u00e9e.\t\t\t\t\t<\/p>\n<p>\t\t\t\t\t\t\tCours certifi\u00e9s ISO\t\t\t\t\t\t<\/p>\n<p>\n\t\t\t\t\t\tNos cours sont certifi\u00e9s par les normes ISO pour la plong\u00e9e sous-marine. \t\t\t\t\t<\/p>\n<p>\t\t\t\t\t\t\tApprendre \u00e0 son rythme\t\t\t\t\t\t<\/p>\n<p>\n\t\t\t\t\t\tLes cours de NovoScuba sont con\u00e7us pour \u00eatre flexibles et r\u00e9pondre aux besoins des apprenants individuels.\t\t\t\t\t<\/p>\n<p>\t\t\t\t\t\t\tCertificats\t\t\t\t\t\t<\/p>\n<p>\n\t\t\t\t\t\t\u00c0 la fin de votre formation, vous recevrez votre carte de certification via Apple et Google Wallet. De plus, vous pouvez t\u00e9l\u00e9charger un certificat gratuit\t\t\t\t\t<\/p>\n<h2>Liste des avantages<\/h2>\n<h3>Carnet de plong\u00e9e<\/h3>\n<p>Acc\u00e9dez \u00e0 notre carnet de bord en ligne. Avec l'adh\u00e9sion Premium, vous recevrez \u00e9galement notre carnet de formation pour enregistrer les comp\u00e9tences que vous ma\u00eetrisez.<\/p>\n<p>\t\t\t<a href=\"#\"><br \/>\n\t\t\t\t\t\t\t\t\tEn savoir plus<br \/>\n\t\t\t\t\t<\/a><\/p>\n<h3>Phototh\u00e8que et vid\u00e9oth\u00e8que<\/h3>\n<p>Partagez vos photos et vid\u00e9os directement \u00e0 partir de votre biblioth\u00e8que multim\u00e9dia personnelle.<\/p>\n<p>\t\t\t<a href=\"#\"><br \/>\n\t\t\t\t\t\t\t\t\tEn savoir plus<br \/>\n\t\t\t\t\t<\/a><\/p>\n<h3>Communaut\u00e9 DiveConnect<\/h3>\n<p>Trouver et se connecter avec des Dive Buddies, acc\u00e9der \u00e0 nos forums et webinars<\/p>\n<p>\t\t\t<a href=\"#\"><br \/>\n\t\t\t\t\t\t\t\t\tEn savoir plus<br \/>\n\t\t\t\t\t<\/a><br \/>\n\t\t\t\t\t\t\t\t\t\t\t\t\t<img loading=\"lazy\" decoding=\"async\" width=\"636\" height=\"636\" src=\"https:\/\/novoscuba.com\/wp-content\/uploads\/2025\/05\/Woman-SCUBA-Diving-Smiling-in-Ocean2-2.webp\" alt=\"\" srcset=\"https:\/\/novoscuba.com\/wp-content\/uploads\/2025\/05\/Woman-SCUBA-Diving-Smiling-in-Ocean2-2.webp 636w, https:\/\/novoscuba.com\/wp-content\/uploads\/2025\/05\/Woman-SCUBA-Diving-Smiling-in-Ocean2-2-300x300.webp 300w, https:\/\/novoscuba.com\/wp-content\/uploads\/2025\/05\/Woman-SCUBA-Diving-Smiling-in-Ocean2-2-150x150.webp 150w, https:\/\/novoscuba.com\/wp-content\/uploads\/2025\/05\/Woman-SCUBA-Diving-Smiling-in-Ocean2-2-360x360.webp 360w, https:\/\/novoscuba.com\/wp-content\/uploads\/2025\/05\/Woman-SCUBA-Diving-Smiling-in-Ocean2-2-624x624.webp 624w, https:\/\/novoscuba.com\/wp-content\/uploads\/2025\/05\/Woman-SCUBA-Diving-Smiling-in-Ocean2-2.webp 40w, https:\/\/novoscuba.com\/wp-content\/uploads\/2025\/05\/Woman-SCUBA-Diving-Smiling-in-Ocean2-2.webp 50w, https:\/\/novoscuba.com\/wp-content\/uploads\/2025\/05\/Woman-SCUBA-Diving-Smiling-in-Ocean2-2.webp 100w, https:\/\/novoscuba.com\/wp-content\/uploads\/2025\/05\/Woman-SCUBA-Diving-Smiling-in-Ocean2-2.webp 600w\" sizes=\"auto, (max-width: 636px) 100vw, 636px\" \/>\t\t\t\t\t\t\t\t\t\t\t\t\t<\/p>\n<p>\n\t\t\t\t\t\tAvoir acc\u00e8s \u00e0 tous les cours de NovoScuba est formidable ! Cela me permet d'en apprendre beaucoup plus sur la plong\u00e9e sous-marine. \u00c9tant novice en mati\u00e8re de plong\u00e9e, leur DiveCommunity est inestimable. \t\t\t\t\t<\/p>\n<h5>Olivia Alice<\/h5>\n<p>\t\tSp\u00e9cialiste de l'enseignement<br \/>\n\t\t\t\t\t\t\t\t\t\t\t\t\t<img decoding=\"async\" src=\"https:\/\/novoscuba.com\/wp-content\/uploads\/2025\/05\/bb-guarantee-02-2.svg\" title=\"\" alt=\"\" loading=\"lazy\" \/>\t\t\t\t\t\t\t\t\t\t\t\t\t<\/p>\n<h3>Garantie de remboursement sans risque 100%<\/h3>\n<p>Si vous n&#039;\u00eates pas satisfait de NovoScuba, faites-le nous savoir sous 14 jours et nous vous rembourserons sans condition.<\/p>","protected":false},"excerpt":{"rendered":"<p>DiverTraining red\u00e9fini\u00a0! D\u00e9marrer\u00a0! D\u00e9j\u00e0 abonn\u00e9\u00a0? 2.15.1.0 Connexion\u00a0! Cours\u00a0! Acc\u00e9dez \u00e0 tous nos cours de plong\u00e9e loisir. Pourquoi payer des tarifs exorbitants par cours\u00a0? Avec\u2026<\/p>","protected":false},"author":2,"featured_media":6691,"parent":0,"menu_order":0,"comment_status":"open","ping_status":"open","template":"","meta":{"_lat":0,"_lng":0,"_country":"","_entry":"","_max_depth_m":0,"_difficulty":"","pmpro_default_level":"","footnotes":""},"class_list":["post-10595","page","type-page","status-publish","has-post-thumbnail","hentry","pmpro-has-access"],"yoast_head":"<!-- This site is optimized with the Yoast SEO plugin v27.3 - https:\/\/yoast.com\/product\/yoast-seo-wordpress\/ -->\n<title>NovoScuba Membership - NovoScuba<\/title>\n<meta name=\"robots\" content=\"index, follow, max-snippet:-1, max-image-preview:large, max-video-preview:-1\" \/>\n<link rel=\"canonical\" href=\"https:\/\/novoscuba.com\/fr\/novoscuba-membership\/\" \/>\n<meta property=\"og:locale\" content=\"fr_FR\" \/>\n<meta property=\"og:type\" content=\"article\" \/>\n<meta property=\"og:title\" content=\"NovoScuba Membership - NovoScuba\" \/>\n<meta property=\"og:description\" content=\"DiverTraining Redefined Get Started Already a subscriber? 2.15.1.0 Login Courses Get access to all our recreational diving courses Why pay expensive rates per course? With&hellip;\" \/>\n<meta property=\"og:url\" content=\"https:\/\/novoscuba.com\/fr\/novoscuba-membership\/\" \/>\n<meta property=\"og:site_name\" content=\"NovoScuba\" \/>\n<meta property=\"article:publisher\" content=\"https:\/\/www.facebook.com\/novoscuba\" \/>\n<meta property=\"article:modified_time\" content=\"2025-05-24T06:14:35+00:00\" \/>\n<meta property=\"og:image\" content=\"http:\/\/cdn.novoscuba.com\/media\/2025\/05\/Home-Page-Top-1-scaled-1.webp\" \/>\n\t<meta property=\"og:image:width\" content=\"2560\" \/>\n\t<meta property=\"og:image:height\" content=\"1706\" \/>\n\t<meta property=\"og:image:type\" content=\"image\/webp\" \/>\n<meta name=\"twitter:card\" content=\"summary_large_image\" \/>\n<meta name=\"twitter:label1\" content=\"Dur\u00e9e de lecture estim\u00e9e\" \/>\n\t<meta name=\"twitter:data1\" content=\"4 minutes\" \/>\n<script type=\"application\/ld+json\" class=\"yoast-schema-graph\">{\"@context\":\"https:\\\/\\\/schema.org\",\"@graph\":[{\"@type\":\"WebPage\",\"@id\":\"https:\\\/\\\/novoscuba.com\\\/novoscuba-membership\\\/\",\"url\":\"https:\\\/\\\/novoscuba.com\\\/novoscuba-membership\\\/\",\"name\":\"NovoScuba Membership - NovoScuba\",\"isPartOf\":{\"@id\":\"https:\\\/\\\/novoscuba.com\\\/en_gb\\\/#website\"},\"primaryImageOfPage\":{\"@id\":\"https:\\\/\\\/novoscuba.com\\\/novoscuba-membership\\\/#primaryimage\"},\"image\":{\"@id\":\"https:\\\/\\\/novoscuba.com\\\/novoscuba-membership\\\/#primaryimage\"},\"thumbnailUrl\":\"https:\\\/\\\/novoscuba.com\\\/wp-content\\\/uploads\\\/2025\\\/05\\\/Home-Page-Top-1-scaled-1.webp\",\"datePublished\":\"2024-05-01T13:57:47+00:00\",\"dateModified\":\"2025-05-24T06:14:35+00:00\",\"breadcrumb\":{\"@id\":\"https:\\\/\\\/novoscuba.com\\\/novoscuba-membership\\\/#breadcrumb\"},\"inLanguage\":\"fr-FR\",\"potentialAction\":[{\"@type\":\"ReadAction\",\"target\":[\"https:\\\/\\\/novoscuba.com\\\/novoscuba-membership\\\/\"]}]},{\"@type\":\"ImageObject\",\"inLanguage\":\"fr-FR\",\"@id\":\"https:\\\/\\\/novoscuba.com\\\/novoscuba-membership\\\/#primaryimage\",\"url\":\"https:\\\/\\\/novoscuba.com\\\/wp-content\\\/uploads\\\/2025\\\/05\\\/Home-Page-Top-1-scaled-1.webp\",\"contentUrl\":\"https:\\\/\\\/novoscuba.com\\\/wp-content\\\/uploads\\\/2025\\\/05\\\/Home-Page-Top-1-scaled-1.webp\",\"width\":2560,\"height\":1706},{\"@type\":\"BreadcrumbList\",\"@id\":\"https:\\\/\\\/novoscuba.com\\\/novoscuba-membership\\\/#breadcrumb\",\"itemListElement\":[{\"@type\":\"ListItem\",\"position\":1,\"name\":\"Home\",\"item\":\"https:\\\/\\\/novoscuba.com\\\/\"},{\"@type\":\"ListItem\",\"position\":2,\"name\":\"NovoScuba Membership\"}]},{\"@type\":\"WebSite\",\"@id\":\"https:\\\/\\\/novoscuba.com\\\/en_gb\\\/#website\",\"url\":\"https:\\\/\\\/novoscuba.com\\\/en_gb\\\/\",\"name\":\"NovoScuba\",\"description\":\"Scuba Diving Redefined\",\"publisher\":{\"@id\":\"https:\\\/\\\/novoscuba.com\\\/en_gb\\\/#organization\"},\"potentialAction\":[{\"@type\":\"SearchAction\",\"target\":{\"@type\":\"EntryPoint\",\"urlTemplate\":\"https:\\\/\\\/novoscuba.com\\\/en_gb\\\/?s={search_term_string}\"},\"query-input\":{\"@type\":\"PropertyValueSpecification\",\"valueRequired\":true,\"valueName\":\"search_term_string\"}}],\"inLanguage\":\"fr-FR\"},{\"@type\":\"Organization\",\"@id\":\"https:\\\/\\\/novoscuba.com\\\/en_gb\\\/#organization\",\"name\":\"NovoScuba\",\"url\":\"https:\\\/\\\/novoscuba.com\\\/en_gb\\\/\",\"logo\":{\"@type\":\"ImageObject\",\"inLanguage\":\"fr-FR\",\"@id\":\"https:\\\/\\\/novoscuba.com\\\/en_gb\\\/#\\\/schema\\\/logo\\\/image\\\/\",\"url\":\"https:\\\/\\\/novoscuba.com\\\/wp-content\\\/uploads\\\/2025\\\/05\\\/NovoScuba-Logo_Dark-scaled.jpg\",\"contentUrl\":\"https:\\\/\\\/novoscuba.com\\\/wp-content\\\/uploads\\\/2025\\\/05\\\/NovoScuba-Logo_Dark-scaled.jpg\",\"width\":2560,\"height\":877,\"caption\":\"NovoScuba\"},\"image\":{\"@id\":\"https:\\\/\\\/novoscuba.com\\\/en_gb\\\/#\\\/schema\\\/logo\\\/image\\\/\"},\"sameAs\":[\"https:\\\/\\\/www.facebook.com\\\/novoscuba\"]}]}<\/script>\n<!-- \/ Yoast SEO plugin. -->","yoast_head_json":{"title":"Adh\u00e9sion NovoScuba - NovoScuba","robots":{"index":"index","follow":"follow","max-snippet":"max-snippet:-1","max-image-preview":"max-image-preview:large","max-video-preview":"max-video-preview:-1"},"canonical":"https:\/\/novoscuba.com\/fr\/novoscuba-membership\/","og_locale":"fr_FR","og_type":"article","og_title":"NovoScuba Membership - NovoScuba","og_description":"DiverTraining Redefined Get Started Already a subscriber? 2.15.1.0 Login Courses Get access to all our recreational diving courses Why pay expensive rates per course? With&hellip;","og_url":"https:\/\/novoscuba.com\/fr\/novoscuba-membership\/","og_site_name":"NovoScuba","article_publisher":"https:\/\/www.facebook.com\/novoscuba","article_modified_time":"2025-05-24T06:14:35+00:00","og_image":[{"width":2560,"height":1706,"url":"cdn.novoscuba.com\/media\/2025\/05\/Home-Page-Top-1-scaled-1.webp","type":"image\/webp"}],"twitter_card":"summary_large_image","twitter_misc":{"Dur\u00e9e de lecture estim\u00e9e":"4 minutes"},"schema":{"@context":"https:\/\/schema.org","@graph":[{"@type":"WebPage","@id":"https:\/\/novoscuba.com\/novoscuba-membership\/","url":"https:\/\/novoscuba.com\/novoscuba-membership\/","name":"Adh\u00e9sion NovoScuba - NovoScuba","isPartOf":{"@id":"https:\/\/novoscuba.com\/en_gb\/#website"},"primaryImageOfPage":{"@id":"https:\/\/novoscuba.com\/novoscuba-membership\/#primaryimage"},"image":{"@id":"https:\/\/novoscuba.com\/novoscuba-membership\/#primaryimage"},"thumbnailUrl":"https:\/\/novoscuba.com\/wp-content\/uploads\/2025\/05\/Home-Page-Top-1-scaled-1.webp","datePublished":"2024-05-01T13:57:47+00:00","dateModified":"2025-05-24T06:14:35+00:00","breadcrumb":{"@id":"https:\/\/novoscuba.com\/novoscuba-membership\/#breadcrumb"},"inLanguage":"fr-FR","potentialAction":[{"@type":"ReadAction","target":["https:\/\/novoscuba.com\/novoscuba-membership\/"]}]},{"@type":"ImageObject","inLanguage":"fr-FR","@id":"https:\/\/novoscuba.com\/novoscuba-membership\/#primaryimage","url":"https:\/\/novoscuba.com\/wp-content\/uploads\/2025\/05\/Home-Page-Top-1-scaled-1.webp","contentUrl":"https:\/\/novoscuba.com\/wp-content\/uploads\/2025\/05\/Home-Page-Top-1-scaled-1.webp","width":2560,"height":1706},{"@type":"BreadcrumbList","@id":"https:\/\/novoscuba.com\/novoscuba-membership\/#breadcrumb","itemListElement":[{"@type":"ListItem","position":1,"name":"Home","item":"https:\/\/novoscuba.com\/"},{"@type":"ListItem","position":2,"name":"NovoScuba Membership"}]},{"@type":"WebSite","@id":"https:\/\/novoscuba.com\/en_gb\/#website","url":"https:\/\/novoscuba.com\/en_gb\/","name":"NovoScuba","description":"La plong\u00e9e sous-marine red\u00e9finie","publisher":{"@id":"https:\/\/novoscuba.com\/en_gb\/#organization"},"potentialAction":[{"@type":"SearchAction","target":{"@type":"EntryPoint","urlTemplate":"https:\/\/novoscuba.com\/en_gb\/?s={search_term_string}"},"query-input":{"@type":"PropertyValueSpecification","valueRequired":true,"valueName":"search_term_string"}}],"inLanguage":"fr-FR"},{"@type":"Organization","@id":"https:\/\/novoscuba.com\/en_gb\/#organization","name":"NovoScuba","url":"https:\/\/novoscuba.com\/en_gb\/","logo":{"@type":"ImageObject","inLanguage":"fr-FR","@id":"https:\/\/novoscuba.com\/en_gb\/#\/schema\/logo\/image\/","url":"https:\/\/novoscuba.com\/wp-content\/uploads\/2025\/05\/NovoScuba-Logo_Dark-scaled.jpg","contentUrl":"https:\/\/novoscuba.com\/wp-content\/uploads\/2025\/05\/NovoScuba-Logo_Dark-scaled.jpg","width":2560,"height":877,"caption":"NovoScuba"},"image":{"@id":"https:\/\/novoscuba.com\/en_gb\/#\/schema\/logo\/image\/"},"sameAs":["https:\/\/www.facebook.com\/novoscuba"]}]}},"_links":{"self":[{"href":"https:\/\/novoscuba.com\/fr\/wp-json\/wp\/v2\/pages\/10595","targetHints":{"allow":["GET"]}}],"collection":[{"href":"https:\/\/novoscuba.com\/fr\/wp-json\/wp\/v2\/pages"}],"about":[{"href":"https:\/\/novoscuba.com\/fr\/wp-json\/wp\/v2\/types\/page"}],"author":[{"embeddable":true,"href":"https:\/\/novoscuba.com\/fr\/wp-json\/wp\/v2\/users\/2"}],"replies":[{"embeddable":true,"href":"https:\/\/novoscuba.com\/fr\/wp-json\/wp\/v2\/comments?post=10595"}],"version-history":[{"count":1,"href":"https:\/\/novoscuba.com\/fr\/wp-json\/wp\/v2\/pages\/10595\/revisions"}],"predecessor-version":[{"id":10597,"href":"https:\/\/novoscuba.com\/fr\/wp-json\/wp\/v2\/pages\/10595\/revisions\/10597"}],"wp:featuredmedia":[{"embeddable":true,"href":"https:\/\/novoscuba.com\/fr\/wp-json\/wp\/v2\/media\/6691"}],"wp:attachment":[{"href":"https:\/\/novoscuba.com\/fr\/wp-json\/wp\/v2\/media?parent=10595"}],"curies":[{"name":"wp","href":"https:\/\/api.w.org\/{rel}","templated":true}]}}