{"id":6685,"date":"2023-08-15T02:14:32","date_gmt":"2023-08-15T02:14:32","guid":{"rendered":"https:\/\/novoscuba.com\/community-guidelines-5-2\/"},"modified":"2025-06-21T22:30:46","modified_gmt":"2025-06-21T15:30:46","slug":"community-guidelines","status":"publish","type":"page","link":"https:\/\/novoscuba.com\/es\/community-guidelines\/","title":{"rendered":"Directrices comunitarias"},"content":{"rendered":"<div data-elementor-type=\"wp-page\" data-elementor-id=\"6685\" class=\"elementor elementor-6685\" data-elementor-post-type=\"page\">\n\t\t\t\t<div class=\"elementor-element elementor-element-705349c3 e-flex e-con-boxed e-con e-parent\" data-id=\"705349c3\" data-element_type=\"container\" data-e-type=\"container\">\n\t\t\t\t\t<div class=\"e-con-inner\">\n\t\t\t\t<div class=\"elementor-element elementor-element-52a35198 elementor-widget elementor-widget-text-editor\" data-id=\"52a35198\" data-element_type=\"widget\" data-e-type=\"widget\" data-widget_type=\"text-editor.default\">\n\t\t\t\t<div class=\"elementor-widget-container\">\n\t\t\t\t\t\t\t\t\t<h3>\u00a1Hola!<\/h3><p>\u00a1Bienvenido a la incre\u00edble Comunidad NovoScuba! Nos emociona que te unas a un grupo de apasionados buceadores que comparten tu insaciable curiosidad y deseo de explorar el impresionante mundo submarino.<\/p><h3>La comunidad de NovoScuba<\/h3><p>Tu membres\u00eda marca el inicio de un viaje enriquecedor lleno de posibilidades para expandir tus habilidades y experiencia. En NovoScuba, nos esforzamos por cultivar una comunidad que valora la innovaci\u00f3n, la determinaci\u00f3n y el esp\u00edritu colaborativo. Con tu talento excepcional, ideas innovadoras y energ\u00eda inagotable, no tenemos l\u00edmites para lo que podemos lograr juntos. Aprovecha cada oportunidad para asumir nuevos retos, adentrarte en lo desconocido y convertir tus aspiraciones en realidad. Confiamos en que tu compromiso y contribuci\u00f3n a nuestra comunidad marcar\u00e1n la pauta de la grandeza. Prep\u00e1rate para causar sensaci\u00f3n y llevarte a casa recuerdos inolvidables. \u00a1Bienvenido a bordo!<\/p><h3>S\u00e9 curioso<\/h3><p>Este es un lugar para ayudar a otros y encontrar a quienes te inspiran a crecer. Ser curioso significa hacer preguntas, ser ingenioso e intentar encontrar respuestas por tu cuenta, brindar retroalimentaci\u00f3n a trav\u00e9s de los canales adecuados y aprender continuamente.<\/p><h3>S\u00e9 amable<\/h3><p>Juntos, construyamos un ambiente donde todos se sientan seguros y bienvenidos, manteniendo un tono positivo y comentarios constructivos. Tengan en cuenta que esta es una comunidad global compuesta por personas de diferentes pa\u00edses con diferentes perspectivas, or\u00edgenes, culturas y niveles de experiencia.<\/p><h3>Sea \u00fatil<\/h3><p>Tenga en cuenta que este es un espacio donde todos aprenden a su propio ritmo, y tenga en cuenta c\u00f3mo desea contribuir antes de publicar. Si\u00e9ntase libre de compartir sus desaf\u00edos, responder preguntas, apoyar a otros, proporcionar recursos \u00fatiles, iniciar debates y crear conexiones.<\/p><h2>Reglas de la comunidad<\/h2><p>Aunque alentamos mucho que compartas tus pensamientos y opiniones, aseg\u00farate de hacerlo con respeto y considera c\u00f3mo tus palabras podr\u00edan afectar a los dem\u00e1s.<\/p><p>Sea amable y respetuoso<\/p><p>Juntos, construyamos un ambiente positivo y acogedor donde todos se sientan seguros para compartir ideas, pensamientos y comentarios. Seamos solidarios, respetemos las opiniones individuales y denunciemos las publicaciones inapropiadas si es necesario.<\/p><p>Dar m\u00e1s de lo que recibes \u2013 Sin solicitudes<\/p><p>Esto incluye la autopromoci\u00f3n, los mensajes directos no solicitados, el spam, hacerse pasar por instructores o administradores, y cualquier venta disfrazada de contenido o publicaciones de ayuda con el fin de generar clientes potenciales. Este tipo de publicaciones se eliminar\u00e1n para garantizar que nos centremos en un debate significativo.<\/p><p>Tolerancia cero ante el acoso<\/p><p>Debes cuestionar las ideas con respeto, pero nunca atacar directamente a nadie. Cualquier publicaci\u00f3n, comentario o mensaje directo a miembros o administradores que sea inapropiado, grosero o agresivo ser\u00e1 eliminado de inmediato. Esto incluye publicaciones que difundan informaci\u00f3n err\u00f3nea y perturben el funcionamiento del grupo.<\/p><p>Sea relevante: estamos aqu\u00ed para aprender<\/p><p>El objetivo de esta comunidad es ayudarte con tu aprendizaje mediante los cursos de este sitio web. Se eliminar\u00e1 cualquier promoci\u00f3n de cursos o productos que no sean relevantes para este objetivo de aprendizaje.<\/p><h3>Incumplimiento de nuestras Normas Comunitarias<\/h3><p>Si experimenta o presencia alg\u00fan comportamiento que vaya en contra de nuestras Pautas de la comunidad, comun\u00edquese con nosotros enviando un correo electr\u00f3nico a <a href=\"mailto:community@novoscuba.com\">community@novoscuba.com<\/a>Respetamos su privacidad y todos los informes por correo electr\u00f3nico se mantienen confidenciales.<\/p><p>En la mayor\u00eda de los casos, se emitir\u00e1 una advertencia y, dependiendo de la gravedad del comportamiento, el miembro puede ser eliminado del grupo.<\/p><p>Valoramos las conversaciones constructivas y no eliminaremos ninguna publicaci\u00f3n o comentario a menos que determinemos que contradice directamente estas directrices. Esto queda a discreci\u00f3n de los administradores de nuestra comunidad, y siempre estamos disponibles para hablar m\u00e1s a fondo contigo si tienes alguna pregunta o dudas sobre tus propias publicaciones o las de otros.<\/p><p>\u00a1Estamos muy emocionados de tenerte aqu\u00ed y de ser parte de tu viaje de buceo!<\/p>\t\t\t\t\t\t\t\t<\/div>\n\t\t\t\t<\/div>\n\t\t\t\t\t<\/div>\n\t\t\t\t<\/div>\n\t\t\t\t<\/div>","protected":false},"excerpt":{"rendered":"<p>\u00a1Hola! \u00a1Bienvenido a la incre\u00edble Comunidad NovoScuba! Nos emociona que te unas a un grupo de apasionados buceadores que comparten tu pasi\u00f3n...<\/p>","protected":false},"author":2,"featured_media":6686,"parent":0,"menu_order":0,"comment_status":"open","ping_status":"closed","template":"","meta":{"_lat":0,"_lng":0,"_country":"","_entry":"","_max_depth_m":0,"_difficulty":"","pmpro_default_level":"","footnotes":""},"class_list":["post-6685","page","type-page","status-publish","has-post-thumbnail","hentry","pmpro-has-access"],"yoast_head":"<!-- This site is optimized with the Yoast SEO plugin v27.4 - https:\/\/yoast.com\/product\/yoast-seo-wordpress\/ -->\n<title>Community Guidelines - NovoScuba<\/title>\n<meta name=\"robots\" content=\"index, follow, max-snippet:-1, max-image-preview:large, max-video-preview:-1\" \/>\n<link rel=\"canonical\" href=\"https:\/\/novoscuba.com\/es\/community-guidelines\/\" \/>\n<meta property=\"og:locale\" content=\"es_ES\" \/>\n<meta property=\"og:type\" content=\"article\" \/>\n<meta property=\"og:title\" content=\"Community Guidelines - NovoScuba\" \/>\n<meta property=\"og:description\" content=\"Hello there! Welcome to the incredible NovoScuba Community! We are thrilled to have you join a group of passionate scuba divers who share your insatiable&hellip;\" \/>\n<meta property=\"og:url\" content=\"https:\/\/novoscuba.com\/es\/community-guidelines\/\" \/>\n<meta property=\"og:site_name\" content=\"NovoScuba\" \/>\n<meta property=\"article:publisher\" content=\"https:\/\/www.facebook.com\/novoscuba\" \/>\n<meta property=\"article:modified_time\" content=\"2025-06-21T15:30:46+00:00\" \/>\n<meta property=\"og:image\" content=\"http:\/\/cdn.novoscuba.com\/media\/2025\/05\/AdobeStock_457310377-scaled-1.webp\" \/>\n\t<meta property=\"og:image:width\" content=\"1920\" \/>\n\t<meta property=\"og:image:height\" content=\"1277\" \/>\n\t<meta property=\"og:image:type\" content=\"image\/webp\" \/>\n<meta name=\"twitter:card\" content=\"summary_large_image\" \/>\n<meta name=\"twitter:label1\" content=\"Tiempo de lectura\" \/>\n\t<meta name=\"twitter:data1\" content=\"3 minutos\" \/>\n<script type=\"application\/ld+json\" class=\"yoast-schema-graph\">{\"@context\":\"https:\\\/\\\/schema.org\",\"@graph\":[{\"@type\":\"WebPage\",\"@id\":\"https:\\\/\\\/novoscuba.com\\\/community-guidelines\\\/\",\"url\":\"https:\\\/\\\/novoscuba.com\\\/community-guidelines\\\/\",\"name\":\"Community Guidelines - NovoScuba\",\"isPartOf\":{\"@id\":\"https:\\\/\\\/novoscuba.com\\\/en_gb\\\/#website\"},\"primaryImageOfPage\":{\"@id\":\"https:\\\/\\\/novoscuba.com\\\/community-guidelines\\\/#primaryimage\"},\"image\":{\"@id\":\"https:\\\/\\\/novoscuba.com\\\/community-guidelines\\\/#primaryimage\"},\"thumbnailUrl\":\"https:\\\/\\\/novoscuba.com\\\/wp-content\\\/uploads\\\/2025\\\/05\\\/AdobeStock_457310377-scaled-1.webp\",\"datePublished\":\"2023-08-15T02:14:32+00:00\",\"dateModified\":\"2025-06-21T15:30:46+00:00\",\"breadcrumb\":{\"@id\":\"https:\\\/\\\/novoscuba.com\\\/community-guidelines\\\/#breadcrumb\"},\"inLanguage\":\"es\",\"potentialAction\":[{\"@type\":\"ReadAction\",\"target\":[\"https:\\\/\\\/novoscuba.com\\\/community-guidelines\\\/\"]}]},{\"@type\":\"ImageObject\",\"inLanguage\":\"es\",\"@id\":\"https:\\\/\\\/novoscuba.com\\\/community-guidelines\\\/#primaryimage\",\"url\":\"https:\\\/\\\/novoscuba.com\\\/wp-content\\\/uploads\\\/2025\\\/05\\\/AdobeStock_457310377-scaled-1.webp\",\"contentUrl\":\"https:\\\/\\\/novoscuba.com\\\/wp-content\\\/uploads\\\/2025\\\/05\\\/AdobeStock_457310377-scaled-1.webp\",\"width\":1920,\"height\":1277},{\"@type\":\"BreadcrumbList\",\"@id\":\"https:\\\/\\\/novoscuba.com\\\/community-guidelines\\\/#breadcrumb\",\"itemListElement\":[{\"@type\":\"ListItem\",\"position\":1,\"name\":\"Home\",\"item\":\"https:\\\/\\\/novoscuba.com\\\/\"},{\"@type\":\"ListItem\",\"position\":2,\"name\":\"Community Guidelines\"}]},{\"@type\":\"WebSite\",\"@id\":\"https:\\\/\\\/novoscuba.com\\\/en_gb\\\/#website\",\"url\":\"https:\\\/\\\/novoscuba.com\\\/en_gb\\\/\",\"name\":\"NovoScuba\",\"description\":\"Scuba Diving Redefined\",\"publisher\":{\"@id\":\"https:\\\/\\\/novoscuba.com\\\/en_gb\\\/#organization\"},\"potentialAction\":[{\"@type\":\"SearchAction\",\"target\":{\"@type\":\"EntryPoint\",\"urlTemplate\":\"https:\\\/\\\/novoscuba.com\\\/en_gb\\\/?s={search_term_string}\"},\"query-input\":{\"@type\":\"PropertyValueSpecification\",\"valueRequired\":true,\"valueName\":\"search_term_string\"}}],\"inLanguage\":\"es\"},{\"@type\":\"Organization\",\"@id\":\"https:\\\/\\\/novoscuba.com\\\/en_gb\\\/#organization\",\"name\":\"NovoScuba\",\"url\":\"https:\\\/\\\/novoscuba.com\\\/en_gb\\\/\",\"logo\":{\"@type\":\"ImageObject\",\"inLanguage\":\"es\",\"@id\":\"https:\\\/\\\/novoscuba.com\\\/en_gb\\\/#\\\/schema\\\/logo\\\/image\\\/\",\"url\":\"https:\\\/\\\/novoscuba.com\\\/wp-content\\\/uploads\\\/2025\\\/05\\\/NovoScuba-Logo_Dark-scaled.jpg\",\"contentUrl\":\"https:\\\/\\\/novoscuba.com\\\/wp-content\\\/uploads\\\/2025\\\/05\\\/NovoScuba-Logo_Dark-scaled.jpg\",\"width\":2560,\"height\":877,\"caption\":\"NovoScuba\"},\"image\":{\"@id\":\"https:\\\/\\\/novoscuba.com\\\/en_gb\\\/#\\\/schema\\\/logo\\\/image\\\/\"},\"sameAs\":[\"https:\\\/\\\/www.facebook.com\\\/novoscuba\"]}]}<\/script>\n<!-- \/ Yoast SEO plugin. -->","yoast_head_json":{"title":"Normas de la comunidad - NovoScuba","robots":{"index":"index","follow":"follow","max-snippet":"max-snippet:-1","max-image-preview":"max-image-preview:large","max-video-preview":"max-video-preview:-1"},"canonical":"https:\/\/novoscuba.com\/es\/community-guidelines\/","og_locale":"es_ES","og_type":"article","og_title":"Community Guidelines - NovoScuba","og_description":"Hello there! Welcome to the incredible NovoScuba Community! We are thrilled to have you join a group of passionate scuba divers who share your insatiable&hellip;","og_url":"https:\/\/novoscuba.com\/es\/community-guidelines\/","og_site_name":"NovoScuba","article_publisher":"https:\/\/www.facebook.com\/novoscuba","article_modified_time":"2025-06-21T15:30:46+00:00","og_image":[{"width":1920,"height":1277,"url":"cdn.novoscuba.com\/media\/2025\/05\/AdobeStock_457310377-scaled-1.webp","type":"image\/webp"}],"twitter_card":"summary_large_image","twitter_misc":{"Tiempo de lectura":"3 minutos"},"schema":{"@context":"https:\/\/schema.org","@graph":[{"@type":"WebPage","@id":"https:\/\/novoscuba.com\/community-guidelines\/","url":"https:\/\/novoscuba.com\/community-guidelines\/","name":"Normas de la comunidad - NovoScuba","isPartOf":{"@id":"https:\/\/novoscuba.com\/en_gb\/#website"},"primaryImageOfPage":{"@id":"https:\/\/novoscuba.com\/community-guidelines\/#primaryimage"},"image":{"@id":"https:\/\/novoscuba.com\/community-guidelines\/#primaryimage"},"thumbnailUrl":"https:\/\/novoscuba.com\/wp-content\/uploads\/2025\/05\/AdobeStock_457310377-scaled-1.webp","datePublished":"2023-08-15T02:14:32+00:00","dateModified":"2025-06-21T15:30:46+00:00","breadcrumb":{"@id":"https:\/\/novoscuba.com\/community-guidelines\/#breadcrumb"},"inLanguage":"es","potentialAction":[{"@type":"ReadAction","target":["https:\/\/novoscuba.com\/community-guidelines\/"]}]},{"@type":"ImageObject","inLanguage":"es","@id":"https:\/\/novoscuba.com\/community-guidelines\/#primaryimage","url":"https:\/\/novoscuba.com\/wp-content\/uploads\/2025\/05\/AdobeStock_457310377-scaled-1.webp","contentUrl":"https:\/\/novoscuba.com\/wp-content\/uploads\/2025\/05\/AdobeStock_457310377-scaled-1.webp","width":1920,"height":1277},{"@type":"BreadcrumbList","@id":"https:\/\/novoscuba.com\/community-guidelines\/#breadcrumb","itemListElement":[{"@type":"ListItem","position":1,"name":"Home","item":"https:\/\/novoscuba.com\/"},{"@type":"ListItem","position":2,"name":"Community Guidelines"}]},{"@type":"WebSite","@id":"https:\/\/novoscuba.com\/en_gb\/#website","url":"https:\/\/novoscuba.com\/en_gb\/","name":"NovoScuba","description":"El buceo redefinido","publisher":{"@id":"https:\/\/novoscuba.com\/en_gb\/#organization"},"potentialAction":[{"@type":"SearchAction","target":{"@type":"EntryPoint","urlTemplate":"https:\/\/novoscuba.com\/en_gb\/?s={search_term_string}"},"query-input":{"@type":"PropertyValueSpecification","valueRequired":true,"valueName":"search_term_string"}}],"inLanguage":"es"},{"@type":"Organization","@id":"https:\/\/novoscuba.com\/en_gb\/#organization","name":"NovoScuba","url":"https:\/\/novoscuba.com\/en_gb\/","logo":{"@type":"ImageObject","inLanguage":"es","@id":"https:\/\/novoscuba.com\/en_gb\/#\/schema\/logo\/image\/","url":"https:\/\/novoscuba.com\/wp-content\/uploads\/2025\/05\/NovoScuba-Logo_Dark-scaled.jpg","contentUrl":"https:\/\/novoscuba.com\/wp-content\/uploads\/2025\/05\/NovoScuba-Logo_Dark-scaled.jpg","width":2560,"height":877,"caption":"NovoScuba"},"image":{"@id":"https:\/\/novoscuba.com\/en_gb\/#\/schema\/logo\/image\/"},"sameAs":["https:\/\/www.facebook.com\/novoscuba"]}]}},"_links":{"self":[{"href":"https:\/\/novoscuba.com\/es\/wp-json\/wp\/v2\/pages\/6685","targetHints":{"allow":["GET"]}}],"collection":[{"href":"https:\/\/novoscuba.com\/es\/wp-json\/wp\/v2\/pages"}],"about":[{"href":"https:\/\/novoscuba.com\/es\/wp-json\/wp\/v2\/types\/page"}],"author":[{"embeddable":true,"href":"https:\/\/novoscuba.com\/es\/wp-json\/wp\/v2\/users\/2"}],"replies":[{"embeddable":true,"href":"https:\/\/novoscuba.com\/es\/wp-json\/wp\/v2\/comments?post=6685"}],"version-history":[{"count":10,"href":"https:\/\/novoscuba.com\/es\/wp-json\/wp\/v2\/pages\/6685\/revisions"}],"predecessor-version":[{"id":13292,"href":"https:\/\/novoscuba.com\/es\/wp-json\/wp\/v2\/pages\/6685\/revisions\/13292"}],"wp:featuredmedia":[{"embeddable":true,"href":"https:\/\/novoscuba.com\/es\/wp-json\/wp\/v2\/media\/6686"}],"wp:attachment":[{"href":"https:\/\/novoscuba.com\/es\/wp-json\/wp\/v2\/media?parent=6685"}],"curies":[{"name":"wp","href":"https:\/\/api.w.org\/{rel}","templated":true}]}}