{"id":14598,"date":"2025-07-06T12:01:45","date_gmt":"2025-07-06T05:01:45","guid":{"rendered":"https:\/\/novoscuba.com\/accessibility-statement\/"},"modified":"2025-07-06T12:08:24","modified_gmt":"2025-07-06T05:08:24","slug":"declaracion-de-accesibilidad","status":"publish","type":"page","link":"https:\/\/novoscuba.com\/es\/accessibility-statement\/","title":{"rendered":"Declaraci\u00f3n de accesibilidad"},"content":{"rendered":"<h2 class=\"wp-block-heading has-text-align-center\">Declaraci\u00f3n de accesibilidad para https:\/\/www.novoscuba.com<\/h2>\n\n\n\n<p><strong>NovoScuba<\/strong> se compromete a garantizar la accesibilidad digital a las personas con discapacidad. Mejoramos continuamente la experiencia de usuario para todos y aplicamos las normas de accesibilidad pertinentes.<\/p>\n\n\n\n<h3 class=\"wp-block-heading\">Estado de conformidad<\/h3>\n\n\n\n<p>Las Pautas de Accesibilidad al Contenido en la Web (WCAG) definen los requisitos que deben cumplir los dise\u00f1adores y desarrolladores para mejorar la accesibilidad de las personas con discapacidad. Define tres niveles de conformidad: Nivel A, Nivel AA y Nivel AAA.<\/p>\n\n\n\n<p><strong>NovoScuba<\/strong> se esfuerza constantemente por mejorar la accesibilidad de su sitio web y sus servicios, con la convicci\u00f3n de que es nuestra obligaci\u00f3n moral colectiva permitir un uso fluido, accesible y sin trabas para quienes tenemos alguna discapacidad.<\/p>\n\n\n\n<p>Nuestro objetivo es que todas las p\u00e1ginas y contenidos de <strong>https:\/\/www.novoscuba.com<\/strong> accesible, pero es posible que algunos contenidos a\u00fan no cumplan plenamente las normas de accesibilidad m\u00e1s estrictas. Esto podr\u00eda deberse a dificultades para identificar la soluci\u00f3n tecnol\u00f3gica m\u00e1s adecuada.<\/p>\n\n\n\n<p>Podemos revisar esta Declaraci\u00f3n peri\u00f3dicamente para reflejar mejoras o cambios en nuestras pr\u00e1cticas de accesibilidad.<\/p>\n\n\n\n<h3 class=\"wp-block-heading\">Comentarios<\/h3>\n\n\n\n<p>Agradecemos tus comentarios sobre la accesibilidad de <strong>NovoScuba<\/strong> sitio web. Por favor, inf\u00f3rmanos si encuentras barreras de accesibilidad en nuestro sitio web:<\/p>\n\n\n\n<p>Correo electr\u00f3nico: <strong>info@novoscuba.com<\/strong><\/p>\n\n\n\n<p>Intentamos responder a los comentarios en un plazo de 3 a 5 d\u00edas laborables.<\/p>\n\n\n\n<p>Esta declaraci\u00f3n se cre\u00f3 el 06\/07\/2025. <\/p>\n\n\n\n<p><\/p>","protected":false},"excerpt":{"rendered":"<p>Declaraci\u00f3n de Accesibilidad para https:\/\/www.novoscuba.com. NovoScuba se compromete a garantizar la accesibilidad digital para personas con discapacidad. Mejoramos continuamente la experiencia del usuario para todos y\u2026<\/p>","protected":false},"author":2,"featured_media":0,"parent":0,"menu_order":0,"comment_status":"closed","ping_status":"closed","template":"","meta":{"_lat":0,"_lng":0,"_country":"","_entry":"","_max_depth_m":0,"_difficulty":"","pmpro_default_level":"","footnotes":""},"class_list":["post-14598","page","type-page","status-publish","hentry","pmpro-has-access"],"yoast_head":"<!-- This site is optimized with the Yoast SEO plugin v27.2 - https:\/\/yoast.com\/product\/yoast-seo-wordpress\/ -->\n<title>Accessibility statement - NovoScuba<\/title>\n<meta name=\"robots\" content=\"index, follow, max-snippet:-1, max-image-preview:large, max-video-preview:-1\" \/>\n<link rel=\"canonical\" href=\"https:\/\/novoscuba.com\/es\/declaracion-de-accesibilidad\/\" \/>\n<meta property=\"og:locale\" content=\"es_ES\" \/>\n<meta property=\"og:type\" content=\"article\" \/>\n<meta property=\"og:title\" content=\"Accessibility statement - NovoScuba\" \/>\n<meta property=\"og:description\" content=\"Accessibility Statement for https:\/\/www.novoscuba.com NovoScuba is committed to ensuring digital accessibility for people with disabilities. We are continually improving the user experience for everyone and&hellip;\" \/>\n<meta property=\"og:url\" content=\"https:\/\/novoscuba.com\/es\/declaracion-de-accesibilidad\/\" \/>\n<meta property=\"og:site_name\" content=\"NovoScuba\" \/>\n<meta property=\"article:publisher\" content=\"https:\/\/www.facebook.com\/novoscuba\" \/>\n<meta property=\"article:modified_time\" content=\"2025-07-06T05:08:24+00:00\" \/>\n<meta name=\"twitter:card\" content=\"summary_large_image\" \/>\n<meta name=\"twitter:label1\" content=\"Tiempo de lectura\" \/>\n\t<meta name=\"twitter:data1\" content=\"1 minuto\" \/>\n<script type=\"application\/ld+json\" class=\"yoast-schema-graph\">{\"@context\":\"https:\/\/schema.org\",\"@graph\":[{\"@type\":\"WebPage\",\"@id\":\"https:\/\/novoscuba.com\/accessibility-statement\/\",\"url\":\"https:\/\/novoscuba.com\/accessibility-statement\/\",\"name\":\"Accessibility statement - NovoScuba\",\"isPartOf\":{\"@id\":\"https:\/\/novoscuba.com\/en_gb\/#website\"},\"datePublished\":\"2025-07-06T05:01:45+00:00\",\"dateModified\":\"2025-07-06T05:08:24+00:00\",\"breadcrumb\":{\"@id\":\"https:\/\/novoscuba.com\/accessibility-statement\/#breadcrumb\"},\"inLanguage\":\"es\",\"potentialAction\":[{\"@type\":\"ReadAction\",\"target\":[\"https:\/\/novoscuba.com\/accessibility-statement\/\"]}]},{\"@type\":\"BreadcrumbList\",\"@id\":\"https:\/\/novoscuba.com\/accessibility-statement\/#breadcrumb\",\"itemListElement\":[{\"@type\":\"ListItem\",\"position\":1,\"name\":\"Home\",\"item\":\"https:\/\/novoscuba.com\/\"},{\"@type\":\"ListItem\",\"position\":2,\"name\":\"Accessibility statement\"}]},{\"@type\":\"WebSite\",\"@id\":\"https:\/\/novoscuba.com\/en_gb\/#website\",\"url\":\"https:\/\/novoscuba.com\/en_gb\/\",\"name\":\"NovoScuba\",\"description\":\"Scuba Diving Redefined\",\"publisher\":{\"@id\":\"https:\/\/novoscuba.com\/en_gb\/#organization\"},\"potentialAction\":[{\"@type\":\"SearchAction\",\"target\":{\"@type\":\"EntryPoint\",\"urlTemplate\":\"https:\/\/novoscuba.com\/en_gb\/?s={search_term_string}\"},\"query-input\":{\"@type\":\"PropertyValueSpecification\",\"valueRequired\":true,\"valueName\":\"search_term_string\"}}],\"inLanguage\":\"es\"},{\"@type\":\"Organization\",\"@id\":\"https:\/\/novoscuba.com\/en_gb\/#organization\",\"name\":\"NovoScuba\",\"url\":\"https:\/\/novoscuba.com\/en_gb\/\",\"logo\":{\"@type\":\"ImageObject\",\"inLanguage\":\"es\",\"@id\":\"https:\/\/novoscuba.com\/en_gb\/#\/schema\/logo\/image\/\",\"url\":\"https:\/\/novoscuba.com\/wp-content\/uploads\/2025\/05\/NovoScuba-Logo_Dark-scaled.jpg\",\"contentUrl\":\"https:\/\/novoscuba.com\/wp-content\/uploads\/2025\/05\/NovoScuba-Logo_Dark-scaled.jpg\",\"width\":2560,\"height\":877,\"caption\":\"NovoScuba\"},\"image\":{\"@id\":\"https:\/\/novoscuba.com\/en_gb\/#\/schema\/logo\/image\/\"},\"sameAs\":[\"https:\/\/www.facebook.com\/novoscuba\"]}]}<\/script>\n<!-- \/ Yoast SEO plugin. -->","yoast_head_json":{"title":"Declaraci\u00f3n de accesibilidad - NovoScuba","robots":{"index":"index","follow":"follow","max-snippet":"max-snippet:-1","max-image-preview":"max-image-preview:large","max-video-preview":"max-video-preview:-1"},"canonical":"https:\/\/novoscuba.com\/es\/declaracion-de-accesibilidad\/","og_locale":"es_ES","og_type":"article","og_title":"Accessibility statement - NovoScuba","og_description":"Accessibility Statement for https:\/\/www.novoscuba.com NovoScuba is committed to ensuring digital accessibility for people with disabilities. We are continually improving the user experience for everyone and&hellip;","og_url":"https:\/\/novoscuba.com\/es\/declaracion-de-accesibilidad\/","og_site_name":"NovoScuba","article_publisher":"https:\/\/www.facebook.com\/novoscuba","article_modified_time":"2025-07-06T05:08:24+00:00","twitter_card":"summary_large_image","twitter_misc":{"Tiempo de lectura":"1 minuto"},"schema":{"@context":"https:\/\/schema.org","@graph":[{"@type":"WebPage","@id":"https:\/\/novoscuba.com\/accessibility-statement\/","url":"https:\/\/novoscuba.com\/accessibility-statement\/","name":"Declaraci\u00f3n de accesibilidad - NovoScuba","isPartOf":{"@id":"https:\/\/novoscuba.com\/en_gb\/#website"},"datePublished":"2025-07-06T05:01:45+00:00","dateModified":"2025-07-06T05:08:24+00:00","breadcrumb":{"@id":"https:\/\/novoscuba.com\/accessibility-statement\/#breadcrumb"},"inLanguage":"es","potentialAction":[{"@type":"ReadAction","target":["https:\/\/novoscuba.com\/accessibility-statement\/"]}]},{"@type":"BreadcrumbList","@id":"https:\/\/novoscuba.com\/accessibility-statement\/#breadcrumb","itemListElement":[{"@type":"ListItem","position":1,"name":"Home","item":"https:\/\/novoscuba.com\/"},{"@type":"ListItem","position":2,"name":"Accessibility statement"}]},{"@type":"WebSite","@id":"https:\/\/novoscuba.com\/en_gb\/#website","url":"https:\/\/novoscuba.com\/en_gb\/","name":"NovoScuba","description":"El buceo redefinido","publisher":{"@id":"https:\/\/novoscuba.com\/en_gb\/#organization"},"potentialAction":[{"@type":"SearchAction","target":{"@type":"EntryPoint","urlTemplate":"https:\/\/novoscuba.com\/en_gb\/?s={search_term_string}"},"query-input":{"@type":"PropertyValueSpecification","valueRequired":true,"valueName":"search_term_string"}}],"inLanguage":"es"},{"@type":"Organization","@id":"https:\/\/novoscuba.com\/en_gb\/#organization","name":"NovoScuba","url":"https:\/\/novoscuba.com\/en_gb\/","logo":{"@type":"ImageObject","inLanguage":"es","@id":"https:\/\/novoscuba.com\/en_gb\/#\/schema\/logo\/image\/","url":"https:\/\/novoscuba.com\/wp-content\/uploads\/2025\/05\/NovoScuba-Logo_Dark-scaled.jpg","contentUrl":"https:\/\/novoscuba.com\/wp-content\/uploads\/2025\/05\/NovoScuba-Logo_Dark-scaled.jpg","width":2560,"height":877,"caption":"NovoScuba"},"image":{"@id":"https:\/\/novoscuba.com\/en_gb\/#\/schema\/logo\/image\/"},"sameAs":["https:\/\/www.facebook.com\/novoscuba"]}]}},"_links":{"self":[{"href":"https:\/\/novoscuba.com\/es\/wp-json\/wp\/v2\/pages\/14598","targetHints":{"allow":["GET"]}}],"collection":[{"href":"https:\/\/novoscuba.com\/es\/wp-json\/wp\/v2\/pages"}],"about":[{"href":"https:\/\/novoscuba.com\/es\/wp-json\/wp\/v2\/types\/page"}],"author":[{"embeddable":true,"href":"https:\/\/novoscuba.com\/es\/wp-json\/wp\/v2\/users\/2"}],"replies":[{"embeddable":true,"href":"https:\/\/novoscuba.com\/es\/wp-json\/wp\/v2\/comments?post=14598"}],"version-history":[{"count":2,"href":"https:\/\/novoscuba.com\/es\/wp-json\/wp\/v2\/pages\/14598\/revisions"}],"predecessor-version":[{"id":14604,"href":"https:\/\/novoscuba.com\/es\/wp-json\/wp\/v2\/pages\/14598\/revisions\/14604"}],"wp:attachment":[{"href":"https:\/\/novoscuba.com\/es\/wp-json\/wp\/v2\/media?parent=14598"}],"curies":[{"name":"wp","href":"https:\/\/api.w.org\/{rel}","templated":true}]}}