{"id":10595,"date":"2024-05-01T13:57:47","date_gmt":"2024-05-01T13:57:47","guid":{"rendered":"https:\/\/novoscuba.com\/novoscuba-membership\/"},"modified":"2025-05-24T06:14:35","modified_gmt":"2025-05-24T06:14:35","slug":"novoscuba-membership","status":"publish","type":"page","link":"https:\/\/novoscuba.com\/es\/novoscuba-membership\/","title":{"rendered":"Membres\u00eda de NovoScuba"},"content":{"rendered":"<h1>Buceador<br \/>Formaci\u00f3n <br \/>Redefinido<\/h1>\n<p>\t\t\t<a href=\"https:\/\/novoscuba.com\/es\/registrese-en\/free\/\"><br \/>\n\t\t\t\t\t\t\t\t\tComenzar<br \/>\n\t\t\t\t\t<\/a><\/p>\n<p>\u00bfYa es abonado?<\/p>\n<p>2.15.1.0<br \/>\n\t\t\t<a href=\"\/wp-login.php\"><br \/>\n\t\t\t\t\t\t\t\t\tInicio de sesi\u00f3n<br \/>\n\t\t\t\t\t<\/a><br \/>\n\t\t\t\t\t\t\t\t\t\t\t\t\t<img loading=\"lazy\" decoding=\"async\" width=\"1200\" height=\"971\" src=\"https:\/\/novoscuba.com\/wp-content\/uploads\/2025\/05\/Course-Grid.webp\" alt=\"\" srcset=\"https:\/\/novoscuba.com\/wp-content\/uploads\/2025\/05\/Course-Grid.webp 1200w, https:\/\/novoscuba.com\/wp-content\/uploads\/2025\/05\/Course-Grid-300x243.webp 300w, https:\/\/novoscuba.com\/wp-content\/uploads\/2025\/05\/Course-Grid-1024x829.webp 1024w, https:\/\/novoscuba.com\/wp-content\/uploads\/2025\/05\/Course-Grid-768x621.webp 768w, https:\/\/novoscuba.com\/wp-content\/uploads\/2025\/05\/Course-Grid-360x291.webp 360w, https:\/\/novoscuba.com\/wp-content\/uploads\/2025\/05\/Course-Grid-624x505.webp 624w, https:\/\/novoscuba.com\/wp-content\/uploads\/2025\/05\/Course-Grid.webp 40w, https:\/\/novoscuba.com\/wp-content\/uploads\/2025\/05\/Course-Grid.webp 50w, https:\/\/novoscuba.com\/wp-content\/uploads\/2025\/05\/Course-Grid.webp 100w, https:\/\/novoscuba.com\/wp-content\/uploads\/2025\/05\/Course-Grid.webp 600w\" sizes=\"auto, (max-width: 1200px) 100vw, 1200px\" \/>\t\t\t\t\t\t\t\t\t\t\t\t\t<\/p>\n<p>Cursos<\/p>\n<h2>Acceda a todos nuestros cursos de buceo recreativo<\/h2>\n<p>\u00bfPor qu\u00e9 pagar tarifas elevadas por curso? Con NovoScuba, tienes acceso a todos nuestros cursos eLearning por una \u00fanica y econ\u00f3mica suscripci\u00f3n mensual*. As\u00ed que, tanto si eres nuevo en el buceo como si quieres mejorar tus habilidades, te tenemos cubierto.<\/p>\n<p>*excluye cursos profesionales<\/p>\n<h2>\u00bfDive Pro?<\/h2>\n<p>Compruebe las ventajas de la afiliaci\u00f3n a NovoScuba para profesionales y tiendas de buceo<\/p>\n<p>\t\t\t<a href=\"https:\/\/novoscuba.com\/es\/novoscuba-for-dive-pros-and-stores\/\"><br \/>\n\t\t\t\t\t\t\t\t\tM\u00e1s informaci\u00f3n<br \/>\n\t\t\t\t\t<\/a><\/p>\n<p>DiveConnect<\/p>\n<h2>Comunidad<\/h2>\n<p>Sum\u00e9rgete en la vibrante Comunidad DiveConnect, tu centro de conexi\u00f3n con otros aficionados y expertos. Tanto si quieres intercambiar historias, pedir consejo o compartir tus \u00faltimas aventuras submarinas, nuestros foros rebosan actividad.<\/p>\n<p>\u00a0<\/p>\n<p>\t\t\t\t\t\t\t\t\t\t\t\t\t<img loading=\"lazy\" decoding=\"async\" width=\"1200\" height=\"800\" src=\"https:\/\/novoscuba.com\/wp-content\/uploads\/2025\/05\/Friends.webp\" alt=\"\" srcset=\"https:\/\/novoscuba.com\/wp-content\/uploads\/2025\/05\/Friends.webp 1200w, https:\/\/novoscuba.com\/wp-content\/uploads\/2025\/05\/Friends-300x200.webp 300w, https:\/\/novoscuba.com\/wp-content\/uploads\/2025\/05\/Friends-1024x683.webp 1024w, https:\/\/novoscuba.com\/wp-content\/uploads\/2025\/05\/Friends-768x512.webp 768w, https:\/\/novoscuba.com\/wp-content\/uploads\/2025\/05\/Friends-360x240.webp 360w, https:\/\/novoscuba.com\/wp-content\/uploads\/2025\/05\/Friends-624x416.webp 624w, https:\/\/novoscuba.com\/wp-content\/uploads\/2025\/05\/Friends.webp 40w, https:\/\/novoscuba.com\/wp-content\/uploads\/2025\/05\/Friends.webp 50w, https:\/\/novoscuba.com\/wp-content\/uploads\/2025\/05\/Friends.webp 100w, https:\/\/novoscuba.com\/wp-content\/uploads\/2025\/05\/Friends.webp 600w\" sizes=\"auto, (max-width: 1200px) 100vw, 1200px\" \/><br \/>\n\t\t\t\t\t\t\t\t\t\t\t\t\t<img loading=\"lazy\" decoding=\"async\" width=\"924\" height=\"580\" src=\"https:\/\/novoscuba.com\/wp-content\/uploads\/2025\/05\/NovoScuba-Laptop.webp\" alt=\"\" srcset=\"https:\/\/novoscuba.com\/wp-content\/uploads\/2025\/05\/NovoScuba-Laptop.webp 924w, https:\/\/novoscuba.com\/wp-content\/uploads\/2025\/05\/NovoScuba-Laptop-300x188.webp 300w, https:\/\/novoscuba.com\/wp-content\/uploads\/2025\/05\/NovoScuba-Laptop-768x482.webp 768w, https:\/\/novoscuba.com\/wp-content\/uploads\/2025\/05\/NovoScuba-Laptop-360x226.webp 360w, https:\/\/novoscuba.com\/wp-content\/uploads\/2025\/05\/NovoScuba-Laptop-624x392.webp 624w, https:\/\/novoscuba.com\/wp-content\/uploads\/2025\/05\/NovoScuba-Laptop.webp 40w, https:\/\/novoscuba.com\/wp-content\/uploads\/2025\/05\/NovoScuba-Laptop.webp 50w, https:\/\/novoscuba.com\/wp-content\/uploads\/2025\/05\/NovoScuba-Laptop.webp 100w, https:\/\/novoscuba.com\/wp-content\/uploads\/2025\/05\/NovoScuba-Laptop.webp 600w\" sizes=\"auto, (max-width: 924px) 100vw, 924px\" \/>\t\t\t\t\t\t\t\t\t\t\t\t\t<\/p>\n<p>DiveConnect<\/p>\n<h2>Seminarios en l\u00ednea<\/h2>\n<p>Pero eso no es todo: mejore sus habilidades y conocimientos sintonizando nuestros seminarios web informativos<\/p>\n<p>Con DiveConnect, no s\u00f3lo exploras las profundidades, sino que profundizas en las conexiones. \u00danete hoy y empieza a hacer olas en tu viaje de buceo.<\/p>\n<h2>\u00a1Reg\u00edstrate hoy!<\/h2>\n<p>Mensualmente<\/p>\n<p>Anual<\/p>\n<p>2.15.1.0\t\t<\/p>\n<h2>Est\u00e1ndar NovoScuba<\/h2>\n<h2>GRATIS<\/h2>\n<ul>\n<li>\n\t\t\t\t\t\t\t\t\t\tCompa\u00f1eros de buceo\n\t\t\t\t\t\t\t\t\t<\/li>\n<li>\n\t\t\t\t\t\t\t\t\t\tIntro to Scuba\n\t\t\t\t\t\t\t\t\t<\/li>\n<li>\n\t\t\t\t\t\t\t\t\t\tForos\n\t\t\t\t\t\t\t\t\t<\/li>\n<\/ul>\n<p>\t\t\t<a href=\"#\"><br \/>\n\t\t\t\t\t\t\t\t\tPru\u00e9balo gratis<br \/>\n\t\t\t\t\t<\/a><\/p>\n<h2>NovoScuba Premium<\/h2>\n<h2>$14.99\/<em style=\"font-size: 19px\">mes<\/em><br \/>\n<\/h2>\n<ul>\n<li>\n\t\t\t\t\t\t\t\t\t\tCada curso\n\t\t\t\t\t\t\t\t\t<\/li>\n<li>\n\t\t\t\t\t\t\t\t\t\tSeminarios en l\u00ednea\n\t\t\t\t\t\t\t\t\t<\/li>\n<li>\n\t\t\t\t\t\t\t\t\t\tDiveConnect\n\t\t\t\t\t\t\t\t\t<\/li>\n<li>\n\t\t\t\t\t\t\t\t\t\tFototeca y videoteca\n\t\t\t\t\t\t\t\t\t<\/li>\n<li>\n\t\t\t\t\t\t\t\t\t\tCompa\u00f1eros de buceo\n\t\t\t\t\t\t\t\t\t<\/li>\n<\/ul>\n<p>\t\t\t<a href=\"#\"><br \/>\n\t\t\t\t\t\t\t\t\tSeleccionar plan<br \/>\n\t\t\t\t\t<\/a><\/p>\n<p>Solo 49 c\u00e9ntimos al d\u00eda. Facturaci\u00f3n anual.<\/p>\n<h2>NovoScuba Plus<\/h2>\n<h2>$3.25\/<em style=\"font-size: 19px\">mes<\/em><br \/>\n<\/h2>\n<ul>\n<li>\n\t\t\t\t\t\t\t\t\t\tCurso gratuito mensual\n\t\t\t\t\t\t\t\t\t<\/li>\n<li>\n\t\t\t\t\t\t\t\t\t\tCompa\u00f1eros de buceo\n\t\t\t\t\t\t\t\t\t<\/li>\n<li>\n\t\t\t\t\t\t\t\t\t\tEntrando al buceo\n\t\t\t\t\t\t\t\t\t<\/li>\n<li>\n\t\t\t\t\t\t\t\t\t\tSeminarios en l\u00ednea\n\t\t\t\t\t\t\t\t\t<\/li>\n<\/ul>\n<p>\t\t\t<a href=\"#\"><br \/>\n\t\t\t\t\t\t\t\t\tSeleccionar plan<br \/>\n\t\t\t\t\t<\/a><\/p>\n<p>Menos de 11 centavos al d\u00eda. Facturaci\u00f3n anual.<\/p>\n<p>2.15.1.0\t\t<\/p>\n<h2>Est\u00e1ndar NovoScuba<\/h2>\n<h2>GRATIS<\/h2>\n<ul>\n<li>\n\t\t\t\t\t\t\t\t\t\tCompa\u00f1eros de buceo\n\t\t\t\t\t\t\t\t\t<\/li>\n<li>\n\t\t\t\t\t\t\t\t\t\tIntro to Scuba\n\t\t\t\t\t\t\t\t\t<\/li>\n<li>\n\t\t\t\t\t\t\t\t\t\tForos\n\t\t\t\t\t\t\t\t\t<\/li>\n<\/ul>\n<p>\t\t\t<a href=\"#\"><br \/>\n\t\t\t\t\t\t\t\t\tPru\u00e9balo gratis<br \/>\n\t\t\t\t\t<\/a><\/p>\n<h2>NovoScuba Premium<\/h2>\n<h2>$14.99\/<em style=\"font-size: 19px\">mes<\/em><br \/>\n<\/h2>\n<ul>\n<li>\n\t\t\t\t\t\t\t\t\t\tCada curso\n\t\t\t\t\t\t\t\t\t<\/li>\n<li>\n\t\t\t\t\t\t\t\t\t\tSeminarios en l\u00ednea\n\t\t\t\t\t\t\t\t\t<\/li>\n<li>\n\t\t\t\t\t\t\t\t\t\tDiveConnect\n\t\t\t\t\t\t\t\t\t<\/li>\n<li>\n\t\t\t\t\t\t\t\t\t\tFototeca y videoteca\n\t\t\t\t\t\t\t\t\t<\/li>\n<li>\n\t\t\t\t\t\t\t\t\t\tCompa\u00f1eros de buceo\n\t\t\t\t\t\t\t\t\t<\/li>\n<\/ul>\n<p>\t\t\t<a href=\"#\"><br \/>\n\t\t\t\t\t\t\t\t\tSeleccionar plan<br \/>\n\t\t\t\t\t<\/a><\/p>\n<p>Solo 49 c\u00e9ntimos al d\u00eda. Facturaci\u00f3n anual.<\/p>\n<h2>NovoScuba Plus<\/h2>\n<h2>$3.25\/<em style=\"font-size: 19px\">mes<\/em><br \/>\n<\/h2>\n<ul>\n<li>\n\t\t\t\t\t\t\t\t\t\tCurso gratuito mensual\n\t\t\t\t\t\t\t\t\t<\/li>\n<li>\n\t\t\t\t\t\t\t\t\t\tCompa\u00f1eros de buceo\n\t\t\t\t\t\t\t\t\t<\/li>\n<li>\n\t\t\t\t\t\t\t\t\t\tEntrando al buceo\n\t\t\t\t\t\t\t\t\t<\/li>\n<li>\n\t\t\t\t\t\t\t\t\t\tSeminarios en l\u00ednea\n\t\t\t\t\t\t\t\t\t<\/li>\n<\/ul>\n<p>\t\t\t<a href=\"#\"><br \/>\n\t\t\t\t\t\t\t\t\tSeleccionar plan<br \/>\n\t\t\t\t\t<\/a><\/p>\n<p>Menos de 11 centavos al d\u00eda. Facturaci\u00f3n anual.<\/p>\n<p>2.15.1.0\t\t<\/p>\n<h2>Est\u00e1ndar NovoScuba<\/h2>\n<h2>GRATIS<\/h2>\n<ul>\n<li>\n\t\t\t\t\t\t\t\t\t\tCompa\u00f1eros de buceo\n\t\t\t\t\t\t\t\t\t<\/li>\n<li>\n\t\t\t\t\t\t\t\t\t\tIntro to Scuba\n\t\t\t\t\t\t\t\t\t<\/li>\n<li>\n\t\t\t\t\t\t\t\t\t\tForos\n\t\t\t\t\t\t\t\t\t<\/li>\n<\/ul>\n<p>\t\t\t<a href=\"#\"><br \/>\n\t\t\t\t\t\t\t\t\tPru\u00e9balo gratis<br \/>\n\t\t\t\t\t<\/a><\/p>\n<h2>NovoScuba Premium<\/h2>\n<h2>$179.99\/<em style=\"font-size: 19px\">a\u00f1o<\/em><br \/>\n<\/h2>\n<ul>\n<li>\n\t\t\t\t\t\t\t\t\t\tCada curso\n\t\t\t\t\t\t\t\t\t<\/li>\n<li>\n\t\t\t\t\t\t\t\t\t\tSeminarios en l\u00ednea\n\t\t\t\t\t\t\t\t\t<\/li>\n<li>\n\t\t\t\t\t\t\t\t\t\tDiveConnect\n\t\t\t\t\t\t\t\t\t<\/li>\n<li>\n\t\t\t\t\t\t\t\t\t\tFototeca y videoteca\n\t\t\t\t\t\t\t\t\t<\/li>\n<li>\n\t\t\t\t\t\t\t\t\t\tCompa\u00f1eros de buceo\n\t\t\t\t\t\t\t\t\t<\/li>\n<\/ul>\n<p>\t\t\t<a href=\"#\"><br \/>\n\t\t\t\t\t\t\t\t\tSeleccionar plan<br \/>\n\t\t\t\t\t<\/a><\/p>\n<p>Solo $14.99 al mes. Facturaci\u00f3n anual.<\/p>\n<h2>NovoScuba Plus<\/h2>\n<h2>$3.25\/<em style=\"font-size: 19px\">a\u00f1o<\/em><br \/>\n<\/h2>\n<ul>\n<li>\n\t\t\t\t\t\t\t\t\t\tCurso gratuito mensual\n\t\t\t\t\t\t\t\t\t<\/li>\n<li>\n\t\t\t\t\t\t\t\t\t\tCompa\u00f1eros de buceo\n\t\t\t\t\t\t\t\t\t<\/li>\n<li>\n\t\t\t\t\t\t\t\t\t\tEntrando al buceo\n\t\t\t\t\t\t\t\t\t<\/li>\n<li>\n\t\t\t\t\t\t\t\t\t\tSeminarios en l\u00ednea\n\t\t\t\t\t\t\t\t\t<\/li>\n<\/ul>\n<p>\t\t\t<a href=\"#\"><br \/>\n\t\t\t\t\t\t\t\t\tSeleccionar plan<br \/>\n\t\t\t\t\t<\/a><\/p>\n<p>Menos de $4 al mes Facturado anualmente<\/p>\n<p>2.15.1.0\t\t<\/p>\n<style>\n.pricing-tables-2{\n    display: none;\n}\n<\/style>\n<h3>Desarrolla tu buceo con nosotros<\/h3>\n<p>\t\t\t\t\t\t\tAutores expertos de cursos\t\t\t\t\t\t<\/p>\n<p>\n\t\t\t\t\t\tNuestros cursos han sido dise\u00f1ados por el equipo de NovoScuba, aprovechando d\u00e9cadas de experiencia en formaci\u00f3n de submarinismo.\t\t\t\t\t<\/p>\n<p>\t\t\t\t\t\t\tCursos con certificaci\u00f3n ISO\t\t\t\t\t\t<\/p>\n<p>\n\t\t\t\t\t\tNuestros cursos est\u00e1n certificados por las normas ISO para el submarinismo. \t\t\t\t\t<\/p>\n<p>\t\t\t\t\t\t\tAprenda a su ritmo\t\t\t\t\t\t<\/p>\n<p>\n\t\t\t\t\t\tLos cursos de NovoScuba est\u00e1n dise\u00f1ados para ser flexibles y satisfacer las necesidades de cada alumno.\t\t\t\t\t<\/p>\n<p>\t\t\t\t\t\t\tCertificados\t\t\t\t\t\t<\/p>\n<p>\n\t\t\t\t\t\tAl final de tu formaci\u00f3n, recibir\u00e1s tu tarjeta cert a trav\u00e9s de Apple y Google Wallet. Adem\u00e1s, podr\u00e1s descargarte un certificado gratuito\t\t\t\t\t<\/p>\n<h2>Lista de beneficios<\/h2>\n<h3>Logbook<\/h3>\n<p>Accede a nuestro diario de entrenamiento online. Con la suscripci\u00f3n Premium tambi\u00e9n recibir\u00e1s nuestro cuaderno de entrenamiento para registrar las habilidades que domines.<\/p>\n<p>\t\t\t<a href=\"#\"><br \/>\n\t\t\t\t\t\t\t\t\tSeguir leyendo<br \/>\n\t\t\t\t\t<\/a><\/p>\n<h3>Fototeca y videoteca<\/h3>\n<p>Comparte tus fotos y v\u00eddeos directamente desde tu biblioteca multimedia personal<\/p>\n<p>\t\t\t<a href=\"#\"><br \/>\n\t\t\t\t\t\t\t\t\tSeguir leyendo<br \/>\n\t\t\t\t\t<\/a><\/p>\n<h3>Comunidad DiveConnect<\/h3>\n<p>Encuentre y conecte con Dive Buddies, acceda a nuestros foros y seminarios web<\/p>\n<p>\t\t\t<a href=\"#\"><br \/>\n\t\t\t\t\t\t\t\t\tSeguir leyendo<br \/>\n\t\t\t\t\t<\/a><br \/>\n\t\t\t\t\t\t\t\t\t\t\t\t\t<img loading=\"lazy\" decoding=\"async\" width=\"636\" height=\"636\" src=\"https:\/\/novoscuba.com\/wp-content\/uploads\/2025\/05\/Woman-SCUBA-Diving-Smiling-in-Ocean2-2.webp\" alt=\"\" srcset=\"https:\/\/novoscuba.com\/wp-content\/uploads\/2025\/05\/Woman-SCUBA-Diving-Smiling-in-Ocean2-2.webp 636w, https:\/\/novoscuba.com\/wp-content\/uploads\/2025\/05\/Woman-SCUBA-Diving-Smiling-in-Ocean2-2-300x300.webp 300w, https:\/\/novoscuba.com\/wp-content\/uploads\/2025\/05\/Woman-SCUBA-Diving-Smiling-in-Ocean2-2-150x150.webp 150w, https:\/\/novoscuba.com\/wp-content\/uploads\/2025\/05\/Woman-SCUBA-Diving-Smiling-in-Ocean2-2-360x360.webp 360w, https:\/\/novoscuba.com\/wp-content\/uploads\/2025\/05\/Woman-SCUBA-Diving-Smiling-in-Ocean2-2-624x624.webp 624w, https:\/\/novoscuba.com\/wp-content\/uploads\/2025\/05\/Woman-SCUBA-Diving-Smiling-in-Ocean2-2.webp 40w, https:\/\/novoscuba.com\/wp-content\/uploads\/2025\/05\/Woman-SCUBA-Diving-Smiling-in-Ocean2-2.webp 50w, https:\/\/novoscuba.com\/wp-content\/uploads\/2025\/05\/Woman-SCUBA-Diving-Smiling-in-Ocean2-2.webp 100w, https:\/\/novoscuba.com\/wp-content\/uploads\/2025\/05\/Woman-SCUBA-Diving-Smiling-in-Ocean2-2.webp 600w\" sizes=\"auto, (max-width: 636px) 100vw, 636px\" \/>\t\t\t\t\t\t\t\t\t\t\t\t\t<\/p>\n<p>\n\t\t\t\t\t\tTener acceso a todos los cursos de NovoScuba es genial. Me permite aprender mucho m\u00e1s sobre el buceo. Al ser nuevo en el buceo, su DiveCommunity tiene un valor incalculable. \t\t\t\t\t<\/p>\n<h5>Olivia Alice<\/h5>\n<p>\t\tEspecialista en ense\u00f1anza<br \/>\n\t\t\t\t\t\t\t\t\t\t\t\t\t<img decoding=\"async\" src=\"https:\/\/novoscuba.com\/wp-content\/uploads\/2025\/05\/bb-guarantee-02-2.svg\" title=\"\" alt=\"\" loading=\"lazy\" \/>\t\t\t\t\t\t\t\t\t\t\t\t\t<\/p>\n<h3>100% Garant\u00eda de devoluci\u00f3n de dinero sin riesgo<\/h3>\n<p>Si no est\u00e1 satisfecho con NovoScuba, av\u00edsenos en un plazo de 14 d\u00edas y le reembolsaremos su dinero. Sin preguntas.<\/p>","protected":false},"excerpt":{"rendered":"<p>DiverTraining Redefinido \u00a1Comienza! \u00bfYa eres suscriptor? 2.15.1.0 Iniciar sesi\u00f3n Cursos Obt\u00e9n acceso a todos nuestros cursos de buceo recreativo. \u00bfPor qu\u00e9 pagar tarifas elevadas por curso? Con\u2026<\/p>","protected":false},"author":2,"featured_media":6691,"parent":0,"menu_order":0,"comment_status":"open","ping_status":"open","template":"","meta":{"_lat":0,"_lng":0,"_country":"","_entry":"","_max_depth_m":0,"_difficulty":"","pmpro_default_level":"","footnotes":""},"class_list":["post-10595","page","type-page","status-publish","has-post-thumbnail","hentry","pmpro-has-access"],"yoast_head":"<!-- This site is optimized with the Yoast SEO plugin v27.2 - https:\/\/yoast.com\/product\/yoast-seo-wordpress\/ -->\n<title>NovoScuba Membership - NovoScuba<\/title>\n<meta name=\"robots\" content=\"index, follow, max-snippet:-1, max-image-preview:large, max-video-preview:-1\" \/>\n<link rel=\"canonical\" href=\"https:\/\/novoscuba.com\/es\/novoscuba-membership\/\" \/>\n<meta property=\"og:locale\" content=\"es_ES\" \/>\n<meta property=\"og:type\" content=\"article\" \/>\n<meta property=\"og:title\" content=\"NovoScuba Membership - NovoScuba\" \/>\n<meta property=\"og:description\" content=\"DiverTraining Redefined Get Started Already a subscriber? 2.15.1.0 Login Courses Get access to all our recreational diving courses Why pay expensive rates per course? With&hellip;\" \/>\n<meta property=\"og:url\" content=\"https:\/\/novoscuba.com\/es\/novoscuba-membership\/\" \/>\n<meta property=\"og:site_name\" content=\"NovoScuba\" \/>\n<meta property=\"article:publisher\" content=\"https:\/\/www.facebook.com\/novoscuba\" \/>\n<meta property=\"article:modified_time\" content=\"2025-05-24T06:14:35+00:00\" \/>\n<meta property=\"og:image\" content=\"http:\/\/cdn.novoscuba.com\/media\/2025\/05\/Home-Page-Top-1-scaled-1.webp\" \/>\n\t<meta property=\"og:image:width\" content=\"2560\" \/>\n\t<meta property=\"og:image:height\" content=\"1706\" \/>\n\t<meta property=\"og:image:type\" content=\"image\/webp\" \/>\n<meta name=\"twitter:card\" content=\"summary_large_image\" \/>\n<meta name=\"twitter:label1\" content=\"Tiempo de lectura\" \/>\n\t<meta name=\"twitter:data1\" content=\"4 minutos\" \/>\n<script type=\"application\/ld+json\" class=\"yoast-schema-graph\">{\"@context\":\"https:\/\/schema.org\",\"@graph\":[{\"@type\":\"WebPage\",\"@id\":\"https:\/\/novoscuba.com\/novoscuba-membership\/\",\"url\":\"https:\/\/novoscuba.com\/novoscuba-membership\/\",\"name\":\"NovoScuba Membership - NovoScuba\",\"isPartOf\":{\"@id\":\"https:\/\/novoscuba.com\/en_gb\/#website\"},\"primaryImageOfPage\":{\"@id\":\"https:\/\/novoscuba.com\/novoscuba-membership\/#primaryimage\"},\"image\":{\"@id\":\"https:\/\/novoscuba.com\/novoscuba-membership\/#primaryimage\"},\"thumbnailUrl\":\"https:\/\/novoscuba.com\/wp-content\/uploads\/2025\/05\/Home-Page-Top-1-scaled-1.webp\",\"datePublished\":\"2024-05-01T13:57:47+00:00\",\"dateModified\":\"2025-05-24T06:14:35+00:00\",\"breadcrumb\":{\"@id\":\"https:\/\/novoscuba.com\/novoscuba-membership\/#breadcrumb\"},\"inLanguage\":\"es\",\"potentialAction\":[{\"@type\":\"ReadAction\",\"target\":[\"https:\/\/novoscuba.com\/novoscuba-membership\/\"]}]},{\"@type\":\"ImageObject\",\"inLanguage\":\"es\",\"@id\":\"https:\/\/novoscuba.com\/novoscuba-membership\/#primaryimage\",\"url\":\"https:\/\/novoscuba.com\/wp-content\/uploads\/2025\/05\/Home-Page-Top-1-scaled-1.webp\",\"contentUrl\":\"https:\/\/novoscuba.com\/wp-content\/uploads\/2025\/05\/Home-Page-Top-1-scaled-1.webp\",\"width\":2560,\"height\":1706},{\"@type\":\"BreadcrumbList\",\"@id\":\"https:\/\/novoscuba.com\/novoscuba-membership\/#breadcrumb\",\"itemListElement\":[{\"@type\":\"ListItem\",\"position\":1,\"name\":\"Home\",\"item\":\"https:\/\/novoscuba.com\/\"},{\"@type\":\"ListItem\",\"position\":2,\"name\":\"NovoScuba Membership\"}]},{\"@type\":\"WebSite\",\"@id\":\"https:\/\/novoscuba.com\/en_gb\/#website\",\"url\":\"https:\/\/novoscuba.com\/en_gb\/\",\"name\":\"NovoScuba\",\"description\":\"Scuba Diving Redefined\",\"publisher\":{\"@id\":\"https:\/\/novoscuba.com\/en_gb\/#organization\"},\"potentialAction\":[{\"@type\":\"SearchAction\",\"target\":{\"@type\":\"EntryPoint\",\"urlTemplate\":\"https:\/\/novoscuba.com\/en_gb\/?s={search_term_string}\"},\"query-input\":{\"@type\":\"PropertyValueSpecification\",\"valueRequired\":true,\"valueName\":\"search_term_string\"}}],\"inLanguage\":\"es\"},{\"@type\":\"Organization\",\"@id\":\"https:\/\/novoscuba.com\/en_gb\/#organization\",\"name\":\"NovoScuba\",\"url\":\"https:\/\/novoscuba.com\/en_gb\/\",\"logo\":{\"@type\":\"ImageObject\",\"inLanguage\":\"es\",\"@id\":\"https:\/\/novoscuba.com\/en_gb\/#\/schema\/logo\/image\/\",\"url\":\"https:\/\/novoscuba.com\/wp-content\/uploads\/2025\/05\/NovoScuba-Logo_Dark-scaled.jpg\",\"contentUrl\":\"https:\/\/novoscuba.com\/wp-content\/uploads\/2025\/05\/NovoScuba-Logo_Dark-scaled.jpg\",\"width\":2560,\"height\":877,\"caption\":\"NovoScuba\"},\"image\":{\"@id\":\"https:\/\/novoscuba.com\/en_gb\/#\/schema\/logo\/image\/\"},\"sameAs\":[\"https:\/\/www.facebook.com\/novoscuba\"]}]}<\/script>\n<!-- \/ Yoast SEO plugin. -->","yoast_head_json":{"title":"Membres\u00eda de NovoScuba - NovoScuba","robots":{"index":"index","follow":"follow","max-snippet":"max-snippet:-1","max-image-preview":"max-image-preview:large","max-video-preview":"max-video-preview:-1"},"canonical":"https:\/\/novoscuba.com\/es\/novoscuba-membership\/","og_locale":"es_ES","og_type":"article","og_title":"NovoScuba Membership - NovoScuba","og_description":"DiverTraining Redefined Get Started Already a subscriber? 2.15.1.0 Login Courses Get access to all our recreational diving courses Why pay expensive rates per course? With&hellip;","og_url":"https:\/\/novoscuba.com\/es\/novoscuba-membership\/","og_site_name":"NovoScuba","article_publisher":"https:\/\/www.facebook.com\/novoscuba","article_modified_time":"2025-05-24T06:14:35+00:00","og_image":[{"width":2560,"height":1706,"url":"cdn.novoscuba.com\/media\/2025\/05\/Home-Page-Top-1-scaled-1.webp","type":"image\/webp"}],"twitter_card":"summary_large_image","twitter_misc":{"Tiempo de lectura":"4 minutos"},"schema":{"@context":"https:\/\/schema.org","@graph":[{"@type":"WebPage","@id":"https:\/\/novoscuba.com\/novoscuba-membership\/","url":"https:\/\/novoscuba.com\/novoscuba-membership\/","name":"Membres\u00eda de NovoScuba - NovoScuba","isPartOf":{"@id":"https:\/\/novoscuba.com\/en_gb\/#website"},"primaryImageOfPage":{"@id":"https:\/\/novoscuba.com\/novoscuba-membership\/#primaryimage"},"image":{"@id":"https:\/\/novoscuba.com\/novoscuba-membership\/#primaryimage"},"thumbnailUrl":"https:\/\/novoscuba.com\/wp-content\/uploads\/2025\/05\/Home-Page-Top-1-scaled-1.webp","datePublished":"2024-05-01T13:57:47+00:00","dateModified":"2025-05-24T06:14:35+00:00","breadcrumb":{"@id":"https:\/\/novoscuba.com\/novoscuba-membership\/#breadcrumb"},"inLanguage":"es","potentialAction":[{"@type":"ReadAction","target":["https:\/\/novoscuba.com\/novoscuba-membership\/"]}]},{"@type":"ImageObject","inLanguage":"es","@id":"https:\/\/novoscuba.com\/novoscuba-membership\/#primaryimage","url":"https:\/\/novoscuba.com\/wp-content\/uploads\/2025\/05\/Home-Page-Top-1-scaled-1.webp","contentUrl":"https:\/\/novoscuba.com\/wp-content\/uploads\/2025\/05\/Home-Page-Top-1-scaled-1.webp","width":2560,"height":1706},{"@type":"BreadcrumbList","@id":"https:\/\/novoscuba.com\/novoscuba-membership\/#breadcrumb","itemListElement":[{"@type":"ListItem","position":1,"name":"Home","item":"https:\/\/novoscuba.com\/"},{"@type":"ListItem","position":2,"name":"NovoScuba Membership"}]},{"@type":"WebSite","@id":"https:\/\/novoscuba.com\/en_gb\/#website","url":"https:\/\/novoscuba.com\/en_gb\/","name":"NovoScuba","description":"El buceo redefinido","publisher":{"@id":"https:\/\/novoscuba.com\/en_gb\/#organization"},"potentialAction":[{"@type":"SearchAction","target":{"@type":"EntryPoint","urlTemplate":"https:\/\/novoscuba.com\/en_gb\/?s={search_term_string}"},"query-input":{"@type":"PropertyValueSpecification","valueRequired":true,"valueName":"search_term_string"}}],"inLanguage":"es"},{"@type":"Organization","@id":"https:\/\/novoscuba.com\/en_gb\/#organization","name":"NovoScuba","url":"https:\/\/novoscuba.com\/en_gb\/","logo":{"@type":"ImageObject","inLanguage":"es","@id":"https:\/\/novoscuba.com\/en_gb\/#\/schema\/logo\/image\/","url":"https:\/\/novoscuba.com\/wp-content\/uploads\/2025\/05\/NovoScuba-Logo_Dark-scaled.jpg","contentUrl":"https:\/\/novoscuba.com\/wp-content\/uploads\/2025\/05\/NovoScuba-Logo_Dark-scaled.jpg","width":2560,"height":877,"caption":"NovoScuba"},"image":{"@id":"https:\/\/novoscuba.com\/en_gb\/#\/schema\/logo\/image\/"},"sameAs":["https:\/\/www.facebook.com\/novoscuba"]}]}},"_links":{"self":[{"href":"https:\/\/novoscuba.com\/es\/wp-json\/wp\/v2\/pages\/10595","targetHints":{"allow":["GET"]}}],"collection":[{"href":"https:\/\/novoscuba.com\/es\/wp-json\/wp\/v2\/pages"}],"about":[{"href":"https:\/\/novoscuba.com\/es\/wp-json\/wp\/v2\/types\/page"}],"author":[{"embeddable":true,"href":"https:\/\/novoscuba.com\/es\/wp-json\/wp\/v2\/users\/2"}],"replies":[{"embeddable":true,"href":"https:\/\/novoscuba.com\/es\/wp-json\/wp\/v2\/comments?post=10595"}],"version-history":[{"count":1,"href":"https:\/\/novoscuba.com\/es\/wp-json\/wp\/v2\/pages\/10595\/revisions"}],"predecessor-version":[{"id":10597,"href":"https:\/\/novoscuba.com\/es\/wp-json\/wp\/v2\/pages\/10595\/revisions\/10597"}],"wp:featuredmedia":[{"embeddable":true,"href":"https:\/\/novoscuba.com\/es\/wp-json\/wp\/v2\/media\/6691"}],"wp:attachment":[{"href":"https:\/\/novoscuba.com\/es\/wp-json\/wp\/v2\/media?parent=10595"}],"curies":[{"name":"wp","href":"https:\/\/api.w.org\/{rel}","templated":true}]}}