{"id":6685,"date":"2023-08-15T02:14:32","date_gmt":"2023-08-15T02:14:32","guid":{"rendered":"https:\/\/novoscuba.com\/community-guidelines-5-2\/"},"modified":"2025-06-21T22:30:46","modified_gmt":"2025-06-21T15:30:46","slug":"gemeinschaftsleitlinien","status":"publish","type":"page","link":"https:\/\/novoscuba.com\/de\/community-guidelines\/","title":{"rendered":"Community-Richtlinien"},"content":{"rendered":"<div data-elementor-type=\"wp-page\" data-elementor-id=\"6685\" class=\"elementor elementor-6685\" data-elementor-post-type=\"page\">\n\t\t\t\t<div class=\"elementor-element elementor-element-705349c3 e-flex e-con-boxed e-con e-parent\" data-id=\"705349c3\" data-element_type=\"container\" data-e-type=\"container\">\n\t\t\t\t\t<div class=\"e-con-inner\">\n\t\t\t\t<div class=\"elementor-element elementor-element-52a35198 elementor-widget elementor-widget-text-editor\" data-id=\"52a35198\" data-element_type=\"widget\" data-e-type=\"widget\" data-widget_type=\"text-editor.default\">\n\t\t\t\t<div class=\"elementor-widget-container\">\n\t\t\t\t\t\t\t\t\t<h3>Hallo!<\/h3><p>Willkommen in der unglaublichen NovoScuba-Community! Wir freuen uns, Sie in einer Gruppe leidenschaftlicher Taucher begr\u00fc\u00dfen zu d\u00fcrfen, die Ihre uners\u00e4ttliche Neugier und Ihren Wunsch teilen, die atemberaubende Unterwasserwelt zu erkunden.<\/p><h3>Die NovoScuba-Community<\/h3><p>Ihre Mitgliedschaft markiert den Beginn einer bereichernden Reise voller M\u00f6glichkeiten, Ihre F\u00e4higkeiten und Erfahrungen zu erweitern. Hier bei NovoScuba streben wir danach, eine Gemeinschaft zu f\u00f6rdern, die Innovation, Entschlossenheit und Teamgeist sch\u00e4tzt. Mit Ihrem au\u00dfergew\u00f6hnlichen Talent, Ihren innovativen Ideen und Ihrer grenzenlosen Energie sind uns keine Grenzen gesetzt, was wir gemeinsam erreichen k\u00f6nnen. Nutzen wir jede Gelegenheit, neue Herausforderungen anzunehmen, ins Unbekannte einzutauchen und Tr\u00e4ume in die Tat umzusetzen. Wir sind \u00fcberzeugt, dass Ihr Engagement und Ihr Beitrag zu unserer Gemeinschaft die Messlatte f\u00fcr Gro\u00dfes setzen werden. Machen Sie sich bereit, Wellen zu schlagen und unvergessliche Erinnerungen mit nach Hause zu nehmen. Willkommen an Bord!<\/p><h3>Seien Sie neugierig<\/h3><p>Hier k\u00f6nnen Sie anderen helfen und andere finden, die Sie inspirieren. Neugierig zu sein bedeutet, Fragen zu stellen, einfallsreich zu sein und selbst Antworten zu finden, Feedback \u00fcber die entsprechenden Kan\u00e4le zu geben und kontinuierlich zu lernen.<\/p><h3>Freundlich sein<\/h3><p>Lassen Sie uns gemeinsam ein Umfeld schaffen, in dem sich jeder sicher und willkommen f\u00fchlt, indem Sie einen positiven Tonfall und konstruktive Kommentare pflegen. Wir sind eine globale Community, die aus Menschen aus verschiedenen L\u00e4ndern mit unterschiedlichen Perspektiven, Hintergr\u00fcnden, Kulturen und Erfahrungsstufen besteht.<\/p><h3>Seien Sie hilfsbereit<\/h3><p>Seien Sie sich bewusst, dass hier jeder in seinem eigenen Tempo lernt. \u00dcberlegen Sie sich daher vor dem Posten, wie Sie sich einbringen m\u00f6chten. Teilen Sie Ihre Herausforderungen, beantworten Sie Fragen, unterst\u00fctzen Sie andere, stellen Sie n\u00fctzliche Ressourcen zur Verf\u00fcgung, starten Sie Diskussionen und kn\u00fcpfen Sie Kontakte.<\/p><h2>Community-Regeln<\/h2><p>Obwohl wir Sie sehr dazu ermutigen, Ihre Gedanken und Meinungen mitzuteilen, tun Sie dies bitte mit Respekt und bedenken Sie, welche Auswirkungen Ihre Worte auf andere haben k\u00f6nnten.<\/p><p>Seien Sie freundlich und respektvoll<\/p><p>Lassen Sie uns gemeinsam ein positives, einladendes Umfeld schaffen, in dem sich jeder sicher f\u00fchlt, Ideen, Gedanken und Feedback auszutauschen. Seien wir unterst\u00fctzend, respektieren wir individuelle Meinungen und melden wir bei Bedarf unangemessene Beitr\u00e4ge.<\/p><p>Geben Sie mehr, als Sie nehmen \u2013 keine Aufforderungen<\/p><p>Dazu geh\u00f6ren Eigenwerbung, unerw\u00fcnschte Direktnachrichten, Spamming, das Ausgeben als Dozenten oder Administratoren sowie jegliches Verkaufen, getarnt als Inhalts- oder Hilfebeitr\u00e4ge zum Zweck der Lead-Generierung. Beitr\u00e4ge dieser Art werden entfernt, um sicherzustellen, dass wir uns auf sinnvolle Diskussionen konzentrieren k\u00f6nnen.<\/p><p>Null Toleranz gegen\u00fcber Bel\u00e4stigung<\/p><p>Sie sollten Ideen respektvoll hinterfragen, aber niemals eine Person direkt angreifen. Alle Beitr\u00e4ge, Kommentare oder Direktnachrichten an Mitglieder oder Administratoren, die unangemessen, unh\u00f6flich oder aggressiv sind, werden sofort entfernt. Dies gilt auch f\u00fcr Beitr\u00e4ge, die Fehlinformationen verbreiten und die Gruppe st\u00f6ren.<\/p><p>Seien Sie relevant \u2013 wir sind hier, um zu lernen<\/p><p>Das Ziel dieser Community ist es, Sie beim Lernen mit den Kursen auf dieser Website zu unterst\u00fctzen. Werbung f\u00fcr andere Kurse oder Produkte, die f\u00fcr dieses Lernziel nicht relevant sind, wird gel\u00f6scht.<\/p><h3>Verst\u00f6\u00dfe gegen unsere Community-Richtlinien<\/h3><p>Wenn Sie ein Verhalten beobachten oder erleben, das gegen unsere Community-Richtlinien verst\u00f6\u00dft, kontaktieren Sie uns bitte per E-Mail an <a href=\"mailto:community@novoscuba.com\">community@novoscuba.com<\/a>. Wir respektieren Ihre Privatsph\u00e4re und alle E-Mail-Berichte werden vertraulich behandelt.<\/p><p>In den meisten F\u00e4llen wird eine Verwarnung ausgesprochen und je nach Schwere des Verhaltens kann das Mitglied aus der Gruppe entfernt werden.<\/p><p>Wir legen Wert auf konstruktive Gespr\u00e4che und beabsichtigen nicht, Beitr\u00e4ge oder Kommentare zu l\u00f6schen, es sei denn, sie widersprechen diesen Richtlinien. Dies liegt im Ermessen unserer Community-Administratoren. Wir stehen Ihnen jederzeit f\u00fcr weitere Gespr\u00e4che zur Verf\u00fcgung, wenn Sie Fragen haben oder sich bez\u00fcglich Ihrer eigenen Beitr\u00e4ge oder der Beitr\u00e4ge anderer unsicher f\u00fchlen.<\/p><p>Wir freuen uns sehr, Sie hier zu haben und Teil Ihrer Tauchreise zu sein!<\/p>\t\t\t\t\t\t\t\t<\/div>\n\t\t\t\t<\/div>\n\t\t\t\t\t<\/div>\n\t\t\t\t<\/div>\n\t\t\t\t<\/div>","protected":false},"excerpt":{"rendered":"<p>Hallo zusammen! Willkommen in der unglaublichen NovoScuba-Community! Wir freuen uns, dass du dich einer Gruppe leidenschaftlicher Taucher anschlie\u00dft, die ihre uners\u00e4ttliche Leidenschaft teilen\u2026<\/p>","protected":false},"author":2,"featured_media":6686,"parent":0,"menu_order":0,"comment_status":"open","ping_status":"closed","template":"","meta":{"_lat":0,"_lng":0,"_country":"","_entry":"","_max_depth_m":0,"_difficulty":"","pmpro_default_level":"","footnotes":""},"class_list":["post-6685","page","type-page","status-publish","has-post-thumbnail","hentry","pmpro-has-access"],"yoast_head":"<!-- This site is optimized with the Yoast SEO plugin v27.4 - https:\/\/yoast.com\/product\/yoast-seo-wordpress\/ -->\n<title>Community Guidelines - NovoScuba<\/title>\n<meta name=\"robots\" content=\"index, follow, max-snippet:-1, max-image-preview:large, max-video-preview:-1\" \/>\n<link rel=\"canonical\" href=\"https:\/\/novoscuba.com\/de\/gemeinschaftsleitlinien\/\" \/>\n<meta property=\"og:locale\" content=\"de_DE\" \/>\n<meta property=\"og:type\" content=\"article\" \/>\n<meta property=\"og:title\" content=\"Community Guidelines - NovoScuba\" \/>\n<meta property=\"og:description\" content=\"Hello there! Welcome to the incredible NovoScuba Community! We are thrilled to have you join a group of passionate scuba divers who share your insatiable&hellip;\" \/>\n<meta property=\"og:url\" content=\"https:\/\/novoscuba.com\/de\/gemeinschaftsleitlinien\/\" \/>\n<meta property=\"og:site_name\" content=\"NovoScuba\" \/>\n<meta property=\"article:publisher\" content=\"https:\/\/www.facebook.com\/novoscuba\" \/>\n<meta property=\"article:modified_time\" content=\"2025-06-21T15:30:46+00:00\" \/>\n<meta property=\"og:image\" content=\"http:\/\/cdn.novoscuba.com\/media\/2025\/05\/AdobeStock_457310377-scaled-1.webp\" \/>\n\t<meta property=\"og:image:width\" content=\"1920\" \/>\n\t<meta property=\"og:image:height\" content=\"1277\" \/>\n\t<meta property=\"og:image:type\" content=\"image\/webp\" \/>\n<meta name=\"twitter:card\" content=\"summary_large_image\" \/>\n<meta name=\"twitter:label1\" content=\"Gesch\u00e4tzte Lesezeit\" \/>\n\t<meta name=\"twitter:data1\" content=\"3\u00a0Minuten\" \/>\n<script type=\"application\/ld+json\" class=\"yoast-schema-graph\">{\"@context\":\"https:\\\/\\\/schema.org\",\"@graph\":[{\"@type\":\"WebPage\",\"@id\":\"https:\\\/\\\/novoscuba.com\\\/community-guidelines\\\/\",\"url\":\"https:\\\/\\\/novoscuba.com\\\/community-guidelines\\\/\",\"name\":\"Community Guidelines - NovoScuba\",\"isPartOf\":{\"@id\":\"https:\\\/\\\/novoscuba.com\\\/en_gb\\\/#website\"},\"primaryImageOfPage\":{\"@id\":\"https:\\\/\\\/novoscuba.com\\\/community-guidelines\\\/#primaryimage\"},\"image\":{\"@id\":\"https:\\\/\\\/novoscuba.com\\\/community-guidelines\\\/#primaryimage\"},\"thumbnailUrl\":\"https:\\\/\\\/novoscuba.com\\\/wp-content\\\/uploads\\\/2025\\\/05\\\/AdobeStock_457310377-scaled-1.webp\",\"datePublished\":\"2023-08-15T02:14:32+00:00\",\"dateModified\":\"2025-06-21T15:30:46+00:00\",\"breadcrumb\":{\"@id\":\"https:\\\/\\\/novoscuba.com\\\/community-guidelines\\\/#breadcrumb\"},\"inLanguage\":\"de\",\"potentialAction\":[{\"@type\":\"ReadAction\",\"target\":[\"https:\\\/\\\/novoscuba.com\\\/community-guidelines\\\/\"]}]},{\"@type\":\"ImageObject\",\"inLanguage\":\"de\",\"@id\":\"https:\\\/\\\/novoscuba.com\\\/community-guidelines\\\/#primaryimage\",\"url\":\"https:\\\/\\\/novoscuba.com\\\/wp-content\\\/uploads\\\/2025\\\/05\\\/AdobeStock_457310377-scaled-1.webp\",\"contentUrl\":\"https:\\\/\\\/novoscuba.com\\\/wp-content\\\/uploads\\\/2025\\\/05\\\/AdobeStock_457310377-scaled-1.webp\",\"width\":1920,\"height\":1277},{\"@type\":\"BreadcrumbList\",\"@id\":\"https:\\\/\\\/novoscuba.com\\\/community-guidelines\\\/#breadcrumb\",\"itemListElement\":[{\"@type\":\"ListItem\",\"position\":1,\"name\":\"Home\",\"item\":\"https:\\\/\\\/novoscuba.com\\\/\"},{\"@type\":\"ListItem\",\"position\":2,\"name\":\"Community Guidelines\"}]},{\"@type\":\"WebSite\",\"@id\":\"https:\\\/\\\/novoscuba.com\\\/en_gb\\\/#website\",\"url\":\"https:\\\/\\\/novoscuba.com\\\/en_gb\\\/\",\"name\":\"NovoScuba\",\"description\":\"Scuba Diving Redefined\",\"publisher\":{\"@id\":\"https:\\\/\\\/novoscuba.com\\\/en_gb\\\/#organization\"},\"potentialAction\":[{\"@type\":\"SearchAction\",\"target\":{\"@type\":\"EntryPoint\",\"urlTemplate\":\"https:\\\/\\\/novoscuba.com\\\/en_gb\\\/?s={search_term_string}\"},\"query-input\":{\"@type\":\"PropertyValueSpecification\",\"valueRequired\":true,\"valueName\":\"search_term_string\"}}],\"inLanguage\":\"de\"},{\"@type\":\"Organization\",\"@id\":\"https:\\\/\\\/novoscuba.com\\\/en_gb\\\/#organization\",\"name\":\"NovoScuba\",\"url\":\"https:\\\/\\\/novoscuba.com\\\/en_gb\\\/\",\"logo\":{\"@type\":\"ImageObject\",\"inLanguage\":\"de\",\"@id\":\"https:\\\/\\\/novoscuba.com\\\/en_gb\\\/#\\\/schema\\\/logo\\\/image\\\/\",\"url\":\"https:\\\/\\\/novoscuba.com\\\/wp-content\\\/uploads\\\/2025\\\/05\\\/NovoScuba-Logo_Dark-scaled.jpg\",\"contentUrl\":\"https:\\\/\\\/novoscuba.com\\\/wp-content\\\/uploads\\\/2025\\\/05\\\/NovoScuba-Logo_Dark-scaled.jpg\",\"width\":2560,\"height\":877,\"caption\":\"NovoScuba\"},\"image\":{\"@id\":\"https:\\\/\\\/novoscuba.com\\\/en_gb\\\/#\\\/schema\\\/logo\\\/image\\\/\"},\"sameAs\":[\"https:\\\/\\\/www.facebook.com\\\/novoscuba\"]}]}<\/script>\n<!-- \/ Yoast SEO plugin. -->","yoast_head_json":{"title":"Community-Richtlinien \u2013 NovoScuba","robots":{"index":"index","follow":"follow","max-snippet":"max-snippet:-1","max-image-preview":"max-image-preview:large","max-video-preview":"max-video-preview:-1"},"canonical":"https:\/\/novoscuba.com\/de\/gemeinschaftsleitlinien\/","og_locale":"de_DE","og_type":"article","og_title":"Community Guidelines - NovoScuba","og_description":"Hello there! Welcome to the incredible NovoScuba Community! We are thrilled to have you join a group of passionate scuba divers who share your insatiable&hellip;","og_url":"https:\/\/novoscuba.com\/de\/gemeinschaftsleitlinien\/","og_site_name":"NovoScuba","article_publisher":"https:\/\/www.facebook.com\/novoscuba","article_modified_time":"2025-06-21T15:30:46+00:00","og_image":[{"width":1920,"height":1277,"url":"cdn.novoscuba.com\/media\/2025\/05\/AdobeStock_457310377-scaled-1.webp","type":"image\/webp"}],"twitter_card":"summary_large_image","twitter_misc":{"Gesch\u00e4tzte Lesezeit":"3\u00a0Minuten"},"schema":{"@context":"https:\/\/schema.org","@graph":[{"@type":"WebPage","@id":"https:\/\/novoscuba.com\/community-guidelines\/","url":"https:\/\/novoscuba.com\/community-guidelines\/","name":"Community-Richtlinien \u2013 NovoScuba","isPartOf":{"@id":"https:\/\/novoscuba.com\/en_gb\/#website"},"primaryImageOfPage":{"@id":"https:\/\/novoscuba.com\/community-guidelines\/#primaryimage"},"image":{"@id":"https:\/\/novoscuba.com\/community-guidelines\/#primaryimage"},"thumbnailUrl":"https:\/\/novoscuba.com\/wp-content\/uploads\/2025\/05\/AdobeStock_457310377-scaled-1.webp","datePublished":"2023-08-15T02:14:32+00:00","dateModified":"2025-06-21T15:30:46+00:00","breadcrumb":{"@id":"https:\/\/novoscuba.com\/community-guidelines\/#breadcrumb"},"inLanguage":"de","potentialAction":[{"@type":"ReadAction","target":["https:\/\/novoscuba.com\/community-guidelines\/"]}]},{"@type":"ImageObject","inLanguage":"de","@id":"https:\/\/novoscuba.com\/community-guidelines\/#primaryimage","url":"https:\/\/novoscuba.com\/wp-content\/uploads\/2025\/05\/AdobeStock_457310377-scaled-1.webp","contentUrl":"https:\/\/novoscuba.com\/wp-content\/uploads\/2025\/05\/AdobeStock_457310377-scaled-1.webp","width":1920,"height":1277},{"@type":"BreadcrumbList","@id":"https:\/\/novoscuba.com\/community-guidelines\/#breadcrumb","itemListElement":[{"@type":"ListItem","position":1,"name":"Home","item":"https:\/\/novoscuba.com\/"},{"@type":"ListItem","position":2,"name":"Community Guidelines"}]},{"@type":"WebSite","@id":"https:\/\/novoscuba.com\/en_gb\/#website","url":"https:\/\/novoscuba.com\/en_gb\/","name":"NovoScuba","description":"Tauchen neu definiert","publisher":{"@id":"https:\/\/novoscuba.com\/en_gb\/#organization"},"potentialAction":[{"@type":"SearchAction","target":{"@type":"EntryPoint","urlTemplate":"https:\/\/novoscuba.com\/en_gb\/?s={search_term_string}"},"query-input":{"@type":"PropertyValueSpecification","valueRequired":true,"valueName":"search_term_string"}}],"inLanguage":"de"},{"@type":"Organization","@id":"https:\/\/novoscuba.com\/en_gb\/#organization","name":"NovoScuba","url":"https:\/\/novoscuba.com\/en_gb\/","logo":{"@type":"ImageObject","inLanguage":"de","@id":"https:\/\/novoscuba.com\/en_gb\/#\/schema\/logo\/image\/","url":"https:\/\/novoscuba.com\/wp-content\/uploads\/2025\/05\/NovoScuba-Logo_Dark-scaled.jpg","contentUrl":"https:\/\/novoscuba.com\/wp-content\/uploads\/2025\/05\/NovoScuba-Logo_Dark-scaled.jpg","width":2560,"height":877,"caption":"NovoScuba"},"image":{"@id":"https:\/\/novoscuba.com\/en_gb\/#\/schema\/logo\/image\/"},"sameAs":["https:\/\/www.facebook.com\/novoscuba"]}]}},"_links":{"self":[{"href":"https:\/\/novoscuba.com\/de\/wp-json\/wp\/v2\/pages\/6685","targetHints":{"allow":["GET"]}}],"collection":[{"href":"https:\/\/novoscuba.com\/de\/wp-json\/wp\/v2\/pages"}],"about":[{"href":"https:\/\/novoscuba.com\/de\/wp-json\/wp\/v2\/types\/page"}],"author":[{"embeddable":true,"href":"https:\/\/novoscuba.com\/de\/wp-json\/wp\/v2\/users\/2"}],"replies":[{"embeddable":true,"href":"https:\/\/novoscuba.com\/de\/wp-json\/wp\/v2\/comments?post=6685"}],"version-history":[{"count":10,"href":"https:\/\/novoscuba.com\/de\/wp-json\/wp\/v2\/pages\/6685\/revisions"}],"predecessor-version":[{"id":13292,"href":"https:\/\/novoscuba.com\/de\/wp-json\/wp\/v2\/pages\/6685\/revisions\/13292"}],"wp:featuredmedia":[{"embeddable":true,"href":"https:\/\/novoscuba.com\/de\/wp-json\/wp\/v2\/media\/6686"}],"wp:attachment":[{"href":"https:\/\/novoscuba.com\/de\/wp-json\/wp\/v2\/media?parent=6685"}],"curies":[{"name":"wp","href":"https:\/\/api.w.org\/{rel}","templated":true}]}}