{"id":14598,"date":"2025-07-06T12:01:45","date_gmt":"2025-07-06T05:01:45","guid":{"rendered":"https:\/\/novoscuba.com\/accessibility-statement\/"},"modified":"2025-07-06T12:08:24","modified_gmt":"2025-07-06T05:08:24","slug":"zuganglichkeitserklarung","status":"publish","type":"page","link":"https:\/\/novoscuba.com\/de\/accessibility-statement\/","title":{"rendered":"Erkl\u00e4rung zur Barrierefreiheit"},"content":{"rendered":"<h2 class=\"wp-block-heading has-text-align-center\">Erkl\u00e4rung zur Barrierefreiheit f\u00fcr https:\/\/www.novoscuba.com<\/h2>\n\n\n\n<p><strong>NovoScuba<\/strong> setzt sich f\u00fcr die digitale Barrierefreiheit f\u00fcr Menschen mit Behinderungen ein. Wir verbessern kontinuierlich das Benutzererlebnis f\u00fcr alle und wenden die entsprechenden Barrierefreiheitsstandards an.<\/p>\n\n\n\n<h3 class=\"wp-block-heading\">Konformit\u00e4tsstatus<\/h3>\n\n\n\n<p>Die Web Content Accessibility Guidelines (WCAG) definieren Anforderungen an Designer und Entwickler, um die Zug\u00e4nglichkeit f\u00fcr Menschen mit Behinderungen zu verbessern. Sie definieren drei Konformit\u00e4tsstufen: Stufe A, Stufe AA und Stufe AAA.<\/p>\n\n\n\n<p><strong>NovoScuba<\/strong> ist st\u00e4ndig bem\u00fcht, die Zug\u00e4nglichkeit seiner Site und Dienste zu verbessern, in der \u00dcberzeugung, dass es unsere gemeinsame moralische Verpflichtung ist, Menschen mit Behinderungen eine nahtlose, zug\u00e4ngliche und ungehinderte Nutzung zu erm\u00f6glichen.<\/p>\n\n\n\n<p>Wir sind bestrebt, alle Seiten und Inhalte auf <strong>https:\/\/www.novoscuba.com<\/strong> barrierefrei, einige Inhalte entsprechen jedoch m\u00f6glicherweise noch nicht den h\u00f6chsten Barrierefreiheitsstandards. Dies k\u00f6nnte daran liegen, dass es schwierig ist, die am besten geeignete technische L\u00f6sung zu finden.<\/p>\n\n\n\n<p>Wir k\u00f6nnen diese Erkl\u00e4rung regelm\u00e4\u00dfig \u00fcberarbeiten, um Verbesserungen oder \u00c4nderungen unserer Zug\u00e4nglichkeitspraktiken widerzuspiegeln.<\/p>\n\n\n\n<h3 class=\"wp-block-heading\">R\u00fcckmeldung<\/h3>\n\n\n\n<p>Wir freuen uns \u00fcber Ihr Feedback zur Zug\u00e4nglichkeit von <strong>NovoScuba<\/strong> Website. Bitte informieren Sie uns, wenn Sie auf unserer Website auf Barrieren sto\u00dfen:<\/p>\n\n\n\n<p>E-Mail: <strong>info@novoscuba.com<\/strong><\/p>\n\n\n\n<p>Wir versuchen, innerhalb von 3\u20135 Werktagen auf Feedback zu antworten.<\/p>\n\n\n\n<p>Diese Erkl\u00e4rung wurde am 07.06.2025 erstellt. <\/p>\n\n\n\n<p><\/p>","protected":false},"excerpt":{"rendered":"<p>Erkl\u00e4rung zur Barrierefreiheit f\u00fcr https:\/\/www.novoscuba.com NovoScuba setzt sich f\u00fcr die digitale Barrierefreiheit f\u00fcr Menschen mit Behinderungen ein. Wir verbessern kontinuierlich das Benutzererlebnis f\u00fcr alle und\u2026<\/p>","protected":false},"author":2,"featured_media":0,"parent":0,"menu_order":0,"comment_status":"closed","ping_status":"closed","template":"","meta":{"_lat":0,"_lng":0,"_country":"","_entry":"","_max_depth_m":0,"_difficulty":"","pmpro_default_level":"","footnotes":""},"class_list":["post-14598","page","type-page","status-publish","hentry","pmpro-has-access"],"yoast_head":"<!-- This site is optimized with the Yoast SEO plugin v27.4 - https:\/\/yoast.com\/product\/yoast-seo-wordpress\/ -->\n<title>Accessibility statement - NovoScuba<\/title>\n<meta name=\"robots\" content=\"index, follow, max-snippet:-1, max-image-preview:large, max-video-preview:-1\" \/>\n<link rel=\"canonical\" href=\"https:\/\/novoscuba.com\/de\/zuganglichkeitserklarung\/\" \/>\n<meta property=\"og:locale\" content=\"de_DE\" \/>\n<meta property=\"og:type\" content=\"article\" \/>\n<meta property=\"og:title\" content=\"Accessibility statement - NovoScuba\" \/>\n<meta property=\"og:description\" content=\"Accessibility Statement for https:\/\/www.novoscuba.com NovoScuba is committed to ensuring digital accessibility for people with disabilities. We are continually improving the user experience for everyone and&hellip;\" \/>\n<meta property=\"og:url\" content=\"https:\/\/novoscuba.com\/de\/zuganglichkeitserklarung\/\" \/>\n<meta property=\"og:site_name\" content=\"NovoScuba\" \/>\n<meta property=\"article:publisher\" content=\"https:\/\/www.facebook.com\/novoscuba\" \/>\n<meta property=\"article:modified_time\" content=\"2025-07-06T05:08:24+00:00\" \/>\n<meta name=\"twitter:card\" content=\"summary_large_image\" \/>\n<meta name=\"twitter:label1\" content=\"Gesch\u00e4tzte Lesezeit\" \/>\n\t<meta name=\"twitter:data1\" content=\"1\u00a0Minute\" \/>\n<script type=\"application\/ld+json\" class=\"yoast-schema-graph\">{\"@context\":\"https:\\\/\\\/schema.org\",\"@graph\":[{\"@type\":\"WebPage\",\"@id\":\"https:\\\/\\\/novoscuba.com\\\/accessibility-statement\\\/\",\"url\":\"https:\\\/\\\/novoscuba.com\\\/accessibility-statement\\\/\",\"name\":\"Accessibility statement - NovoScuba\",\"isPartOf\":{\"@id\":\"https:\\\/\\\/novoscuba.com\\\/en_gb\\\/#website\"},\"datePublished\":\"2025-07-06T05:01:45+00:00\",\"dateModified\":\"2025-07-06T05:08:24+00:00\",\"breadcrumb\":{\"@id\":\"https:\\\/\\\/novoscuba.com\\\/accessibility-statement\\\/#breadcrumb\"},\"inLanguage\":\"de\",\"potentialAction\":[{\"@type\":\"ReadAction\",\"target\":[\"https:\\\/\\\/novoscuba.com\\\/accessibility-statement\\\/\"]}]},{\"@type\":\"BreadcrumbList\",\"@id\":\"https:\\\/\\\/novoscuba.com\\\/accessibility-statement\\\/#breadcrumb\",\"itemListElement\":[{\"@type\":\"ListItem\",\"position\":1,\"name\":\"Home\",\"item\":\"https:\\\/\\\/novoscuba.com\\\/\"},{\"@type\":\"ListItem\",\"position\":2,\"name\":\"Accessibility statement\"}]},{\"@type\":\"WebSite\",\"@id\":\"https:\\\/\\\/novoscuba.com\\\/en_gb\\\/#website\",\"url\":\"https:\\\/\\\/novoscuba.com\\\/en_gb\\\/\",\"name\":\"NovoScuba\",\"description\":\"Scuba Diving Redefined\",\"publisher\":{\"@id\":\"https:\\\/\\\/novoscuba.com\\\/en_gb\\\/#organization\"},\"potentialAction\":[{\"@type\":\"SearchAction\",\"target\":{\"@type\":\"EntryPoint\",\"urlTemplate\":\"https:\\\/\\\/novoscuba.com\\\/en_gb\\\/?s={search_term_string}\"},\"query-input\":{\"@type\":\"PropertyValueSpecification\",\"valueRequired\":true,\"valueName\":\"search_term_string\"}}],\"inLanguage\":\"de\"},{\"@type\":\"Organization\",\"@id\":\"https:\\\/\\\/novoscuba.com\\\/en_gb\\\/#organization\",\"name\":\"NovoScuba\",\"url\":\"https:\\\/\\\/novoscuba.com\\\/en_gb\\\/\",\"logo\":{\"@type\":\"ImageObject\",\"inLanguage\":\"de\",\"@id\":\"https:\\\/\\\/novoscuba.com\\\/en_gb\\\/#\\\/schema\\\/logo\\\/image\\\/\",\"url\":\"https:\\\/\\\/novoscuba.com\\\/wp-content\\\/uploads\\\/2025\\\/05\\\/NovoScuba-Logo_Dark-scaled.jpg\",\"contentUrl\":\"https:\\\/\\\/novoscuba.com\\\/wp-content\\\/uploads\\\/2025\\\/05\\\/NovoScuba-Logo_Dark-scaled.jpg\",\"width\":2560,\"height\":877,\"caption\":\"NovoScuba\"},\"image\":{\"@id\":\"https:\\\/\\\/novoscuba.com\\\/en_gb\\\/#\\\/schema\\\/logo\\\/image\\\/\"},\"sameAs\":[\"https:\\\/\\\/www.facebook.com\\\/novoscuba\"]}]}<\/script>\n<!-- \/ Yoast SEO plugin. -->","yoast_head_json":{"title":"Erkl\u00e4rung zur Barrierefreiheit \u2013 NovoScuba","robots":{"index":"index","follow":"follow","max-snippet":"max-snippet:-1","max-image-preview":"max-image-preview:large","max-video-preview":"max-video-preview:-1"},"canonical":"https:\/\/novoscuba.com\/de\/zuganglichkeitserklarung\/","og_locale":"de_DE","og_type":"article","og_title":"Accessibility statement - NovoScuba","og_description":"Accessibility Statement for https:\/\/www.novoscuba.com NovoScuba is committed to ensuring digital accessibility for people with disabilities. We are continually improving the user experience for everyone and&hellip;","og_url":"https:\/\/novoscuba.com\/de\/zuganglichkeitserklarung\/","og_site_name":"NovoScuba","article_publisher":"https:\/\/www.facebook.com\/novoscuba","article_modified_time":"2025-07-06T05:08:24+00:00","twitter_card":"summary_large_image","twitter_misc":{"Gesch\u00e4tzte Lesezeit":"1\u00a0Minute"},"schema":{"@context":"https:\/\/schema.org","@graph":[{"@type":"WebPage","@id":"https:\/\/novoscuba.com\/accessibility-statement\/","url":"https:\/\/novoscuba.com\/accessibility-statement\/","name":"Erkl\u00e4rung zur Barrierefreiheit \u2013 NovoScuba","isPartOf":{"@id":"https:\/\/novoscuba.com\/en_gb\/#website"},"datePublished":"2025-07-06T05:01:45+00:00","dateModified":"2025-07-06T05:08:24+00:00","breadcrumb":{"@id":"https:\/\/novoscuba.com\/accessibility-statement\/#breadcrumb"},"inLanguage":"de","potentialAction":[{"@type":"ReadAction","target":["https:\/\/novoscuba.com\/accessibility-statement\/"]}]},{"@type":"BreadcrumbList","@id":"https:\/\/novoscuba.com\/accessibility-statement\/#breadcrumb","itemListElement":[{"@type":"ListItem","position":1,"name":"Home","item":"https:\/\/novoscuba.com\/"},{"@type":"ListItem","position":2,"name":"Accessibility statement"}]},{"@type":"WebSite","@id":"https:\/\/novoscuba.com\/en_gb\/#website","url":"https:\/\/novoscuba.com\/en_gb\/","name":"NovoScuba","description":"Tauchen neu definiert","publisher":{"@id":"https:\/\/novoscuba.com\/en_gb\/#organization"},"potentialAction":[{"@type":"SearchAction","target":{"@type":"EntryPoint","urlTemplate":"https:\/\/novoscuba.com\/en_gb\/?s={search_term_string}"},"query-input":{"@type":"PropertyValueSpecification","valueRequired":true,"valueName":"search_term_string"}}],"inLanguage":"de"},{"@type":"Organization","@id":"https:\/\/novoscuba.com\/en_gb\/#organization","name":"NovoScuba","url":"https:\/\/novoscuba.com\/en_gb\/","logo":{"@type":"ImageObject","inLanguage":"de","@id":"https:\/\/novoscuba.com\/en_gb\/#\/schema\/logo\/image\/","url":"https:\/\/novoscuba.com\/wp-content\/uploads\/2025\/05\/NovoScuba-Logo_Dark-scaled.jpg","contentUrl":"https:\/\/novoscuba.com\/wp-content\/uploads\/2025\/05\/NovoScuba-Logo_Dark-scaled.jpg","width":2560,"height":877,"caption":"NovoScuba"},"image":{"@id":"https:\/\/novoscuba.com\/en_gb\/#\/schema\/logo\/image\/"},"sameAs":["https:\/\/www.facebook.com\/novoscuba"]}]}},"_links":{"self":[{"href":"https:\/\/novoscuba.com\/de\/wp-json\/wp\/v2\/pages\/14598","targetHints":{"allow":["GET"]}}],"collection":[{"href":"https:\/\/novoscuba.com\/de\/wp-json\/wp\/v2\/pages"}],"about":[{"href":"https:\/\/novoscuba.com\/de\/wp-json\/wp\/v2\/types\/page"}],"author":[{"embeddable":true,"href":"https:\/\/novoscuba.com\/de\/wp-json\/wp\/v2\/users\/2"}],"replies":[{"embeddable":true,"href":"https:\/\/novoscuba.com\/de\/wp-json\/wp\/v2\/comments?post=14598"}],"version-history":[{"count":2,"href":"https:\/\/novoscuba.com\/de\/wp-json\/wp\/v2\/pages\/14598\/revisions"}],"predecessor-version":[{"id":14604,"href":"https:\/\/novoscuba.com\/de\/wp-json\/wp\/v2\/pages\/14598\/revisions\/14604"}],"wp:attachment":[{"href":"https:\/\/novoscuba.com\/de\/wp-json\/wp\/v2\/media?parent=14598"}],"curies":[{"name":"wp","href":"https:\/\/api.w.org\/{rel}","templated":true}]}}