{"id":10595,"date":"2024-05-01T13:57:47","date_gmt":"2024-05-01T13:57:47","guid":{"rendered":"https:\/\/novoscuba.com\/novoscuba-membership\/"},"modified":"2025-05-24T06:14:35","modified_gmt":"2025-05-24T06:14:35","slug":"novoscuba-membership","status":"publish","type":"page","link":"https:\/\/novoscuba.com\/de\/novoscuba-membership\/","title":{"rendered":"NovoScuba-Mitgliedschaft"},"content":{"rendered":"<h1>Diver Kurs abschlie\u00dfen<br \/>Ausbildung <br \/>Neu definiert<\/h1>\n<p>\t\t\t<a href=\"https:\/\/novoscuba.com\/de\/registrieren\/free\/\"><br \/>\n\t\t\t\t\t\t\t\t\tLos geht's<br \/>\n\t\t\t\t\t<\/a><\/p>\n<p>Bist du bereits Abonnent?<\/p>\n<p>2.15.1.0<br \/>\n\t\t\t<a href=\"\/wp-login.php\"><br \/>\n\t\t\t\t\t\t\t\t\tAnmeldung<br \/>\n\t\t\t\t\t<\/a><br \/>\n\t\t\t\t\t\t\t\t\t\t\t\t\t<img loading=\"lazy\" decoding=\"async\" width=\"1200\" height=\"971\" src=\"https:\/\/novoscuba.com\/wp-content\/uploads\/2025\/05\/Course-Grid.webp\" alt=\"\" srcset=\"https:\/\/novoscuba.com\/wp-content\/uploads\/2025\/05\/Course-Grid.webp 1200w, https:\/\/novoscuba.com\/wp-content\/uploads\/2025\/05\/Course-Grid-300x243.webp 300w, https:\/\/novoscuba.com\/wp-content\/uploads\/2025\/05\/Course-Grid-1024x829.webp 1024w, https:\/\/novoscuba.com\/wp-content\/uploads\/2025\/05\/Course-Grid-768x621.webp 768w, https:\/\/novoscuba.com\/wp-content\/uploads\/2025\/05\/Course-Grid-360x291.webp 360w, https:\/\/novoscuba.com\/wp-content\/uploads\/2025\/05\/Course-Grid-624x505.webp 624w, https:\/\/novoscuba.com\/wp-content\/uploads\/2025\/05\/Course-Grid.webp 40w, https:\/\/novoscuba.com\/wp-content\/uploads\/2025\/05\/Course-Grid.webp 50w, https:\/\/novoscuba.com\/wp-content\/uploads\/2025\/05\/Course-Grid.webp 100w, https:\/\/novoscuba.com\/wp-content\/uploads\/2025\/05\/Course-Grid.webp 600w\" sizes=\"auto, (max-width: 1200px) 100vw, 1200px\" \/>\t\t\t\t\t\t\t\t\t\t\t\t\t<\/p>\n<p>Kurse<\/p>\n<h2>Erhalte Zugang zu allen unseren Sporttauchkursen<\/h2>\n<p>Warum teure Kursgeb\u00fchren zahlen? Mit NovoScuba erhalten Sie f\u00fcr nur eine geringe monatliche Abonnementgeb\u00fchr* Zugriff auf alle unsere eLearning-Kurse. Egal, ob Sie Tauchanf\u00e4nger sind oder Ihre F\u00e4higkeiten verbessern m\u00f6chten \u2013 bei uns sind Sie richtig.<\/p>\n<p>*Ausgenommen sind professionelle Kurse<\/p>\n<h2>Dive Pro?<\/h2>\n<p>Informiere dich \u00fcber die Vorteile der NovoScuba-Mitgliedschaft f\u00fcr Tauchprofis und Tauchshops<\/p>\n<p>\t\t\t<a href=\"https:\/\/novoscuba.com\/de\/novoscuba-for-dive-pros-and-stores\/\"><br \/>\n\t\t\t\t\t\t\t\t\tWeitere Informationen<br \/>\n\t\t\t\t\t<\/a><\/p>\n<p>DiveConnect<\/p>\n<h2>Gemeinschaft<\/h2>\n<p>Tauche ein in die lebendige DiveConnect Community, deine Anlaufstelle um sich mit anderen Enthusiasten und Experten auszutauschen! Ob du Geschichten austauschst, Ratschl\u00e4ge einholst oder deine neuesten Unterwasserabenteuer mit anderen teilen m\u00f6chtest - in unseren Foren herrscht reger Betrieb.<\/p>\n<p>\u00a0<\/p>\n<p>\t\t\t\t\t\t\t\t\t\t\t\t\t<img loading=\"lazy\" decoding=\"async\" width=\"1200\" height=\"800\" src=\"https:\/\/novoscuba.com\/wp-content\/uploads\/2025\/05\/Friends.webp\" alt=\"\" srcset=\"https:\/\/novoscuba.com\/wp-content\/uploads\/2025\/05\/Friends.webp 1200w, https:\/\/novoscuba.com\/wp-content\/uploads\/2025\/05\/Friends-300x200.webp 300w, https:\/\/novoscuba.com\/wp-content\/uploads\/2025\/05\/Friends-1024x683.webp 1024w, https:\/\/novoscuba.com\/wp-content\/uploads\/2025\/05\/Friends-768x512.webp 768w, https:\/\/novoscuba.com\/wp-content\/uploads\/2025\/05\/Friends-360x240.webp 360w, https:\/\/novoscuba.com\/wp-content\/uploads\/2025\/05\/Friends-624x416.webp 624w, https:\/\/novoscuba.com\/wp-content\/uploads\/2025\/05\/Friends.webp 40w, https:\/\/novoscuba.com\/wp-content\/uploads\/2025\/05\/Friends.webp 50w, https:\/\/novoscuba.com\/wp-content\/uploads\/2025\/05\/Friends.webp 100w, https:\/\/novoscuba.com\/wp-content\/uploads\/2025\/05\/Friends.webp 600w\" sizes=\"auto, (max-width: 1200px) 100vw, 1200px\" \/><br \/>\n\t\t\t\t\t\t\t\t\t\t\t\t\t<img loading=\"lazy\" decoding=\"async\" width=\"924\" height=\"580\" src=\"https:\/\/novoscuba.com\/wp-content\/uploads\/2025\/05\/NovoScuba-Laptop.webp\" alt=\"\" srcset=\"https:\/\/novoscuba.com\/wp-content\/uploads\/2025\/05\/NovoScuba-Laptop.webp 924w, https:\/\/novoscuba.com\/wp-content\/uploads\/2025\/05\/NovoScuba-Laptop-300x188.webp 300w, https:\/\/novoscuba.com\/wp-content\/uploads\/2025\/05\/NovoScuba-Laptop-768x482.webp 768w, https:\/\/novoscuba.com\/wp-content\/uploads\/2025\/05\/NovoScuba-Laptop-360x226.webp 360w, https:\/\/novoscuba.com\/wp-content\/uploads\/2025\/05\/NovoScuba-Laptop-624x392.webp 624w, https:\/\/novoscuba.com\/wp-content\/uploads\/2025\/05\/NovoScuba-Laptop.webp 40w, https:\/\/novoscuba.com\/wp-content\/uploads\/2025\/05\/NovoScuba-Laptop.webp 50w, https:\/\/novoscuba.com\/wp-content\/uploads\/2025\/05\/NovoScuba-Laptop.webp 100w, https:\/\/novoscuba.com\/wp-content\/uploads\/2025\/05\/NovoScuba-Laptop.webp 600w\" sizes=\"auto, (max-width: 924px) 100vw, 924px\" \/>\t\t\t\t\t\t\t\t\t\t\t\t\t<\/p>\n<p>DiveConnect<\/p>\n<h2>Webinare<\/h2>\n<p>Aber das ist noch nicht alles: Erweitere deine F\u00e4higkeiten und Kenntnisse in unseren informativen Webinaren<\/p>\n<p>Mit DiveConnect erforschst du nicht nur die Tiefen, sondern vertiefst auch deine Verbindungen. Trete noch heute bei und beginne mit deiner Tauchreise!<\/p>\n<h2>Melden Sie sich noch heute an!<\/h2>\n<p>Monatlich<\/p>\n<p>J\u00e4hrlich<\/p>\n<p>2.15.1.0\t\t<\/p>\n<h2>NovoScuba Standard<\/h2>\n<h2>FREI<\/h2>\n<ul>\n<li>\n\t\t\t\t\t\t\t\t\t\tTauchpartner\n\t\t\t\t\t\t\t\t\t<\/li>\n<li>\n\t\t\t\t\t\t\t\t\t\tIntro to Scuba\n\t\t\t\t\t\t\t\t\t<\/li>\n<li>\n\t\t\t\t\t\t\t\t\t\tForen\n\t\t\t\t\t\t\t\t\t<\/li>\n<\/ul>\n<p>\t\t\t<a href=\"#\"><br \/>\n\t\t\t\t\t\t\t\t\tKostenlos testen<br \/>\n\t\t\t\t\t<\/a><\/p>\n<h2>NovoScuba Premium<\/h2>\n<h2>$14.99\/<em style=\"font-size: 19px\">Monat<\/em><br \/>\n<\/h2>\n<ul>\n<li>\n\t\t\t\t\t\t\t\t\t\tJeder Kurs\n\t\t\t\t\t\t\t\t\t<\/li>\n<li>\n\t\t\t\t\t\t\t\t\t\tWebinare\n\t\t\t\t\t\t\t\t\t<\/li>\n<li>\n\t\t\t\t\t\t\t\t\t\tDiveConnect\n\t\t\t\t\t\t\t\t\t<\/li>\n<li>\n\t\t\t\t\t\t\t\t\t\tFoto- und Videobibliothek\n\t\t\t\t\t\t\t\t\t<\/li>\n<li>\n\t\t\t\t\t\t\t\t\t\tTauchpartner\n\t\t\t\t\t\t\t\t\t<\/li>\n<\/ul>\n<p>\t\t\t<a href=\"#\"><br \/>\n\t\t\t\t\t\t\t\t\tPlan ausw\u00e4hlen<br \/>\n\t\t\t\t\t<\/a><\/p>\n<p>Nur 49 Cent pro Tag. J\u00e4hrliche Abrechnung<\/p>\n<h2>NovoScuba Plus<\/h2>\n<h2>$3.25\/<em style=\"font-size: 19px\">Monat<\/em><br \/>\n<\/h2>\n<ul>\n<li>\n\t\t\t\t\t\t\t\t\t\tMonatlicher kostenloser Kurs\n\t\t\t\t\t\t\t\t\t<\/li>\n<li>\n\t\t\t\t\t\t\t\t\t\tTauchpartner\n\t\t\t\t\t\t\t\t\t<\/li>\n<li>\n\t\t\t\t\t\t\t\t\t\tTauchen\n\t\t\t\t\t\t\t\t\t<\/li>\n<li>\n\t\t\t\t\t\t\t\t\t\tWebinare\n\t\t\t\t\t\t\t\t\t<\/li>\n<\/ul>\n<p>\t\t\t<a href=\"#\"><br \/>\n\t\t\t\t\t\t\t\t\tPlan ausw\u00e4hlen<br \/>\n\t\t\t\t\t<\/a><\/p>\n<p>weniger als 11 Cent pro Tag. J\u00e4hrliche Abrechnung<\/p>\n<p>2.15.1.0\t\t<\/p>\n<h2>NovoScuba Standard<\/h2>\n<h2>FREI<\/h2>\n<ul>\n<li>\n\t\t\t\t\t\t\t\t\t\tTauchpartner\n\t\t\t\t\t\t\t\t\t<\/li>\n<li>\n\t\t\t\t\t\t\t\t\t\tIntro to Scuba\n\t\t\t\t\t\t\t\t\t<\/li>\n<li>\n\t\t\t\t\t\t\t\t\t\tForen\n\t\t\t\t\t\t\t\t\t<\/li>\n<\/ul>\n<p>\t\t\t<a href=\"#\"><br \/>\n\t\t\t\t\t\t\t\t\tKostenlos testen<br \/>\n\t\t\t\t\t<\/a><\/p>\n<h2>NovoScuba Premium<\/h2>\n<h2>$14.99\/<em style=\"font-size: 19px\">Monat<\/em><br \/>\n<\/h2>\n<ul>\n<li>\n\t\t\t\t\t\t\t\t\t\tJeder Kurs\n\t\t\t\t\t\t\t\t\t<\/li>\n<li>\n\t\t\t\t\t\t\t\t\t\tWebinare\n\t\t\t\t\t\t\t\t\t<\/li>\n<li>\n\t\t\t\t\t\t\t\t\t\tDiveConnect\n\t\t\t\t\t\t\t\t\t<\/li>\n<li>\n\t\t\t\t\t\t\t\t\t\tFoto- und Videobibliothek\n\t\t\t\t\t\t\t\t\t<\/li>\n<li>\n\t\t\t\t\t\t\t\t\t\tTauchpartner\n\t\t\t\t\t\t\t\t\t<\/li>\n<\/ul>\n<p>\t\t\t<a href=\"#\"><br \/>\n\t\t\t\t\t\t\t\t\tPlan ausw\u00e4hlen<br \/>\n\t\t\t\t\t<\/a><\/p>\n<p>Nur 49 Cent pro Tag. J\u00e4hrliche Abrechnung<\/p>\n<h2>NovoScuba Plus<\/h2>\n<h2>$3.25\/<em style=\"font-size: 19px\">Monat<\/em><br \/>\n<\/h2>\n<ul>\n<li>\n\t\t\t\t\t\t\t\t\t\tMonatlicher kostenloser Kurs\n\t\t\t\t\t\t\t\t\t<\/li>\n<li>\n\t\t\t\t\t\t\t\t\t\tTauchpartner\n\t\t\t\t\t\t\t\t\t<\/li>\n<li>\n\t\t\t\t\t\t\t\t\t\tTauchen\n\t\t\t\t\t\t\t\t\t<\/li>\n<li>\n\t\t\t\t\t\t\t\t\t\tWebinare\n\t\t\t\t\t\t\t\t\t<\/li>\n<\/ul>\n<p>\t\t\t<a href=\"#\"><br \/>\n\t\t\t\t\t\t\t\t\tPlan ausw\u00e4hlen<br \/>\n\t\t\t\t\t<\/a><\/p>\n<p>weniger als 11 Cent pro Tag. J\u00e4hrliche Abrechnung<\/p>\n<p>2.15.1.0\t\t<\/p>\n<h2>NovoScuba Standard<\/h2>\n<h2>FREI<\/h2>\n<ul>\n<li>\n\t\t\t\t\t\t\t\t\t\tTauchpartner\n\t\t\t\t\t\t\t\t\t<\/li>\n<li>\n\t\t\t\t\t\t\t\t\t\tIntro to Scuba\n\t\t\t\t\t\t\t\t\t<\/li>\n<li>\n\t\t\t\t\t\t\t\t\t\tForen\n\t\t\t\t\t\t\t\t\t<\/li>\n<\/ul>\n<p>\t\t\t<a href=\"#\"><br \/>\n\t\t\t\t\t\t\t\t\tKostenlos testen<br \/>\n\t\t\t\t\t<\/a><\/p>\n<h2>NovoScuba Premium<\/h2>\n<h2>$179.99\/<em style=\"font-size: 19px\">Jahr<\/em><br \/>\n<\/h2>\n<ul>\n<li>\n\t\t\t\t\t\t\t\t\t\tJeder Kurs\n\t\t\t\t\t\t\t\t\t<\/li>\n<li>\n\t\t\t\t\t\t\t\t\t\tWebinare\n\t\t\t\t\t\t\t\t\t<\/li>\n<li>\n\t\t\t\t\t\t\t\t\t\tDiveConnect\n\t\t\t\t\t\t\t\t\t<\/li>\n<li>\n\t\t\t\t\t\t\t\t\t\tFoto- und Videobibliothek\n\t\t\t\t\t\t\t\t\t<\/li>\n<li>\n\t\t\t\t\t\t\t\t\t\tTauchpartner\n\t\t\t\t\t\t\t\t\t<\/li>\n<\/ul>\n<p>\t\t\t<a href=\"#\"><br \/>\n\t\t\t\t\t\t\t\t\tPlan ausw\u00e4hlen<br \/>\n\t\t\t\t\t<\/a><\/p>\n<p>Nur $14,99 pro Monat. J\u00e4hrliche Abrechnung<\/p>\n<h2>NovoScuba Plus<\/h2>\n<h2>$3.25\/<em style=\"font-size: 19px\">Jahr<\/em><br \/>\n<\/h2>\n<ul>\n<li>\n\t\t\t\t\t\t\t\t\t\tMonatlicher kostenloser Kurs\n\t\t\t\t\t\t\t\t\t<\/li>\n<li>\n\t\t\t\t\t\t\t\t\t\tTauchpartner\n\t\t\t\t\t\t\t\t\t<\/li>\n<li>\n\t\t\t\t\t\t\t\t\t\tTauchen\n\t\t\t\t\t\t\t\t\t<\/li>\n<li>\n\t\t\t\t\t\t\t\t\t\tWebinare\n\t\t\t\t\t\t\t\t\t<\/li>\n<\/ul>\n<p>\t\t\t<a href=\"#\"><br \/>\n\t\t\t\t\t\t\t\t\tPlan ausw\u00e4hlen<br \/>\n\t\t\t\t\t<\/a><\/p>\n<p>weniger als $4 pro Monat J\u00e4hrliche Abrechnung<\/p>\n<p>2.15.1.0\t\t<\/p>\n<style>\n.pricing-tables-2{\n    display: none;\n}\n<\/style>\n<h3>Entwickeln Sie Ihr Tauchen mit uns<\/h3>\n<p>\t\t\t\t\t\t\tFachkundige Kursautoren\t\t\t\t\t\t<\/p>\n<p>\n\t\t\t\t\t\tUnsere Kurse wurden vom NovoScuba-Team entwickelt, das auf jahrzehntelange Erfahrung in der Tauchausbildung zur\u00fcckgreifen kann.\t\t\t\t\t<\/p>\n<p>\t\t\t\t\t\t\tISO-zertifizierte Kurse\t\t\t\t\t\t<\/p>\n<p>\n\t\t\t\t\t\tUnsere Kurse sind nach ISO-Normen f\u00fcr das Tauchen zertifiziert. \t\t\t\t\t<\/p>\n<p>\t\t\t\t\t\t\tLerne in deinen eigenen Tempo\t\t\t\t\t\t<\/p>\n<p>\n\t\t\t\t\t\tNovoScuba-Kurse sind so konzipiert, dass sie flexibel sind und den Bed\u00fcrfnissen der einzelnen Lernenden entsprechen.\t\t\t\t\t<\/p>\n<p>\t\t\t\t\t\t\tZertifizierungen\t\t\t\t\t\t<\/p>\n<p>\n\t\t\t\t\t\tAm Ende deiner Ausbildung erh\u00e4ltst du die Zertifizierungskarte \u00fcber Apple und Google Wallet. Au\u00dferdem kannst du ein kostenloses Zertifikat herunterladen\t\t\t\t\t<\/p>\n<h2>Liste der Vorteile<\/h2>\n<h3>Logbuch<\/h3>\n<p>Erhalte Zugang zu unserem Online-Logbook. Mit der Premium-Mitgliedschaft erh\u00e4ltst du auch unser Trainings Logbook in dem du erlernte F\u00e4higkeiten festhalten kannst.<\/p>\n<p>\t\t\t<a href=\"#\"><br \/>\n\t\t\t\t\t\t\t\t\tMehr lesen<br \/>\n\t\t\t\t\t<\/a><\/p>\n<h3>Foto- und Videobibliothek<\/h3>\n<p>Teile deine Fotos und Videos direkt aus deiner pers\u00f6nlichen Medienbibliothek<\/p>\n<p>\t\t\t<a href=\"#\"><br \/>\n\t\t\t\t\t\t\t\t\tMehr lesen<br \/>\n\t\t\t\t\t<\/a><\/p>\n<h3>DiveConnect Gemeinschaft<\/h3>\n<p>Finde und verbinde dich mit Dive Buddies, besuche unsere Foren und Webinare<\/p>\n<p>\t\t\t<a href=\"#\"><br \/>\n\t\t\t\t\t\t\t\t\tMehr lesen<br \/>\n\t\t\t\t\t<\/a><br \/>\n\t\t\t\t\t\t\t\t\t\t\t\t\t<img loading=\"lazy\" decoding=\"async\" width=\"636\" height=\"636\" src=\"https:\/\/novoscuba.com\/wp-content\/uploads\/2025\/05\/Woman-SCUBA-Diving-Smiling-in-Ocean2-2.webp\" alt=\"\" srcset=\"https:\/\/novoscuba.com\/wp-content\/uploads\/2025\/05\/Woman-SCUBA-Diving-Smiling-in-Ocean2-2.webp 636w, https:\/\/novoscuba.com\/wp-content\/uploads\/2025\/05\/Woman-SCUBA-Diving-Smiling-in-Ocean2-2-300x300.webp 300w, https:\/\/novoscuba.com\/wp-content\/uploads\/2025\/05\/Woman-SCUBA-Diving-Smiling-in-Ocean2-2-150x150.webp 150w, https:\/\/novoscuba.com\/wp-content\/uploads\/2025\/05\/Woman-SCUBA-Diving-Smiling-in-Ocean2-2-360x360.webp 360w, https:\/\/novoscuba.com\/wp-content\/uploads\/2025\/05\/Woman-SCUBA-Diving-Smiling-in-Ocean2-2-624x624.webp 624w, https:\/\/novoscuba.com\/wp-content\/uploads\/2025\/05\/Woman-SCUBA-Diving-Smiling-in-Ocean2-2.webp 40w, https:\/\/novoscuba.com\/wp-content\/uploads\/2025\/05\/Woman-SCUBA-Diving-Smiling-in-Ocean2-2.webp 50w, https:\/\/novoscuba.com\/wp-content\/uploads\/2025\/05\/Woman-SCUBA-Diving-Smiling-in-Ocean2-2.webp 100w, https:\/\/novoscuba.com\/wp-content\/uploads\/2025\/05\/Woman-SCUBA-Diving-Smiling-in-Ocean2-2.webp 600w\" sizes=\"auto, (max-width: 636px) 100vw, 636px\" \/>\t\t\t\t\t\t\t\t\t\t\t\t\t<\/p>\n<p>\n\t\t\t\t\t\tDer Zugang zu allen NovoScuba-Kursen ist gro\u00dfartig! Es erm\u00f6glicht mir, so viel mehr \u00fcber das Tauchen zu lernen. Da ich neu im Tauchen bin, ist die DiveCommunity von unsch\u00e4tzbarem Wert. \t\t\t\t\t<\/p>\n<h5>Olivia Alice<\/h5>\n<p>\t\tLehrspezialist<br \/>\n\t\t\t\t\t\t\t\t\t\t\t\t\t<img decoding=\"async\" src=\"https:\/\/novoscuba.com\/wp-content\/uploads\/2025\/05\/bb-guarantee-02-2.svg\" title=\"\" alt=\"\" loading=\"lazy\" \/>\t\t\t\t\t\t\t\t\t\t\t\t\t<\/p>\n<h3>100% Risikofreie Geld-zur\u00fcck-Garantie<\/h3>\n<p>Wenn Sie mit NovoScuba nicht zufrieden sind, teilen Sie uns dies innerhalb von 14 Tagen mit und wir erstatten Ihnen Ihr Geld zur\u00fcck. Ohne weitere Fragen.<\/p>","protected":false},"excerpt":{"rendered":"<p>DiverTraining neu definiert. Erste Schritte. Sie sind bereits Abonnent? 2.15.1.0 Anmelden. Kurse. Erhalten Sie Zugriff auf alle unsere Sporttauchkurse. Warum teure Kursgeb\u00fchren zahlen? Mit\u2026<\/p>","protected":false},"author":2,"featured_media":6691,"parent":0,"menu_order":0,"comment_status":"open","ping_status":"open","template":"","meta":{"_lat":0,"_lng":0,"_country":"","_entry":"","_max_depth_m":0,"_difficulty":"","pmpro_default_level":"","footnotes":""},"class_list":["post-10595","page","type-page","status-publish","has-post-thumbnail","hentry","pmpro-has-access"],"yoast_head":"<!-- This site is optimized with the Yoast SEO plugin v27.3 - https:\/\/yoast.com\/product\/yoast-seo-wordpress\/ -->\n<title>NovoScuba Membership - NovoScuba<\/title>\n<meta name=\"robots\" content=\"index, follow, max-snippet:-1, max-image-preview:large, max-video-preview:-1\" \/>\n<link rel=\"canonical\" href=\"https:\/\/novoscuba.com\/de\/novoscuba-membership\/\" \/>\n<meta property=\"og:locale\" content=\"de_DE\" \/>\n<meta property=\"og:type\" content=\"article\" \/>\n<meta property=\"og:title\" content=\"NovoScuba Membership - NovoScuba\" \/>\n<meta property=\"og:description\" content=\"DiverTraining Redefined Get Started Already a subscriber? 2.15.1.0 Login Courses Get access to all our recreational diving courses Why pay expensive rates per course? With&hellip;\" \/>\n<meta property=\"og:url\" content=\"https:\/\/novoscuba.com\/de\/novoscuba-membership\/\" \/>\n<meta property=\"og:site_name\" content=\"NovoScuba\" \/>\n<meta property=\"article:publisher\" content=\"https:\/\/www.facebook.com\/novoscuba\" \/>\n<meta property=\"article:modified_time\" content=\"2025-05-24T06:14:35+00:00\" \/>\n<meta property=\"og:image\" content=\"http:\/\/cdn.novoscuba.com\/media\/2025\/05\/Home-Page-Top-1-scaled-1.webp\" \/>\n\t<meta property=\"og:image:width\" content=\"2560\" \/>\n\t<meta property=\"og:image:height\" content=\"1706\" \/>\n\t<meta property=\"og:image:type\" content=\"image\/webp\" \/>\n<meta name=\"twitter:card\" content=\"summary_large_image\" \/>\n<meta name=\"twitter:label1\" content=\"Gesch\u00e4tzte Lesezeit\" \/>\n\t<meta name=\"twitter:data1\" content=\"4\u00a0Minuten\" \/>\n<script type=\"application\/ld+json\" class=\"yoast-schema-graph\">{\"@context\":\"https:\\\/\\\/schema.org\",\"@graph\":[{\"@type\":\"WebPage\",\"@id\":\"https:\\\/\\\/novoscuba.com\\\/novoscuba-membership\\\/\",\"url\":\"https:\\\/\\\/novoscuba.com\\\/novoscuba-membership\\\/\",\"name\":\"NovoScuba Membership - NovoScuba\",\"isPartOf\":{\"@id\":\"https:\\\/\\\/novoscuba.com\\\/en_gb\\\/#website\"},\"primaryImageOfPage\":{\"@id\":\"https:\\\/\\\/novoscuba.com\\\/novoscuba-membership\\\/#primaryimage\"},\"image\":{\"@id\":\"https:\\\/\\\/novoscuba.com\\\/novoscuba-membership\\\/#primaryimage\"},\"thumbnailUrl\":\"https:\\\/\\\/novoscuba.com\\\/wp-content\\\/uploads\\\/2025\\\/05\\\/Home-Page-Top-1-scaled-1.webp\",\"datePublished\":\"2024-05-01T13:57:47+00:00\",\"dateModified\":\"2025-05-24T06:14:35+00:00\",\"breadcrumb\":{\"@id\":\"https:\\\/\\\/novoscuba.com\\\/novoscuba-membership\\\/#breadcrumb\"},\"inLanguage\":\"de\",\"potentialAction\":[{\"@type\":\"ReadAction\",\"target\":[\"https:\\\/\\\/novoscuba.com\\\/novoscuba-membership\\\/\"]}]},{\"@type\":\"ImageObject\",\"inLanguage\":\"de\",\"@id\":\"https:\\\/\\\/novoscuba.com\\\/novoscuba-membership\\\/#primaryimage\",\"url\":\"https:\\\/\\\/novoscuba.com\\\/wp-content\\\/uploads\\\/2025\\\/05\\\/Home-Page-Top-1-scaled-1.webp\",\"contentUrl\":\"https:\\\/\\\/novoscuba.com\\\/wp-content\\\/uploads\\\/2025\\\/05\\\/Home-Page-Top-1-scaled-1.webp\",\"width\":2560,\"height\":1706},{\"@type\":\"BreadcrumbList\",\"@id\":\"https:\\\/\\\/novoscuba.com\\\/novoscuba-membership\\\/#breadcrumb\",\"itemListElement\":[{\"@type\":\"ListItem\",\"position\":1,\"name\":\"Home\",\"item\":\"https:\\\/\\\/novoscuba.com\\\/\"},{\"@type\":\"ListItem\",\"position\":2,\"name\":\"NovoScuba Membership\"}]},{\"@type\":\"WebSite\",\"@id\":\"https:\\\/\\\/novoscuba.com\\\/en_gb\\\/#website\",\"url\":\"https:\\\/\\\/novoscuba.com\\\/en_gb\\\/\",\"name\":\"NovoScuba\",\"description\":\"Scuba Diving Redefined\",\"publisher\":{\"@id\":\"https:\\\/\\\/novoscuba.com\\\/en_gb\\\/#organization\"},\"potentialAction\":[{\"@type\":\"SearchAction\",\"target\":{\"@type\":\"EntryPoint\",\"urlTemplate\":\"https:\\\/\\\/novoscuba.com\\\/en_gb\\\/?s={search_term_string}\"},\"query-input\":{\"@type\":\"PropertyValueSpecification\",\"valueRequired\":true,\"valueName\":\"search_term_string\"}}],\"inLanguage\":\"de\"},{\"@type\":\"Organization\",\"@id\":\"https:\\\/\\\/novoscuba.com\\\/en_gb\\\/#organization\",\"name\":\"NovoScuba\",\"url\":\"https:\\\/\\\/novoscuba.com\\\/en_gb\\\/\",\"logo\":{\"@type\":\"ImageObject\",\"inLanguage\":\"de\",\"@id\":\"https:\\\/\\\/novoscuba.com\\\/en_gb\\\/#\\\/schema\\\/logo\\\/image\\\/\",\"url\":\"https:\\\/\\\/novoscuba.com\\\/wp-content\\\/uploads\\\/2025\\\/05\\\/NovoScuba-Logo_Dark-scaled.jpg\",\"contentUrl\":\"https:\\\/\\\/novoscuba.com\\\/wp-content\\\/uploads\\\/2025\\\/05\\\/NovoScuba-Logo_Dark-scaled.jpg\",\"width\":2560,\"height\":877,\"caption\":\"NovoScuba\"},\"image\":{\"@id\":\"https:\\\/\\\/novoscuba.com\\\/en_gb\\\/#\\\/schema\\\/logo\\\/image\\\/\"},\"sameAs\":[\"https:\\\/\\\/www.facebook.com\\\/novoscuba\"]}]}<\/script>\n<!-- \/ Yoast SEO plugin. -->","yoast_head_json":{"title":"NovoScuba-Mitgliedschaft - NovoScuba","robots":{"index":"index","follow":"follow","max-snippet":"max-snippet:-1","max-image-preview":"max-image-preview:large","max-video-preview":"max-video-preview:-1"},"canonical":"https:\/\/novoscuba.com\/de\/novoscuba-membership\/","og_locale":"de_DE","og_type":"article","og_title":"NovoScuba Membership - NovoScuba","og_description":"DiverTraining Redefined Get Started Already a subscriber? 2.15.1.0 Login Courses Get access to all our recreational diving courses Why pay expensive rates per course? With&hellip;","og_url":"https:\/\/novoscuba.com\/de\/novoscuba-membership\/","og_site_name":"NovoScuba","article_publisher":"https:\/\/www.facebook.com\/novoscuba","article_modified_time":"2025-05-24T06:14:35+00:00","og_image":[{"width":2560,"height":1706,"url":"cdn.novoscuba.com\/media\/2025\/05\/Home-Page-Top-1-scaled-1.webp","type":"image\/webp"}],"twitter_card":"summary_large_image","twitter_misc":{"Gesch\u00e4tzte Lesezeit":"4\u00a0Minuten"},"schema":{"@context":"https:\/\/schema.org","@graph":[{"@type":"WebPage","@id":"https:\/\/novoscuba.com\/novoscuba-membership\/","url":"https:\/\/novoscuba.com\/novoscuba-membership\/","name":"NovoScuba-Mitgliedschaft - NovoScuba","isPartOf":{"@id":"https:\/\/novoscuba.com\/en_gb\/#website"},"primaryImageOfPage":{"@id":"https:\/\/novoscuba.com\/novoscuba-membership\/#primaryimage"},"image":{"@id":"https:\/\/novoscuba.com\/novoscuba-membership\/#primaryimage"},"thumbnailUrl":"https:\/\/novoscuba.com\/wp-content\/uploads\/2025\/05\/Home-Page-Top-1-scaled-1.webp","datePublished":"2024-05-01T13:57:47+00:00","dateModified":"2025-05-24T06:14:35+00:00","breadcrumb":{"@id":"https:\/\/novoscuba.com\/novoscuba-membership\/#breadcrumb"},"inLanguage":"de","potentialAction":[{"@type":"ReadAction","target":["https:\/\/novoscuba.com\/novoscuba-membership\/"]}]},{"@type":"ImageObject","inLanguage":"de","@id":"https:\/\/novoscuba.com\/novoscuba-membership\/#primaryimage","url":"https:\/\/novoscuba.com\/wp-content\/uploads\/2025\/05\/Home-Page-Top-1-scaled-1.webp","contentUrl":"https:\/\/novoscuba.com\/wp-content\/uploads\/2025\/05\/Home-Page-Top-1-scaled-1.webp","width":2560,"height":1706},{"@type":"BreadcrumbList","@id":"https:\/\/novoscuba.com\/novoscuba-membership\/#breadcrumb","itemListElement":[{"@type":"ListItem","position":1,"name":"Home","item":"https:\/\/novoscuba.com\/"},{"@type":"ListItem","position":2,"name":"NovoScuba Membership"}]},{"@type":"WebSite","@id":"https:\/\/novoscuba.com\/en_gb\/#website","url":"https:\/\/novoscuba.com\/en_gb\/","name":"NovoScuba","description":"Tauchen neu definiert","publisher":{"@id":"https:\/\/novoscuba.com\/en_gb\/#organization"},"potentialAction":[{"@type":"SearchAction","target":{"@type":"EntryPoint","urlTemplate":"https:\/\/novoscuba.com\/en_gb\/?s={search_term_string}"},"query-input":{"@type":"PropertyValueSpecification","valueRequired":true,"valueName":"search_term_string"}}],"inLanguage":"de"},{"@type":"Organization","@id":"https:\/\/novoscuba.com\/en_gb\/#organization","name":"NovoScuba","url":"https:\/\/novoscuba.com\/en_gb\/","logo":{"@type":"ImageObject","inLanguage":"de","@id":"https:\/\/novoscuba.com\/en_gb\/#\/schema\/logo\/image\/","url":"https:\/\/novoscuba.com\/wp-content\/uploads\/2025\/05\/NovoScuba-Logo_Dark-scaled.jpg","contentUrl":"https:\/\/novoscuba.com\/wp-content\/uploads\/2025\/05\/NovoScuba-Logo_Dark-scaled.jpg","width":2560,"height":877,"caption":"NovoScuba"},"image":{"@id":"https:\/\/novoscuba.com\/en_gb\/#\/schema\/logo\/image\/"},"sameAs":["https:\/\/www.facebook.com\/novoscuba"]}]}},"_links":{"self":[{"href":"https:\/\/novoscuba.com\/de\/wp-json\/wp\/v2\/pages\/10595","targetHints":{"allow":["GET"]}}],"collection":[{"href":"https:\/\/novoscuba.com\/de\/wp-json\/wp\/v2\/pages"}],"about":[{"href":"https:\/\/novoscuba.com\/de\/wp-json\/wp\/v2\/types\/page"}],"author":[{"embeddable":true,"href":"https:\/\/novoscuba.com\/de\/wp-json\/wp\/v2\/users\/2"}],"replies":[{"embeddable":true,"href":"https:\/\/novoscuba.com\/de\/wp-json\/wp\/v2\/comments?post=10595"}],"version-history":[{"count":1,"href":"https:\/\/novoscuba.com\/de\/wp-json\/wp\/v2\/pages\/10595\/revisions"}],"predecessor-version":[{"id":10597,"href":"https:\/\/novoscuba.com\/de\/wp-json\/wp\/v2\/pages\/10595\/revisions\/10597"}],"wp:featuredmedia":[{"embeddable":true,"href":"https:\/\/novoscuba.com\/de\/wp-json\/wp\/v2\/media\/6691"}],"wp:attachment":[{"href":"https:\/\/novoscuba.com\/de\/wp-json\/wp\/v2\/media?parent=10595"}],"curies":[{"name":"wp","href":"https:\/\/api.w.org\/{rel}","templated":true}]}}